{"id":211849,"date":"2022-10-20T12:20:52","date_gmt":"2022-10-20T10:20:52","guid":{"rendered":"http:\/\/dev.claret.cat\/producte\/el-enemigo\/"},"modified":"2025-02-04T18:14:17","modified_gmt":"2025-02-04T17:14:17","slug":"el-enemigo-9788490567746","status":"publish","type":"product","link":"https:\/\/www.claret.cat\/es\/libro\/el-enemigo-9788490567746\/","title":{"rendered":"EL ENEMIGO"},"content":{"rendered":"<p>1990. A\u00f1o Nuevo. Jack Reacher es el oficial de guardia cuando el cad\u00e1ver de un militar es hallado en la cama de un motel barato. No es un militar cualquiera. Se trata de un general de dos estrellas. Por si eso no fuera suficientemente malo, Reacher va a encontrarse a la esposa del general. Este vertiginoso thriller es un salto atr\u00e1s en el tiempo. En El enemigo, Reacher es m\u00e1s joven y lleva placas de identificaci\u00f3n. Todav\u00eda cree en el ej\u00e9rcito. E impone la disciplina militar. Aunque solo sea con su particular forma pragm\u00e1tica&#8230;<\/p>\n","protected":false},"excerpt":{"rendered":"<p>CHILD , LEE<\/p>\n","protected":false},"featured_media":211850,"template":"","meta":{"_acf_changed":false,"om_disable_all_campaigns":false,"rs_blank_template":"","rs_page_bg_color":"","slide_template_v7":"","inline_featured_image":false,"_monsterinsights_skip_tracking":false,"_monsterinsights_sitenote_active":false,"_monsterinsights_sitenote_note":"","_monsterinsights_sitenote_category":0},"product_brand":[],"product_cat":[87,353],"product_tag":[],"class_list":{"0":"post-211849","1":"product","2":"type-product","3":"status-publish","4":"has-post-thumbnail","6":"product_cat-literatura","7":"product_cat-literatura-2_humanidades","9":"first","10":"instock","11":"taxable","12":"shipping-taxable","13":"purchasable","14":"product-type-simple"},"acf":{"autor":"CHILD , LEE","codart":"849056774","libros-coleccion":"FORA DE COL.LECCI\u00d3","ediciones":"1","encuadernacion":"Carton\u00e9","fecha_de_publicacion":"01\/04\/2017","novedad":"1","paginas":"506","subtitulo":"","orden":"0","portada":"0","idioma":"spa","editorial":[{"ID":148737,"post_author":"3","post_date":"2022-10-14 12:00:35","post_date_gmt":"2022-10-14 10:00:35","post_content":"","post_title":"RBA Libros","post_excerpt":"","post_status":"publish","comment_status":"closed","ping_status":"closed","post_password":"","post_name":"rba-libros","to_ping":"","pinged":"","post_modified":"2022-10-14 12:00:35","post_modified_gmt":"2022-10-14 10:00:35","post_content_filtered":"","post_parent":0,"guid":"http:\/\/dev.claret.cat\/editorial\/rba-libros\/","menu_order":0,"post_type":"editorial","post_mime_type":"","comment_count":"0","filter":"raw"}],"autores-libros":[{"ID":162076,"post_author":"3","post_date":"2022-10-14 17:28:10","post_date_gmt":"2022-10-14 15:28:10","post_content":"","post_title":"LEE CHILD","post_excerpt":"","post_status":"publish","comment_status":"closed","ping_status":"closed","post_password":"","post_name":"lee-child","to_ping":"","pinged":"","post_modified":"2022-10-14 17:28:10","post_modified_gmt":"2022-10-14 15:28:10","post_content_filtered":"","post_parent":0,"guid":"http:\/\/dev.claret.cat\/autor\/lee-child\/","menu_order":0,"post_type":"autor","post_mime_type":"","comment_count":"0","filter":"raw"}]},"aioseo_notices":[],"_links":{"self":[{"href":"https:\/\/www.claret.cat\/es\/wp-json\/wp\/v2\/product\/211849","targetHints":{"allow":["GET"]}}],"collection":[{"href":"https:\/\/www.claret.cat\/es\/wp-json\/wp\/v2\/product"}],"about":[{"href":"https:\/\/www.claret.cat\/es\/wp-json\/wp\/v2\/types\/product"}],"wp:featuredmedia":[{"embeddable":true,"href":"https:\/\/www.claret.cat\/es\/wp-json\/wp\/v2\/media\/211850"}],"wp:attachment":[{"href":"https:\/\/www.claret.cat\/es\/wp-json\/wp\/v2\/media?parent=211849"}],"wp:term":[{"taxonomy":"product_brand","embeddable":true,"href":"https:\/\/www.claret.cat\/es\/wp-json\/wp\/v2\/product_brand?post=211849"},{"taxonomy":"product_cat","embeddable":true,"href":"https:\/\/www.claret.cat\/es\/wp-json\/wp\/v2\/product_cat?post=211849"},{"taxonomy":"product_tag","embeddable":true,"href":"https:\/\/www.claret.cat\/es\/wp-json\/wp\/v2\/product_tag?post=211849"}],"curies":[{"name":"wp","href":"https:\/\/api.w.org\/{rel}","templated":true}]}}