{"id":211852,"date":"2022-10-20T12:20:56","date_gmt":"2022-10-20T10:20:56","guid":{"rendered":"http:\/\/dev.claret.cat\/producte\/yo-fui-johnny-thunders\/"},"modified":"2025-02-04T18:10:44","modified_gmt":"2025-02-04T17:10:44","slug":"yo-fui-johnny-thunders-9788490568095","status":"publish","type":"product","link":"https:\/\/www.claret.cat\/es\/libro\/yo-fui-johnny-thunders-9788490568095\/","title":{"rendered":"YO FUI JOHNNY THUNDERS"},"content":{"rendered":"<p>Francis, Mr. Frankie, decide regresar al lugar donde vivi\u00f3 las primeras cosas, a su barrio. Se march\u00f3 de all\u00ed persiguiendo su particular sue\u00f1o de rock&#8217;n&#8217;roll, que le llev\u00f3 a acariciar con la punta de sus dedos una fama t\u00f3xica y ef\u00edmera. Ahora Francis vuelve para dejar atr\u00e1s la miseria y la drogadicci\u00f3n. Pero su viejo barrio son ruinas por donde a\u00fan deambulan su padre, su medio hermana, su primera novia y alg\u00fan que otro amigo. Francis quiere empezar de nuevo y hacer las cosas bien. El problema son los atajos, las canciones de tres minutos, la imposibilidad de olvidar qui\u00e9n fue. Para Francis la l\u00ednea recta es la distancia m\u00e1s retorcida entre dos puntos. De momento, sus facturas y sus<br \/>noches no suele pagarlas \u00e9l, pero esa situaci\u00f3n no puede alargarse mucho m\u00e1s. Va a necesitar algo m\u00e1s que promesas para salir adelante.<\/p>\n","protected":false},"excerpt":{"rendered":"<p>ZANON GARCIA, CARLOS<\/p>\n","protected":false},"featured_media":211853,"template":"","meta":{"_acf_changed":false,"om_disable_all_campaigns":false,"rs_blank_template":"","rs_page_bg_color":"","slide_template_v7":"","inline_featured_image":false,"_monsterinsights_skip_tracking":false,"_monsterinsights_sitenote_active":false,"_monsterinsights_sitenote_note":"","_monsterinsights_sitenote_category":0},"product_brand":[],"product_cat":[87,353],"product_tag":[],"class_list":{"0":"post-211852","1":"product","2":"type-product","3":"status-publish","4":"has-post-thumbnail","6":"product_cat-literatura","7":"product_cat-literatura-2_humanidades","9":"first","10":"instock","11":"taxable","12":"shipping-taxable","13":"purchasable","14":"product-type-simple"},"acf":{"autor":"ZANON GARCIA, CARLOS","codart":"849056809","libros-coleccion":"FORA DE COL.LECCI\u00d3","ediciones":"1","encuadernacion":"Carton\u00e9","fecha_de_publicacion":"01\/04\/2017","novedad":"1","paginas":"316","subtitulo":"","orden":"0","portada":"0","idioma":"spa","editorial":[{"ID":148737,"post_author":"3","post_date":"2022-10-14 12:00:35","post_date_gmt":"2022-10-14 10:00:35","post_content":"","post_title":"RBA Libros","post_excerpt":"","post_status":"publish","comment_status":"closed","ping_status":"closed","post_password":"","post_name":"rba-libros","to_ping":"","pinged":"","post_modified":"2022-10-14 12:00:35","post_modified_gmt":"2022-10-14 10:00:35","post_content_filtered":"","post_parent":0,"guid":"http:\/\/dev.claret.cat\/editorial\/rba-libros\/","menu_order":0,"post_type":"editorial","post_mime_type":"","comment_count":"0","filter":"raw"}],"autores-libros":[{"ID":8302,"post_author":"3","post_date":"2022-09-30 09:47:33","post_date_gmt":"2022-09-30 07:47:33","post_content":"","post_title":"CARLOS ZANON GARCIA","post_excerpt":"","post_status":"publish","comment_status":"closed","ping_status":"closed","post_password":"","post_name":"carlos-zanon-garcia","to_ping":"","pinged":"","post_modified":"2022-09-30 09:47:33","post_modified_gmt":"2022-09-30 07:47:33","post_content_filtered":"","post_parent":0,"guid":"http:\/\/dev.claret.cat\/autor\/carlos-zanon-garcia\/","menu_order":0,"post_type":"autor","post_mime_type":"","comment_count":"0","filter":"raw"}]},"aioseo_notices":[],"_links":{"self":[{"href":"https:\/\/www.claret.cat\/es\/wp-json\/wp\/v2\/product\/211852","targetHints":{"allow":["GET"]}}],"collection":[{"href":"https:\/\/www.claret.cat\/es\/wp-json\/wp\/v2\/product"}],"about":[{"href":"https:\/\/www.claret.cat\/es\/wp-json\/wp\/v2\/types\/product"}],"wp:featuredmedia":[{"embeddable":true,"href":"https:\/\/www.claret.cat\/es\/wp-json\/wp\/v2\/media\/211853"}],"wp:attachment":[{"href":"https:\/\/www.claret.cat\/es\/wp-json\/wp\/v2\/media?parent=211852"}],"wp:term":[{"taxonomy":"product_brand","embeddable":true,"href":"https:\/\/www.claret.cat\/es\/wp-json\/wp\/v2\/product_brand?post=211852"},{"taxonomy":"product_cat","embeddable":true,"href":"https:\/\/www.claret.cat\/es\/wp-json\/wp\/v2\/product_cat?post=211852"},{"taxonomy":"product_tag","embeddable":true,"href":"https:\/\/www.claret.cat\/es\/wp-json\/wp\/v2\/product_tag?post=211852"}],"curies":[{"name":"wp","href":"https:\/\/api.w.org\/{rel}","templated":true}]}}