{"id":211945,"date":"2022-10-20T12:22:40","date_gmt":"2022-10-20T10:22:40","guid":{"rendered":"http:\/\/dev.claret.cat\/producte\/cuentos-franceses\/"},"modified":"2023-01-28T06:07:16","modified_gmt":"2023-01-28T05:07:16","slug":"cuentos-franceses-9788494687716","status":"publish","type":"product","link":"https:\/\/www.claret.cat\/es\/libro\/cuentos-franceses-9788494687716\/","title":{"rendered":"CUENTOS FRANCESES"},"content":{"rendered":"<p>Esta selecci\u00f3n de cuentos pretende ofrecer una introducci\u00f3n a algunos de los mejores escritores franceses del siglo XIX, todos ellos entre los mejores autores europeos y universales: Stendhal, Gautier, Merim\u00e9e, Flaubert, Verne y Zola. Son relatos accesibles a lectores de todas las edades y una buena manera de acercarse a la gran literatura francesa.<br \/> El arca y el fantasma, es probablemente uno de los mejores relatos de Stendhal: una historia de amor, suspense e intriga. El caballero doble de Gautier es brillante, un relato psicol\u00f3gico de una fuerza dif\u00edcil de igualar. De M\u00e9rim\u00e9e, uno de los grandes representantes del romanticismo franc\u00e9s, se ha elegido Tamango, un relato sobre el comercio de esclavos que el autor quiso denunciar. Al escribir Biblioman\u00eda, Flaubert se inspir\u00f3 en una cr\u00f3nica sobre un oscuro asunto ocurrido en Barcelona a un antiguo monje cisterciense, gran bibli\u00f3filo. Un homenaje al libro en s\u00ed, pues el enigm\u00e1tico Giacomo vive solo para los libros.<br \/> La jornada de un periodista americano en 2889 es uno de los relatos m\u00e1s interesantes de Verne: ciencia ficci\u00f3n, humor y una visi\u00f3n divertidamente futurista sobre el periodismo en el mundo del siglo XXIX, de plena actualidad. Por \u00faltimo El para\u00edso de los gatos de Zola, es una f\u00e1bula sobre la vida de esos buenos amigos de los hombres a los que el fil\u00f3sofo franc\u00e9s Taine, amigo de Zola, encontraba mucho m\u00e1s sabios que a los fil\u00f3sofos.<\/p>\n","protected":false},"excerpt":{"rendered":"<p>STENDHAL\/FLAUBERT, GUSTAVE\/VERNE, JULES\/M\u00c9RIM\u00c9E, PROSPER\/GAUTIER, TH\u00c9OPHILE<\/p>\n","protected":false},"featured_media":211946,"template":"","meta":{"_acf_changed":false,"om_disable_all_campaigns":false,"rs_blank_template":"","rs_page_bg_color":"","slide_template_v7":"","inline_featured_image":false,"_monsterinsights_skip_tracking":false,"_monsterinsights_sitenote_active":false,"_monsterinsights_sitenote_note":"","_monsterinsights_sitenote_category":0},"product_brand":[],"product_cat":[87],"product_tag":[],"class_list":{"0":"post-211945","1":"product","2":"type-product","3":"status-publish","4":"has-post-thumbnail","6":"product_cat-literatura","8":"first","9":"instock","10":"taxable","11":"shipping-taxable","12":"purchasable","13":"product-type-simple"},"acf":{"autor":"STENDHAL\/FLAUBERT, GUSTAVE\/VERNE, JULES\/M\u00c9RIM\u00c9E, PROSPER\/GAUTIER, TH\u00c9OPHILE","codart":"849468771","libros-coleccion":"FORA DE COL.LECCI\u00d3","ediciones":"1","encuadernacion":"R\u00fastica","fecha_de_publicacion":"01\/04\/2017","novedad":"1","paginas":"189","subtitulo":"STHENDAL, GAUTIER, M\u00c9RIM\u00c9E, FLAUBERT, VERNE Y ZOLA","orden":"0","portada":"0","idioma":"spa","editorial":[{"ID":148186,"post_author":"3","post_date":"2022-10-14 11:56:18","post_date_gmt":"2022-10-14 09:56:18","post_content":"","post_title":"Gadir Editorial","post_excerpt":"","post_status":"publish","comment_status":"closed","ping_status":"closed","post_password":"","post_name":"gadir-editorial","to_ping":"","pinged":"","post_modified":"2022-10-14 11:56:18","post_modified_gmt":"2022-10-14 09:56:18","post_content_filtered":"","post_parent":0,"guid":"http:\/\/dev.claret.cat\/editorial\/gadir-editorial\/","menu_order":0,"post_type":"editorial","post_mime_type":"","comment_count":"0","filter":"raw"}],"autores-libros":[{"ID":167430,"post_author":"3","post_date":"2022-10-14 18:11:08","post_date_gmt":"2022-10-14 16:11:08","post_content":"","post_title":"PROSPER MERIMEE","post_excerpt":"","post_status":"publish","comment_status":"closed","ping_status":"closed","post_password":"","post_name":"prosper-merimee","to_ping":"","pinged":"","post_modified":"2022-10-14 18:11:08","post_modified_gmt":"2022-10-14 16:11:08","post_content_filtered":"","post_parent":0,"guid":"http:\/\/dev.claret.cat\/autor\/prosper-merimee\/","menu_order":0,"post_type":"autor","post_mime_type":"","comment_count":"0","filter":"raw"},{"ID":157258,"post_author":"3","post_date":"2022-10-14 15:27:23","post_date_gmt":"2022-10-14 13:27:23","post_content":"","post_title":"GUSTAVE FLAUBERT","post_excerpt":"","post_status":"publish","comment_status":"closed","ping_status":"closed","post_password":"","post_name":"gustave-flaubert","to_ping":"","pinged":"","post_modified":"2022-10-14 15:27:23","post_modified_gmt":"2022-10-14 13:27:23","post_content_filtered":"","post_parent":0,"guid":"http:\/\/dev.claret.cat\/autor\/gustave-flaubert\/","menu_order":0,"post_type":"autor","post_mime_type":"","comment_count":"0","filter":"raw"},{"ID":169793,"post_author":"3","post_date":"2022-10-14 22:30:04","post_date_gmt":"2022-10-14 20:30:04","post_content":"","post_title":"STENDHAL","post_excerpt":"","post_status":"publish","comment_status":"closed","ping_status":"closed","post_password":"","post_name":"stendhal","to_ping":"","pinged":"","post_modified":"2022-10-14 22:30:04","post_modified_gmt":"2022-10-14 20:30:04","post_content_filtered":"","post_parent":0,"guid":"http:\/\/dev.claret.cat\/autor\/stendhal\/","menu_order":0,"post_type":"autor","post_mime_type":"","comment_count":"0","filter":"raw"},{"ID":161236,"post_author":"3","post_date":"2022-10-14 17:16:35","post_date_gmt":"2022-10-14 15:16:35","post_content":"","post_title":"JULES VERNE","post_excerpt":"","post_status":"publish","comment_status":"closed","ping_status":"closed","post_password":"","post_name":"jules-verne","to_ping":"","pinged":"","post_modified":"2022-10-14 17:16:35","post_modified_gmt":"2022-10-14 15:16:35","post_content_filtered":"","post_parent":0,"guid":"http:\/\/dev.claret.cat\/autor\/jules-verne\/","menu_order":0,"post_type":"autor","post_mime_type":"","comment_count":"0","filter":"raw"},{"ID":170305,"post_author":"3","post_date":"2022-10-14 22:34:15","post_date_gmt":"2022-10-14 20:34:15","post_content":"","post_title":"THEOPHILE GAUTIER","post_excerpt":"","post_status":"publish","comment_status":"closed","ping_status":"closed","post_password":"","post_name":"theophile-gautier","to_ping":"","pinged":"","post_modified":"2022-10-14 22:34:15","post_modified_gmt":"2022-10-14 20:34:15","post_content_filtered":"","post_parent":0,"guid":"http:\/\/dev.claret.cat\/autor\/theophile-gautier\/","menu_order":0,"post_type":"autor","post_mime_type":"","comment_count":"0","filter":"raw"}]},"aioseo_notices":[],"_links":{"self":[{"href":"https:\/\/www.claret.cat\/es\/wp-json\/wp\/v2\/product\/211945","targetHints":{"allow":["GET"]}}],"collection":[{"href":"https:\/\/www.claret.cat\/es\/wp-json\/wp\/v2\/product"}],"about":[{"href":"https:\/\/www.claret.cat\/es\/wp-json\/wp\/v2\/types\/product"}],"wp:featuredmedia":[{"embeddable":true,"href":"https:\/\/www.claret.cat\/es\/wp-json\/wp\/v2\/media\/211946"}],"wp:attachment":[{"href":"https:\/\/www.claret.cat\/es\/wp-json\/wp\/v2\/media?parent=211945"}],"wp:term":[{"taxonomy":"product_brand","embeddable":true,"href":"https:\/\/www.claret.cat\/es\/wp-json\/wp\/v2\/product_brand?post=211945"},{"taxonomy":"product_cat","embeddable":true,"href":"https:\/\/www.claret.cat\/es\/wp-json\/wp\/v2\/product_cat?post=211945"},{"taxonomy":"product_tag","embeddable":true,"href":"https:\/\/www.claret.cat\/es\/wp-json\/wp\/v2\/product_tag?post=211945"}],"curies":[{"name":"wp","href":"https:\/\/api.w.org\/{rel}","templated":true}]}}