{"id":212020,"date":"2022-10-20T12:24:04","date_gmt":"2022-10-20T10:24:04","guid":{"rendered":"http:\/\/dev.claret.cat\/producte\/la-fabulosa-taberna-de-mcsorley\/"},"modified":"2023-10-17T16:59:56","modified_gmt":"2023-10-17T14:59:56","slug":"la-fabulosa-taberna-de-mcsorley-9786079409685","status":"publish","type":"product","link":"https:\/\/www.claret.cat\/es\/libro\/la-fabulosa-taberna-de-mcsorley-9786079409685\/","title":{"rendered":"LA FABULOSA TABERNA DE MCSORLEY"},"content":{"rendered":"<p>Mujeres barbudas, gitanos, sibaritas, camareros, obreros indios, bohemios, visionarios, fan\u00e1ticos, impostores y toda clase de almas perdidas circulan en este recopilatorio de veintisiete cr\u00f3nicas publicadas en la secci\u00f3n del New Yorker dedicada a los perfiles de los personajes m\u00e1s ex\u00f3ticos de la ciudad. Personajes todos de carne y hueso que conforman un fresco extraordinario de las d\u00e9cadas 30 y 40 del siglo pasado, una \u00e9poca dorada en la que se fragu\u00f3 el gran crisol que fue y sigue siendo la ciudad de Nueva York.<\/p>\n","protected":false},"excerpt":{"rendered":"<p>JOSEPH MITCHELL<\/p>\n","protected":false},"featured_media":212021,"template":"","meta":{"_acf_changed":false,"om_disable_all_campaigns":false,"rs_blank_template":"","rs_page_bg_color":"","slide_template_v7":"","inline_featured_image":false,"_monsterinsights_skip_tracking":false,"_monsterinsights_sitenote_active":false,"_monsterinsights_sitenote_note":"","_monsterinsights_sitenote_category":0},"product_brand":[],"product_cat":[353,87],"product_tag":[],"class_list":{"0":"post-212020","1":"product","2":"type-product","3":"status-publish","4":"has-post-thumbnail","6":"product_cat-literatura-2_humanidades","7":"product_cat-literatura","9":"first","10":"instock","11":"taxable","12":"shipping-taxable","13":"purchasable","14":"product-type-simple"},"acf":{"autor":"JOSEPH MITCHELL","codart":"607940968","libros-coleccion":"","ediciones":"1","encuadernacion":"R\u00fastica","fecha_de_publicacion":"01\/04\/2017","novedad":"1","paginas":"460","subtitulo":"","orden":"0","portada":"0","idioma":"spa","editorial":[{"ID":262207,"post_author":"3","post_date":"2022-10-24 11:21:20","post_date_gmt":"2022-10-24 09:21:20","post_content":"","post_title":"Jus Editorial","post_excerpt":"","post_status":"publish","comment_status":"closed","ping_status":"closed","post_password":"","post_name":"jus-editorial","to_ping":"","pinged":"","post_modified":"2022-10-24 11:21:20","post_modified_gmt":"2022-10-24 09:21:20","post_content_filtered":"","post_parent":0,"guid":"http:\/\/dev.claret.cat\/editorial\/jus-editorial\/","menu_order":0,"post_type":"editorial","post_mime_type":"","comment_count":"0","filter":"raw"}],"autores-libros":[{"ID":424755,"post_author":"3","post_date":"2023-05-16 08:07:14","post_date_gmt":"2023-05-16 06:07:14","post_content":"","post_title":"JOSEPH MITCHELL","post_excerpt":"","post_status":"publish","comment_status":"closed","ping_status":"closed","post_password":"","post_name":"joseph-mitchell","to_ping":"","pinged":"","post_modified":"2023-05-16 08:07:14","post_modified_gmt":"2023-05-16 06:07:14","post_content_filtered":"","post_parent":0,"guid":"https:\/\/www.claret.cat\/autor\/joseph-mitchell\/","menu_order":0,"post_type":"autor","post_mime_type":"","comment_count":"0","filter":"raw"}]},"aioseo_notices":[],"_links":{"self":[{"href":"https:\/\/www.claret.cat\/es\/wp-json\/wp\/v2\/product\/212020","targetHints":{"allow":["GET"]}}],"collection":[{"href":"https:\/\/www.claret.cat\/es\/wp-json\/wp\/v2\/product"}],"about":[{"href":"https:\/\/www.claret.cat\/es\/wp-json\/wp\/v2\/types\/product"}],"wp:featuredmedia":[{"embeddable":true,"href":"https:\/\/www.claret.cat\/es\/wp-json\/wp\/v2\/media\/212021"}],"wp:attachment":[{"href":"https:\/\/www.claret.cat\/es\/wp-json\/wp\/v2\/media?parent=212020"}],"wp:term":[{"taxonomy":"product_brand","embeddable":true,"href":"https:\/\/www.claret.cat\/es\/wp-json\/wp\/v2\/product_brand?post=212020"},{"taxonomy":"product_cat","embeddable":true,"href":"https:\/\/www.claret.cat\/es\/wp-json\/wp\/v2\/product_cat?post=212020"},{"taxonomy":"product_tag","embeddable":true,"href":"https:\/\/www.claret.cat\/es\/wp-json\/wp\/v2\/product_tag?post=212020"}],"curies":[{"name":"wp","href":"https:\/\/api.w.org\/{rel}","templated":true}]}}