{"id":212209,"date":"2022-10-20T12:27:55","date_gmt":"2022-10-20T10:27:55","guid":{"rendered":"http:\/\/dev.claret.cat\/producte\/el-deporte-es-lo-peor-abajo-el-cole-2\/"},"modified":"2023-01-28T23:45:29","modified_gmt":"2023-01-28T22:45:29","slug":"el-deporte-es-lo-peor-abajo-el-cole-2-9788420485959","status":"publish","type":"product","link":"https:\/\/www.claret.cat\/es\/libro\/el-deporte-es-lo-peor-abajo-el-cole-2-9788420485959\/","title":{"rendered":"EL DEPORTE ES LO PEOR (\u00a1ABAJO EL COLE! 2)"},"content":{"rendered":"<p>Divi\u00e9rtete y aprende con los consejos de esta segunda entrega de \u00ab\u00a1Abajo el cole!\u00bb.Los chicos se van de campamento&#8230; prep\u00e1rate para troncharte con m\u00e1s  travesuras, l\u00edos y chistes de Hugo y sus amigos.Cuando eres Hugo:1.- Has ganado un campeonato de baloncesto con tus amigos, y os  vais a un resort de lujo que resulta ser, ejem ejem, un campamento casposo.2.- El plan de los entrenadores es obligaros \u00abamablemente\u00bb a  correr y a hacer flexiones hasta que se os salga el h\u00edgado por la boca. \u00a1Y, encima, os han requisado el m\u00f3vil!3.- Tu mejor amigo descubre la Pista Perdida de un legendario  juego de pistas con un premio MILLONARIO, pero necesit\u00e1is resolverlo en  los seis d\u00edas que dura el campamento y sin que nadie se entere. Es como si sobre vuestra cabeza se activara una cuenta atr\u00e1s.4.- Tu archienemigo es mutonto y pasa de la chica que te gusta, d\u00e1ndote la oportunidad de tu vida.5.- Y todos creen que, adem\u00e1s de ser bajito, est\u00e1s obsesionado con hacer listas, aunque, evidentemente, es mentira.Definitivamente&#8230; \u00a1VIVA EL DEPORTE!Porque, aunque seas un pringado y un soso como Hugo, tu amigo Javi  (\u00a1YO!) es un crack, y va a mejorarlo todo con sus chistacos para que este libro sea el M\u00c1S DIVERTIDO del MUNDO.<\/p>\n","protected":false},"excerpt":{"rendered":"<p>FRISA, MARIA<\/p>\n","protected":false},"featured_media":212210,"template":"","meta":{"_acf_changed":false,"om_disable_all_campaigns":false,"rs_blank_template":"","rs_page_bg_color":"","slide_template_v7":"","inline_featured_image":false,"_monsterinsights_skip_tracking":false,"_monsterinsights_sitenote_active":false,"_monsterinsights_sitenote_note":"","_monsterinsights_sitenote_category":0},"product_brand":[],"product_cat":[16],"product_tag":[],"class_list":{"0":"post-212209","1":"product","2":"type-product","3":"status-publish","4":"has-post-thumbnail","6":"product_cat-sense-categoria","8":"first","9":"instock","10":"taxable","11":"shipping-taxable","12":"purchasable","13":"product-type-simple"},"acf":{"autor":"FRISA, MARIA","codart":"842048595","libros-coleccion":"MIDDLE GRADE","ediciones":"1","encuadernacion":"Carton\u00e9","fecha_de_publicacion":"01\/04\/2017","novedad":"1","paginas":"239","subtitulo":"","orden":"0","portada":"0","idioma":"spa","editorial":[{"ID":6118,"post_author":"3","post_date":"2022-07-28 17:45:17","post_date_gmt":"2022-07-28 15:45:17","post_content":"","post_title":"ALFAGUARA","post_excerpt":"","post_status":"publish","comment_status":"closed","ping_status":"closed","post_password":"","post_name":"alfaguara","to_ping":"","pinged":"","post_modified":"2022-07-28 17:45:17","post_modified_gmt":"2022-07-28 15:45:17","post_content_filtered":"","post_parent":0,"guid":"http:\/\/dev.claret.cat\/editorial\/alfaguara\/","menu_order":0,"post_type":"editorial","post_mime_type":"","comment_count":"0","filter":"raw"}],"autores-libros":[{"ID":163623,"post_author":"3","post_date":"2022-10-14 17:40:31","post_date_gmt":"2022-10-14 15:40:31","post_content":"","post_title":"MAR\u00cdA FRISA","post_excerpt":"","post_status":"publish","comment_status":"closed","ping_status":"closed","post_password":"","post_name":"maria-frisa","to_ping":"","pinged":"","post_modified":"2022-10-14 17:40:31","post_modified_gmt":"2022-10-14 15:40:31","post_content_filtered":"","post_parent":0,"guid":"http:\/\/dev.claret.cat\/autor\/maria-frisa\/","menu_order":0,"post_type":"autor","post_mime_type":"","comment_count":"0","filter":"raw"}]},"aioseo_notices":[],"_links":{"self":[{"href":"https:\/\/www.claret.cat\/es\/wp-json\/wp\/v2\/product\/212209","targetHints":{"allow":["GET"]}}],"collection":[{"href":"https:\/\/www.claret.cat\/es\/wp-json\/wp\/v2\/product"}],"about":[{"href":"https:\/\/www.claret.cat\/es\/wp-json\/wp\/v2\/types\/product"}],"wp:featuredmedia":[{"embeddable":true,"href":"https:\/\/www.claret.cat\/es\/wp-json\/wp\/v2\/media\/212210"}],"wp:attachment":[{"href":"https:\/\/www.claret.cat\/es\/wp-json\/wp\/v2\/media?parent=212209"}],"wp:term":[{"taxonomy":"product_brand","embeddable":true,"href":"https:\/\/www.claret.cat\/es\/wp-json\/wp\/v2\/product_brand?post=212209"},{"taxonomy":"product_cat","embeddable":true,"href":"https:\/\/www.claret.cat\/es\/wp-json\/wp\/v2\/product_cat?post=212209"},{"taxonomy":"product_tag","embeddable":true,"href":"https:\/\/www.claret.cat\/es\/wp-json\/wp\/v2\/product_tag?post=212209"}],"curies":[{"name":"wp","href":"https:\/\/api.w.org\/{rel}","templated":true}]}}