{"id":212314,"date":"2022-10-20T12:30:06","date_gmt":"2022-10-20T10:30:06","guid":{"rendered":"http:\/\/dev.claret.cat\/producte\/mauricio-reunion-y-las-seychelles-1\/"},"modified":"2023-01-28T05:45:08","modified_gmt":"2023-01-28T04:45:08","slug":"mauricio-reunion-y-las-seychelles-1-9788408164715","status":"publish","type":"product","link":"https:\/\/www.claret.cat\/es\/libro\/mauricio-reunion-y-las-seychelles-1-9788408164715\/","title":{"rendered":"MAURICIO, REUNI\u00d3N Y LAS SEYCHELLES 1"},"content":{"rendered":"<p>Con paisajes excepcionales y playas id\u00edlicas, Mauricio, Reuni\u00f3n y las Seychelles brindan al viajero el mejor ant\u00eddoto a la melancol\u00eda invernal. Pero que nadie se lleve a enga\u00f1o, estas islas ofrecen mucho m\u00e1s que playas irresistibles en las que poder holgazanear a placer&#8230; con unas aguas repletas de peces e ideales para el buceo, sendas de monta\u00f1a rodeadas de naturaleza exuberante y un pasado colonial que ha dejado su huella en numerosas mansiones y museos, nadie saldr\u00e1 decepcionado. Con ayuda de esta gu\u00eda cualquier tipo de viajero podr\u00e1 disfrutar del viaje que desee y sacar el m\u00e1ximo partido a todo lo que estas id\u00edlicas islas pueden ofrecer.<\/p>\n","protected":false},"excerpt":{"rendered":"<p>HAM, ANTHONY \/ CARILLET, JEAN-BERNARD<\/p>\n","protected":false},"featured_media":212315,"template":"","meta":{"_acf_changed":false,"om_disable_all_campaigns":false,"rs_blank_template":"","rs_page_bg_color":"","slide_template_v7":"","inline_featured_image":false,"_monsterinsights_skip_tracking":false,"_monsterinsights_sitenote_active":false,"_monsterinsights_sitenote_note":"","_monsterinsights_sitenote_category":0},"product_brand":[],"product_cat":[107],"product_tag":[],"class_list":{"0":"post-212314","1":"product","2":"type-product","3":"status-publish","4":"has-post-thumbnail","6":"product_cat-guies-de-viatge","8":"first","9":"instock","10":"taxable","11":"shipping-taxable","12":"purchasable","13":"product-type-simple"},"acf":{"autor":"HAM, ANTHONY \/ CARILLET, JEAN-BERNARD","codart":"840816471","libros-coleccion":"FORA DE COL.LECCI\u00d3","ediciones":"1","encuadernacion":"R\u00fastica","fecha_de_publicacion":"01\/04\/2017","novedad":"1","paginas":"360","subtitulo":"","orden":"0","portada":"0","idioma":"spa","editorial":[{"ID":148207,"post_author":"3","post_date":"2022-10-14 11:56:28","post_date_gmt":"2022-10-14 09:56:28","post_content":"","post_title":"GeoPlaneta","post_excerpt":"","post_status":"publish","comment_status":"closed","ping_status":"closed","post_password":"","post_name":"geoplaneta","to_ping":"","pinged":"","post_modified":"2022-10-14 11:56:28","post_modified_gmt":"2022-10-14 09:56:28","post_content_filtered":"","post_parent":0,"guid":"http:\/\/dev.claret.cat\/editorial\/geoplaneta\/","menu_order":0,"post_type":"editorial","post_mime_type":"","comment_count":"0","filter":"raw"}],"autores-libros":[{"ID":158875,"post_author":"3","post_date":"2022-10-14 15:40:18","post_date_gmt":"2022-10-14 13:40:18","post_content":"","post_title":"JEAN-BERNARD CARILLET","post_excerpt":"","post_status":"publish","comment_status":"closed","ping_status":"closed","post_password":"","post_name":"jean-bernard-carillet","to_ping":"","pinged":"","post_modified":"2022-10-14 15:40:18","post_modified_gmt":"2022-10-14 13:40:18","post_content_filtered":"","post_parent":0,"guid":"http:\/\/dev.claret.cat\/autor\/jean-bernard-carillet\/","menu_order":0,"post_type":"autor","post_mime_type":"","comment_count":"0","filter":"raw"},{"ID":150770,"post_author":"3","post_date":"2022-10-14 14:35:36","post_date_gmt":"2022-10-14 12:35:36","post_content":"","post_title":"ANTHONY HAM","post_excerpt":"","post_status":"publish","comment_status":"closed","ping_status":"closed","post_password":"","post_name":"anthony-ham","to_ping":"","pinged":"","post_modified":"2022-10-14 14:35:36","post_modified_gmt":"2022-10-14 12:35:36","post_content_filtered":"","post_parent":0,"guid":"http:\/\/dev.claret.cat\/autor\/anthony-ham\/","menu_order":0,"post_type":"autor","post_mime_type":"","comment_count":"0","filter":"raw"}]},"aioseo_notices":[],"_links":{"self":[{"href":"https:\/\/www.claret.cat\/es\/wp-json\/wp\/v2\/product\/212314","targetHints":{"allow":["GET"]}}],"collection":[{"href":"https:\/\/www.claret.cat\/es\/wp-json\/wp\/v2\/product"}],"about":[{"href":"https:\/\/www.claret.cat\/es\/wp-json\/wp\/v2\/types\/product"}],"wp:featuredmedia":[{"embeddable":true,"href":"https:\/\/www.claret.cat\/es\/wp-json\/wp\/v2\/media\/212315"}],"wp:attachment":[{"href":"https:\/\/www.claret.cat\/es\/wp-json\/wp\/v2\/media?parent=212314"}],"wp:term":[{"taxonomy":"product_brand","embeddable":true,"href":"https:\/\/www.claret.cat\/es\/wp-json\/wp\/v2\/product_brand?post=212314"},{"taxonomy":"product_cat","embeddable":true,"href":"https:\/\/www.claret.cat\/es\/wp-json\/wp\/v2\/product_cat?post=212314"},{"taxonomy":"product_tag","embeddable":true,"href":"https:\/\/www.claret.cat\/es\/wp-json\/wp\/v2\/product_tag?post=212314"}],"curies":[{"name":"wp","href":"https:\/\/api.w.org\/{rel}","templated":true}]}}