{"id":212341,"date":"2022-10-20T12:30:40","date_gmt":"2022-10-20T10:30:40","guid":{"rendered":"http:\/\/dev.claret.cat\/producte\/puedo-borrarme-de-vampiro\/"},"modified":"2024-04-29T17:05:13","modified_gmt":"2024-04-29T15:05:13","slug":"puedo-borrarme-de-vampiro-9788491420545","status":"publish","type":"product","link":"https:\/\/www.claret.cat\/es\/libro\/puedo-borrarme-de-vampiro-9788491420545\/","title":{"rendered":"\u00bfPUEDO BORRARME DE VAMPIRO?"},"content":{"rendered":"<p>El joven Gl\u00f3bulo Rojo es un vampiro dispuesto a dejar de serlo que decide huir de su comunidad en un barco que se dirige al otro lado del Atl\u00e1ntico. En el viaje hacia su nuevo futuro, le acompa\u00f1ar\u00e1n sus amigos Oscura Luz y Tragacuellos. Pero en Nueva York.<\/p>\n","protected":false},"excerpt":{"rendered":"<p>LLAMERO CRESPO, BRAULIO<\/p>\n","protected":false},"featured_media":320730,"template":"","meta":{"_acf_changed":false,"om_disable_all_campaigns":false,"rs_blank_template":"","rs_page_bg_color":"","slide_template_v7":"","inline_featured_image":false,"_monsterinsights_skip_tracking":false,"_monsterinsights_sitenote_active":false,"_monsterinsights_sitenote_note":"","_monsterinsights_sitenote_category":0},"product_brand":[],"product_cat":[90,540],"product_tag":[],"class_list":{"0":"post-212341","1":"product","2":"type-product","3":"status-publish","4":"has-post-thumbnail","6":"product_cat-altres","7":"product_cat-otros","9":"first","10":"instock","11":"taxable","12":"shipping-taxable","13":"purchasable","14":"product-type-simple"},"acf":{"autor":"LLAMERO CRESPO, BRAULIO","codart":"849142054","libros-coleccion":"Calcet\u00edn","ediciones":"1","encuadernacion":"R\u00fastica","fecha_de_publicacion":"01\/04\/2017","novedad":"1","paginas":"133","subtitulo":"","orden":"0","portada":"0","idioma":"spa","editorial":[{"ID":147395,"post_author":"3","post_date":"2022-10-14 11:50:15","post_date_gmt":"2022-10-14 09:50:15","post_content":"","post_title":"ALGAR EDITORIAL","post_excerpt":"","post_status":"publish","comment_status":"closed","ping_status":"closed","post_password":"","post_name":"algar-editorial","to_ping":"","pinged":"","post_modified":"2022-10-14 11:50:15","post_modified_gmt":"2022-10-14 09:50:15","post_content_filtered":"","post_parent":0,"guid":"http:\/\/dev.claret.cat\/editorial\/algar-editorial\/","menu_order":0,"post_type":"editorial","post_mime_type":"","comment_count":"0","filter":"raw"}],"autores-libros":[{"ID":320729,"post_author":"3","post_date":"2023-01-03 00:43:36","post_date_gmt":"2023-01-02 23:43:36","post_content":"","post_title":"BRAULIO LLAMERO CRESPO","post_excerpt":"","post_status":"publish","comment_status":"closed","ping_status":"closed","post_password":"","post_name":"braulio-llamero-crespo","to_ping":"","pinged":"","post_modified":"2023-01-03 00:43:36","post_modified_gmt":"2023-01-02 23:43:36","post_content_filtered":"","post_parent":0,"guid":"https:\/\/www.claret.cat\/autor\/braulio-llamero-crespo\/","menu_order":0,"post_type":"autor","post_mime_type":"","comment_count":"0","filter":"raw"}]},"aioseo_notices":[],"_links":{"self":[{"href":"https:\/\/www.claret.cat\/es\/wp-json\/wp\/v2\/product\/212341","targetHints":{"allow":["GET"]}}],"collection":[{"href":"https:\/\/www.claret.cat\/es\/wp-json\/wp\/v2\/product"}],"about":[{"href":"https:\/\/www.claret.cat\/es\/wp-json\/wp\/v2\/types\/product"}],"wp:featuredmedia":[{"embeddable":true,"href":"https:\/\/www.claret.cat\/es\/wp-json\/wp\/v2\/media\/320730"}],"wp:attachment":[{"href":"https:\/\/www.claret.cat\/es\/wp-json\/wp\/v2\/media?parent=212341"}],"wp:term":[{"taxonomy":"product_brand","embeddable":true,"href":"https:\/\/www.claret.cat\/es\/wp-json\/wp\/v2\/product_brand?post=212341"},{"taxonomy":"product_cat","embeddable":true,"href":"https:\/\/www.claret.cat\/es\/wp-json\/wp\/v2\/product_cat?post=212341"},{"taxonomy":"product_tag","embeddable":true,"href":"https:\/\/www.claret.cat\/es\/wp-json\/wp\/v2\/product_tag?post=212341"}],"curies":[{"name":"wp","href":"https:\/\/api.w.org\/{rel}","templated":true}]}}