{"id":212359,"date":"2022-10-20T12:31:03","date_gmt":"2022-10-20T10:31:03","guid":{"rendered":"http:\/\/dev.claret.cat\/producte\/fraude-al-descubierto\/"},"modified":"2023-01-28T03:44:15","modified_gmt":"2023-01-28T02:44:15","slug":"fraude-al-descubierto-9788466339537","status":"publish","type":"product","link":"https:\/\/www.claret.cat\/es\/libro\/fraude-al-descubierto-9788466339537\/","title":{"rendered":"FRAUDE AL DESCUBIERTO"},"content":{"rendered":"<p>Mary Higgins Clark combina un esc\u00e1ndalo financiero con una historia  de enga\u00f1o y traici\u00f3n en esta apasionante novela escrita con la  legendaria y escalofriante habilidad que la ha convertido en la reina del suspense.Ayudante de una reputada interiorista y madre de una ni\u00f1a de cuatro  a\u00f1os, Lane Harmon est\u00e1 acostumbrada a entrar en casas de ensue\u00f1o.  Optimista de nacimiento, a Lane le resulta fascinante el mero hecho de  poder echar un vistazo a estos mundos tan ajenos al suyo y  disfruta con  la recompensa de sobrepasar las expectativas de sus exigentes clientes.  Cuando su jefa le encarga la redecoraci\u00f3n de una modesta finca sabe que  es algo inusual. Pronto descubre que la casa pertenece a la mujer de un  financiero de mala reputaci\u00f3n y ca\u00eddo en desgracia llamado Parker Bennett.Bennett desapareci\u00f3 dos a\u00f1os atr\u00e1s mientras navegada en su velero por el  Caribe, justo antes de que saliera a la luz que los fondos  que  gestionaba se hab\u00edan esfumado. \u00bfFue un suicidio o hab\u00eda tramado su desaparici\u00f3n?Lane queda conmovida tras conocer a la se\u00f1ora Bennett, calmada y  aparentemente convencida sobre la honradez de su marido, y al hijo,  Eric, decidido a probar la inocencia de su padre. Lo que Lane no sabe es  que cuanto m\u00e1s se acerca a los Bennett m\u00e1s pone en riesgo  su vida y la de su hija.Rese\u00f1a:<br \/>\u00abUna novela fant\u00e1stica. Mary Higgins Clark mantiene fascinados a sus lectores.\u00bb<br \/>Publishers Weekly<\/p>\n","protected":false},"excerpt":{"rendered":"<p>HIGGINS CLARK, MARY<\/p>\n","protected":false},"featured_media":212360,"template":"","meta":{"_acf_changed":false,"om_disable_all_campaigns":false,"rs_blank_template":"","rs_page_bg_color":"","slide_template_v7":"","inline_featured_image":false,"_monsterinsights_skip_tracking":false,"_monsterinsights_sitenote_active":false,"_monsterinsights_sitenote_note":"","_monsterinsights_sitenote_category":0},"product_brand":[],"product_cat":[87],"product_tag":[],"class_list":{"0":"post-212359","1":"product","2":"type-product","3":"status-publish","4":"has-post-thumbnail","6":"product_cat-literatura","8":"first","9":"instock","10":"taxable","11":"shipping-taxable","12":"purchasable","13":"product-type-simple"},"acf":{"autor":"HIGGINS CLARK, MARY","codart":"846633953","libros-coleccion":"SUSHI BOOKS","ediciones":"1","encuadernacion":"R\u00fastica","fecha_de_publicacion":"01\/04\/2017","novedad":"1","paginas":"284","subtitulo":"","orden":"0","portada":"0","idioma":"spa","editorial":[{"ID":6178,"post_author":"3","post_date":"2022-07-28 17:46:34","post_date_gmt":"2022-07-28 15:46:34","post_content":"","post_title":"DEBOLSILLO","post_excerpt":"","post_status":"publish","comment_status":"closed","ping_status":"closed","post_password":"","post_name":"debolsillo","to_ping":"","pinged":"","post_modified":"2022-07-28 17:46:34","post_modified_gmt":"2022-07-28 15:46:34","post_content_filtered":"","post_parent":0,"guid":"http:\/\/dev.claret.cat\/editorial\/debolsillo\/","menu_order":0,"post_type":"editorial","post_mime_type":"","comment_count":"0","filter":"raw"}],"autores-libros":[{"ID":164361,"post_author":"3","post_date":"2022-10-14 17:46:27","post_date_gmt":"2022-10-14 15:46:27","post_content":"","post_title":"MARY HIGGINS CLARK","post_excerpt":"","post_status":"publish","comment_status":"closed","ping_status":"closed","post_password":"","post_name":"mary-higgins-clark","to_ping":"","pinged":"","post_modified":"2022-10-14 17:46:27","post_modified_gmt":"2022-10-14 15:46:27","post_content_filtered":"","post_parent":0,"guid":"http:\/\/dev.claret.cat\/autor\/mary-higgins-clark\/","menu_order":0,"post_type":"autor","post_mime_type":"","comment_count":"0","filter":"raw"}]},"aioseo_notices":[],"_links":{"self":[{"href":"https:\/\/www.claret.cat\/es\/wp-json\/wp\/v2\/product\/212359","targetHints":{"allow":["GET"]}}],"collection":[{"href":"https:\/\/www.claret.cat\/es\/wp-json\/wp\/v2\/product"}],"about":[{"href":"https:\/\/www.claret.cat\/es\/wp-json\/wp\/v2\/types\/product"}],"wp:featuredmedia":[{"embeddable":true,"href":"https:\/\/www.claret.cat\/es\/wp-json\/wp\/v2\/media\/212360"}],"wp:attachment":[{"href":"https:\/\/www.claret.cat\/es\/wp-json\/wp\/v2\/media?parent=212359"}],"wp:term":[{"taxonomy":"product_brand","embeddable":true,"href":"https:\/\/www.claret.cat\/es\/wp-json\/wp\/v2\/product_brand?post=212359"},{"taxonomy":"product_cat","embeddable":true,"href":"https:\/\/www.claret.cat\/es\/wp-json\/wp\/v2\/product_cat?post=212359"},{"taxonomy":"product_tag","embeddable":true,"href":"https:\/\/www.claret.cat\/es\/wp-json\/wp\/v2\/product_tag?post=212359"}],"curies":[{"name":"wp","href":"https:\/\/api.w.org\/{rel}","templated":true}]}}