{"id":212419,"date":"2022-10-20T12:32:23","date_gmt":"2022-10-20T10:32:23","guid":{"rendered":"http:\/\/dev.claret.cat\/producte\/verduras-de-temporada\/"},"modified":"2023-01-28T17:13:57","modified_gmt":"2023-01-28T16:13:57","slug":"verduras-de-temporada-9788416890026","status":"publish","type":"product","link":"https:\/\/www.claret.cat\/es\/libro\/verduras-de-temporada-9788416890026\/","title":{"rendered":"VERDURAS DE TEMPORADA"},"content":{"rendered":"<p>Este libro nace de una idea muy simple: nos alimentamos mejor cuando comemos en consonancia con la naturaleza. Cuanto m\u00e1s presente est\u00e9 la naturaleza en el plato, m\u00e1s placentero ser\u00e1 este. Por ello, aqu\u00ed te proporcionamos las claves para escoger las mejores frutas y verduras de temporada y para elaborar recetas infalibles, f\u00e1ciles y r\u00e1pidas que respetan el ritmo de las estaciones.Todos los nutricionistas est\u00e1n de acuerdo: las verduras son beneficiosas para la salud. \u00a1Disfruta de sus propiedades en el momento m\u00e1s adecuado!<\/p>\n","protected":false},"excerpt":{"rendered":"<p>EXKI<\/p>\n","protected":false},"featured_media":212420,"template":"","meta":{"_acf_changed":false,"om_disable_all_campaigns":false,"rs_blank_template":"","rs_page_bg_color":"","slide_template_v7":"","inline_featured_image":false,"_monsterinsights_skip_tracking":false,"_monsterinsights_sitenote_active":false,"_monsterinsights_sitenote_note":"","_monsterinsights_sitenote_category":0},"product_brand":[],"product_cat":[103],"product_tag":[],"class_list":{"0":"post-212419","1":"product","2":"type-product","3":"status-publish","4":"has-post-thumbnail","6":"product_cat-cuina","8":"first","9":"instock","10":"taxable","11":"shipping-taxable","12":"purchasable","13":"product-type-simple"},"acf":{"autor":"EXKI","codart":"841689002","libros-coleccion":"FORA DE COL.LECCI\u00d3","ediciones":"1","encuadernacion":"R\u00fastica","fecha_de_publicacion":"01\/04\/2017","novedad":"1","paginas":"143","subtitulo":"COCINA SIGUIENDO EL RITMO DE LAS ESTACIONES","orden":"0","portada":"0","idioma":"spa","editorial":[{"ID":148476,"post_author":"3","post_date":"2022-10-14 11:58:32","post_date_gmt":"2022-10-14 09:58:32","post_content":"","post_title":"Lunwerg Editores","post_excerpt":"","post_status":"publish","comment_status":"closed","ping_status":"closed","post_password":"","post_name":"lunwerg-editores","to_ping":"","pinged":"","post_modified":"2022-10-14 11:58:32","post_modified_gmt":"2022-10-14 09:58:32","post_content_filtered":"","post_parent":0,"guid":"http:\/\/dev.claret.cat\/editorial\/lunwerg-editores\/","menu_order":0,"post_type":"editorial","post_mime_type":"","comment_count":"0","filter":"raw"}]},"aioseo_notices":[],"_links":{"self":[{"href":"https:\/\/www.claret.cat\/es\/wp-json\/wp\/v2\/product\/212419","targetHints":{"allow":["GET"]}}],"collection":[{"href":"https:\/\/www.claret.cat\/es\/wp-json\/wp\/v2\/product"}],"about":[{"href":"https:\/\/www.claret.cat\/es\/wp-json\/wp\/v2\/types\/product"}],"wp:featuredmedia":[{"embeddable":true,"href":"https:\/\/www.claret.cat\/es\/wp-json\/wp\/v2\/media\/212420"}],"wp:attachment":[{"href":"https:\/\/www.claret.cat\/es\/wp-json\/wp\/v2\/media?parent=212419"}],"wp:term":[{"taxonomy":"product_brand","embeddable":true,"href":"https:\/\/www.claret.cat\/es\/wp-json\/wp\/v2\/product_brand?post=212419"},{"taxonomy":"product_cat","embeddable":true,"href":"https:\/\/www.claret.cat\/es\/wp-json\/wp\/v2\/product_cat?post=212419"},{"taxonomy":"product_tag","embeddable":true,"href":"https:\/\/www.claret.cat\/es\/wp-json\/wp\/v2\/product_tag?post=212419"}],"curies":[{"name":"wp","href":"https:\/\/api.w.org\/{rel}","templated":true}]}}