{"id":21250,"date":"2022-10-02T09:30:22","date_gmt":"2022-10-02T07:30:22","guid":{"rendered":"http:\/\/dev.claret.cat\/producte\/valores-de-oro\/"},"modified":"2023-01-28T03:11:20","modified_gmt":"2023-01-28T02:11:20","slug":"valores-de-oro-9788494151323","status":"publish","type":"product","link":"https:\/\/www.claret.cat\/es\/libro\/valores-de-oro-9788494151323\/","title":{"rendered":"VALORES DE ORO"},"content":{"rendered":"<p>Todos los seres humanos tenemos cualidades. Algunas son f\u00edsicas, como la resistencia; otras tienen que ver con nuestro car\u00e1cter, como la paciencia. Unas son m\u00e1s visibles, como la creatividad; otras pasan m\u00e1s desapercibidas, como la sencillez.<br \/>Te proponemos que recorras, de la mano de once futbolistas de diferentes generaciones, veintid\u00f3s de esas cualidades, que ellos han convertido en valores de oro&#8230; porque sirven para alcanzar cualquier sue\u00f1o.<\/p>\n","protected":false},"excerpt":{"rendered":"<p>N\u00da\u00d1EZ PEREIRA, CRISTINA \/ R. VALC\u00c1RCEL, RAFAEL<\/p>\n","protected":false},"featured_media":71488,"template":"","meta":{"_acf_changed":false,"om_disable_all_campaigns":false,"rs_blank_template":"","rs_page_bg_color":"","slide_template_v7":"","inline_featured_image":false,"_monsterinsights_skip_tracking":false,"_monsterinsights_sitenote_active":false,"_monsterinsights_sitenote_note":"","_monsterinsights_sitenote_category":0},"product_brand":[],"product_cat":[81],"product_tag":[],"class_list":{"0":"post-21250","1":"product","2":"type-product","3":"status-publish","4":"has-post-thumbnail","6":"product_cat-psicologia","8":"first","9":"instock","10":"taxable","11":"shipping-taxable","12":"purchasable","13":"product-type-simple"},"acf":{"autor":"N\u00da\u00d1EZ PEREIRA, CRISTINA \/ R. VALC\u00c1RCEL, RAFAEL","codart":"849415132","libros-coleccion":"SUSHI BOOKS","ediciones":"1","encuadernacion":"Carton\u00e9","fecha_de_publicacion":"01\/03\/2014","novedad":"0","paginas":"80","subtitulo":"COMO CRISTIANO, LEO Y OTROS 9 NI\u00d1OS ALCANZARON SU SUE\u00d1O","orden":"0","portada":"0","idioma":"spa","editorial":[{"ID":148625,"post_author":"3","post_date":"2022-10-14 11:59:43","post_date_gmt":"2022-10-14 09:59:43","post_content":"","post_title":"PALABRAS ALADAS","post_excerpt":"","post_status":"publish","comment_status":"closed","ping_status":"closed","post_password":"","post_name":"palabras-aladas","to_ping":"","pinged":"","post_modified":"2022-10-14 11:59:43","post_modified_gmt":"2022-10-14 09:59:43","post_content_filtered":"","post_parent":0,"guid":"http:\/\/dev.claret.cat\/editorial\/palabras-aladas\/","menu_order":0,"post_type":"editorial","post_mime_type":"","comment_count":"0","filter":"raw"}],"autores-libros":[{"ID":167609,"post_author":"3","post_date":"2022-10-14 18:12:34","post_date_gmt":"2022-10-14 16:12:34","post_content":"","post_title":"RAFAEL R. VALC\u00c1RCEL","post_excerpt":"","post_status":"publish","comment_status":"closed","ping_status":"closed","post_password":"","post_name":"rafael-r-valcarcel","to_ping":"","pinged":"","post_modified":"2022-10-14 18:12:34","post_modified_gmt":"2022-10-14 16:12:34","post_content_filtered":"","post_parent":0,"guid":"http:\/\/dev.claret.cat\/autor\/rafael-r-valcarcel\/","menu_order":0,"post_type":"autor","post_mime_type":"","comment_count":"0","filter":"raw"},{"ID":153376,"post_author":"3","post_date":"2022-10-14 14:56:17","post_date_gmt":"2022-10-14 12:56:17","post_content":"","post_title":"CRISTINA N\u00da\u00d1EZ PEREIRA","post_excerpt":"","post_status":"publish","comment_status":"closed","ping_status":"closed","post_password":"","post_name":"cristina-nunez-pereira","to_ping":"","pinged":"","post_modified":"2022-10-14 14:56:17","post_modified_gmt":"2022-10-14 12:56:17","post_content_filtered":"","post_parent":0,"guid":"http:\/\/dev.claret.cat\/autor\/cristina-nunez-pereira\/","menu_order":0,"post_type":"autor","post_mime_type":"","comment_count":"0","filter":"raw"}]},"aioseo_notices":[],"_links":{"self":[{"href":"https:\/\/www.claret.cat\/es\/wp-json\/wp\/v2\/product\/21250","targetHints":{"allow":["GET"]}}],"collection":[{"href":"https:\/\/www.claret.cat\/es\/wp-json\/wp\/v2\/product"}],"about":[{"href":"https:\/\/www.claret.cat\/es\/wp-json\/wp\/v2\/types\/product"}],"wp:featuredmedia":[{"embeddable":true,"href":"https:\/\/www.claret.cat\/es\/wp-json\/wp\/v2\/media\/71488"}],"wp:attachment":[{"href":"https:\/\/www.claret.cat\/es\/wp-json\/wp\/v2\/media?parent=21250"}],"wp:term":[{"taxonomy":"product_brand","embeddable":true,"href":"https:\/\/www.claret.cat\/es\/wp-json\/wp\/v2\/product_brand?post=21250"},{"taxonomy":"product_cat","embeddable":true,"href":"https:\/\/www.claret.cat\/es\/wp-json\/wp\/v2\/product_cat?post=21250"},{"taxonomy":"product_tag","embeddable":true,"href":"https:\/\/www.claret.cat\/es\/wp-json\/wp\/v2\/product_tag?post=21250"}],"curies":[{"name":"wp","href":"https:\/\/api.w.org\/{rel}","templated":true}]}}