{"id":212614,"date":"2022-10-20T12:38:20","date_gmt":"2022-10-20T10:38:20","guid":{"rendered":"http:\/\/dev.claret.cat\/producte\/los-hollister-5-los-hollister-y-el-idolo-misterioso\/"},"modified":"2025-04-07T12:58:16","modified_gmt":"2025-04-07T10:58:16","slug":"los-hollister-5-los-hollister-y-el-idolo-misterioso-9788427208605","status":"publish","type":"product","link":"https:\/\/www.claret.cat\/es\/libro\/los-hollister-5-los-hollister-y-el-idolo-misterioso-9788427208605\/","title":{"rendered":"LOS HOLLISTER 5. LOS HOLLISTER Y EL IDOLO MISTERIOSO"},"content":{"rendered":"<p>\u00a1Qu\u00e9 emoci\u00f3n! El t\u00edo Russ acaba de invitar a los Hollister a la salvaje Alaska. All\u00ed, acompa\u00f1ados de sus primos y de nuevos amigos, los hermanos vivir\u00e1n una trepidante aventura en busca de un antiguo t\u00f3tem indio que, seg\u00fan dice la leyenda, oculta la pista de un tesoro&#8230; \u00bfSer\u00e1 verdad?<\/p>\n","protected":false},"excerpt":{"rendered":"<p>WEST , JERRY<\/p>\n","protected":false},"featured_media":212615,"template":"","meta":{"_acf_changed":false,"om_disable_all_campaigns":false,"rs_blank_template":"","rs_page_bg_color":"","slide_template_v7":"","inline_featured_image":false,"_monsterinsights_skip_tracking":false,"_monsterinsights_sitenote_active":false,"_monsterinsights_sitenote_note":"","_monsterinsights_sitenote_category":0},"product_brand":[],"product_cat":[90,540],"product_tag":[],"class_list":{"0":"post-212614","1":"product","2":"type-product","3":"status-publish","4":"has-post-thumbnail","6":"product_cat-altres","7":"product_cat-otros","9":"first","10":"instock","11":"taxable","12":"shipping-taxable","13":"purchasable","14":"product-type-simple"},"acf":{"autor":"WEST , JERRY","codart":"842720860","libros-coleccion":"SUSHI BOOKS","ediciones":"1","encuadernacion":"Carton\u00e9","fecha_de_publicacion":"01\/04\/2017","novedad":"1","paginas":"203","subtitulo":"","orden":"0","portada":"0","idioma":"spa","editorial":[{"ID":6346,"post_author":"3","post_date":"2022-07-28 17:50:13","post_date_gmt":"2022-07-28 15:50:13","post_content":"","post_title":"RBA Molino","post_excerpt":"","post_status":"publish","comment_status":"closed","ping_status":"closed","post_password":"","post_name":"rba-molino","to_ping":"","pinged":"","post_modified":"2022-07-28 17:50:13","post_modified_gmt":"2022-07-28 15:50:13","post_content_filtered":"","post_parent":0,"guid":"http:\/\/dev.claret.cat\/editorial\/rba-molino\/","menu_order":0,"post_type":"editorial","post_mime_type":"","comment_count":"0","filter":"raw"}],"autores-libros":[{"ID":159049,"post_author":"3","post_date":"2022-10-14 15:41:41","post_date_gmt":"2022-10-14 13:41:41","post_content":"","post_title":"JERRY WEST","post_excerpt":"","post_status":"publish","comment_status":"closed","ping_status":"closed","post_password":"","post_name":"jerry-west","to_ping":"","pinged":"","post_modified":"2022-10-14 15:41:41","post_modified_gmt":"2022-10-14 13:41:41","post_content_filtered":"","post_parent":0,"guid":"http:\/\/dev.claret.cat\/autor\/jerry-west\/","menu_order":0,"post_type":"autor","post_mime_type":"","comment_count":"0","filter":"raw"}]},"aioseo_notices":[],"_links":{"self":[{"href":"https:\/\/www.claret.cat\/es\/wp-json\/wp\/v2\/product\/212614","targetHints":{"allow":["GET"]}}],"collection":[{"href":"https:\/\/www.claret.cat\/es\/wp-json\/wp\/v2\/product"}],"about":[{"href":"https:\/\/www.claret.cat\/es\/wp-json\/wp\/v2\/types\/product"}],"wp:featuredmedia":[{"embeddable":true,"href":"https:\/\/www.claret.cat\/es\/wp-json\/wp\/v2\/media\/212615"}],"wp:attachment":[{"href":"https:\/\/www.claret.cat\/es\/wp-json\/wp\/v2\/media?parent=212614"}],"wp:term":[{"taxonomy":"product_brand","embeddable":true,"href":"https:\/\/www.claret.cat\/es\/wp-json\/wp\/v2\/product_brand?post=212614"},{"taxonomy":"product_cat","embeddable":true,"href":"https:\/\/www.claret.cat\/es\/wp-json\/wp\/v2\/product_cat?post=212614"},{"taxonomy":"product_tag","embeddable":true,"href":"https:\/\/www.claret.cat\/es\/wp-json\/wp\/v2\/product_tag?post=212614"}],"curies":[{"name":"wp","href":"https:\/\/api.w.org\/{rel}","templated":true}]}}