{"id":212641,"date":"2022-10-20T12:38:54","date_gmt":"2022-10-20T10:38:54","guid":{"rendered":"http:\/\/dev.claret.cat\/producte\/youcat-biblia\/"},"modified":"2026-01-07T17:30:15","modified_gmt":"2026-01-07T16:30:15","slug":"youcat-biblia-9788490551820","status":"publish","type":"product","link":"https:\/\/www.claret.cat\/es\/libro\/youcat-biblia-9788490551820\/","title":{"rendered":"YOUCAT: BIBLIA"},"content":{"rendered":"<p>YouCat Biblia, la Biblia joven de la Iglesia cat\u00f3lica, est\u00e1 confeccionada por una rigurosa selecci\u00f3n de textos del Antiguo y del Nuevo Testamento con la que se recorren los acontecimientos m\u00e1s significativos de la historia de la salvaci\u00f3n.<br \/>YouCat Biblia ha sido concebida para dar el texto b\u00edblico de forma entendible y amena a los j\u00f3venes de hoy. Para ello, muestra en sus textos una amplia cantidad de materiales para favorecer la lectura y comprensi\u00f3n del texto, tales como una introducci\u00f3n a cada uno de los libros b\u00edblicos, gran cantidad de notas aclaratorias, citas de santos, papas y personalidades de todo tipo, decenas de testimonios de j\u00f3venes de todas partes y continuas referencias al YouCat, Catecismo joven de la Iglesia cat\u00f3lica. Todo esto acompa\u00f1ado de un sinf\u00edn de fotograf\u00edas a todo color e ilustraciones.<br \/>El libro se inicia con un pr\u00f3logo del papa Francisco en el que invita a los j\u00f3venes de todo el mundo a la lectura de la obra: \u00abEsta Biblia para j\u00f3venes que tienen en sus manos me agrada mucho. Es tan colorida, tiene testimonios tan ricos &#8211;de santos, de j\u00f3venes&#8211; que invita a comenzar a leerla desde el principio y solo dejarla al terminar la \u00faltima p\u00e1gina\u00bb.<\/p>\n","protected":false},"excerpt":{"rendered":"<p>LANGER,MICHAEL (COORDINADOR)<\/p>\n","protected":false},"featured_media":964823,"template":"","meta":{"_acf_changed":false,"om_disable_all_campaigns":false,"rs_blank_template":"","rs_page_bg_color":"","slide_template_v7":"","inline_featured_image":false,"_monsterinsights_skip_tracking":false,"_monsterinsights_sitenote_active":false,"_monsterinsights_sitenote_note":"","_monsterinsights_sitenote_category":0},"product_brand":[],"product_cat":[75,341,352,86],"product_tag":[],"class_list":{"0":"post-212641","1":"product","2":"type-product","3":"status-publish","4":"has-post-thumbnail","6":"product_cat-biblia","7":"product_cat-biblia-es","8":"product_cat-infantil-3_infantil-juvenil-spa","9":"product_cat-infantil","11":"first","12":"instock","13":"taxable","14":"shipping-taxable","15":"purchasable","16":"product-type-simple"},"acf":{"autor":"LANGER,MICHAEL (COORDINADOR)","codart":"849055182","libros-coleccion":"FORA DE COL.LECCI\u00d3","ediciones":"1","encuadernacion":"Carpeta","fecha_de_publicacion":"01\/04\/2017","novedad":"1","paginas":"429","subtitulo":"BIBLIA JOVEN DE LA IGLESIA CATOLICA","orden":"0","portada":"0","idioma":"spa","editorial":[{"ID":148092,"post_author":"3","post_date":"2022-10-14 11:55:34","post_date_gmt":"2022-10-14 09:55:34","post_content":"","post_title":"Encuentro","post_excerpt":"","post_status":"publish","comment_status":"closed","ping_status":"closed","post_password":"","post_name":"encuentro","to_ping":"","pinged":"","post_modified":"2022-10-14 11:55:34","post_modified_gmt":"2022-10-14 09:55:34","post_content_filtered":"","post_parent":0,"guid":"http:\/\/dev.claret.cat\/editorial\/encuentro\/","menu_order":0,"post_type":"editorial","post_mime_type":"","comment_count":"0","filter":"raw"}],"autores-libros":[{"ID":419672,"post_author":"3","post_date":"2023-05-12 13:00:14","post_date_gmt":"2023-05-12 11:00:14","post_content":"","post_title":"MICHAEL (COORDINADOR) LANGER","post_excerpt":"","post_status":"publish","comment_status":"closed","ping_status":"closed","post_password":"","post_name":"michael-coordinador-langer","to_ping":"","pinged":"","post_modified":"2023-05-12 13:00:14","post_modified_gmt":"2023-05-12 11:00:14","post_content_filtered":"","post_parent":0,"guid":"https:\/\/www.claret.cat\/autor\/michael-coordinador-langer\/","menu_order":0,"post_type":"autor","post_mime_type":"","comment_count":"0","filter":"raw"}],"booktrailer":"","resenas":""},"aioseo_notices":[],"_links":{"self":[{"href":"https:\/\/www.claret.cat\/es\/wp-json\/wp\/v2\/product\/212641","targetHints":{"allow":["GET"]}}],"collection":[{"href":"https:\/\/www.claret.cat\/es\/wp-json\/wp\/v2\/product"}],"about":[{"href":"https:\/\/www.claret.cat\/es\/wp-json\/wp\/v2\/types\/product"}],"wp:featuredmedia":[{"embeddable":true,"href":"https:\/\/www.claret.cat\/es\/wp-json\/wp\/v2\/media\/964823"}],"wp:attachment":[{"href":"https:\/\/www.claret.cat\/es\/wp-json\/wp\/v2\/media?parent=212641"}],"wp:term":[{"taxonomy":"product_brand","embeddable":true,"href":"https:\/\/www.claret.cat\/es\/wp-json\/wp\/v2\/product_brand?post=212641"},{"taxonomy":"product_cat","embeddable":true,"href":"https:\/\/www.claret.cat\/es\/wp-json\/wp\/v2\/product_cat?post=212641"},{"taxonomy":"product_tag","embeddable":true,"href":"https:\/\/www.claret.cat\/es\/wp-json\/wp\/v2\/product_tag?post=212641"}],"curies":[{"name":"wp","href":"https:\/\/api.w.org\/{rel}","templated":true}]}}