{"id":212650,"date":"2022-10-20T12:39:05","date_gmt":"2022-10-20T10:39:05","guid":{"rendered":"http:\/\/dev.claret.cat\/producte\/coleccion-particular\/"},"modified":"2023-01-28T21:57:22","modified_gmt":"2023-01-28T20:57:22","slug":"coleccion-particular-9788426404336","status":"publish","type":"product","link":"https:\/\/www.claret.cat\/es\/libro\/coleccion-particular-9788426404336\/","title":{"rendered":"COLECCI\u00d3N PARTICULAR"},"content":{"rendered":"<p>La edici\u00f3n definitiva de los relatos m\u00e1s queridos por Juan Mars\u00e9,  acompa\u00f1ados de material in\u00e9dito y un nuevo pr\u00f3logo  de Ignacio Echevarr\u00eda.\u00abEscribir es una faena de ida y vuelta, con mucho l\u00e1piz de por medio.\u00bb<br \/>Juan Mars\u00e9Todo autor de amplio recorrido guarda ciertas palabras, frases,  historias que definen su mundo narrativo, la manera en que ha mirado la  vida y ha habitado el lenguaje. Quiz\u00e1 algunos no se animen a elegir,  otros traten de guardarlo todo y unos cuantos tengan la tentaci\u00f3n de  olvidar el pasado, pero Juan Mars\u00e9 es hombre de memoria prodigiosa y espl\u00e9ndido criterio.Aqu\u00ed est\u00e1 su Colecci\u00f3n particular de nueve piezas especialmente  revisadas para esta edici\u00f3n y prologadas por Ignacio Echevarr\u00eda, unos  relatos que han marcado el viaje del gran escritor a lo largo de los  a\u00f1os, empezando por \u00abHistorias de detectives\u00bb y llegando hasta \u00abNoticias  felices en aviones de papel\u00bb, sin olvidar el legendario \u00abTeniente Bravo\u00bb  o un cuento tan juguet\u00f3n como \u00abLa liga roja en el muslo moreno\u00bb.A este destilado de narraciones le siguen unas piezas period\u00edsticas  donde vamos a rastrear lugares y personajes que luego iban a aparecer en  sus novelas m\u00e1s importantes. Y finalmente, un texto in\u00e9dito que cierra  el volumen y abre nuevas puertas a la lectura de un  maestro.<\/p>\n","protected":false},"excerpt":{"rendered":"<p>MARSE, JUAN<\/p>\n","protected":false},"featured_media":212651,"template":"","meta":{"_acf_changed":false,"om_disable_all_campaigns":false,"rs_blank_template":"","rs_page_bg_color":"","slide_template_v7":"","inline_featured_image":false,"_monsterinsights_skip_tracking":false,"_monsterinsights_sitenote_active":false,"_monsterinsights_sitenote_note":"","_monsterinsights_sitenote_category":0},"product_brand":[],"product_cat":[87],"product_tag":[],"class_list":{"0":"post-212650","1":"product","2":"type-product","3":"status-publish","4":"has-post-thumbnail","6":"product_cat-literatura","8":"first","9":"instock","10":"taxable","11":"shipping-taxable","12":"purchasable","13":"product-type-simple"},"acf":{"autor":"MARSE, JUAN","codart":"842640433","libros-coleccion":"SUSHI BOOKS","ediciones":"1","encuadernacion":"Carton\u00e9","fecha_de_publicacion":"01\/04\/2017","novedad":"1","paginas":"375","subtitulo":"PR\u00d3LOGO DE IGNACIO ECHEVARR\u00cdA","orden":"0","portada":"0","idioma":"spa","editorial":[{"ID":6296,"post_author":"3","post_date":"2022-07-28 17:49:09","post_date_gmt":"2022-07-28 15:49:09","post_content":"","post_title":"LUMEN","post_excerpt":"","post_status":"publish","comment_status":"closed","ping_status":"closed","post_password":"","post_name":"lumen","to_ping":"","pinged":"","post_modified":"2022-07-28 17:49:09","post_modified_gmt":"2022-07-28 15:49:09","post_content_filtered":"","post_parent":0,"guid":"http:\/\/dev.claret.cat\/editorial\/lumen\/","menu_order":0,"post_type":"editorial","post_mime_type":"","comment_count":"0","filter":"raw"}],"autores-libros":[{"ID":161120,"post_author":"3","post_date":"2022-10-14 17:15:40","post_date_gmt":"2022-10-14 15:15:40","post_content":"","post_title":"JUAN MARSE","post_excerpt":"","post_status":"publish","comment_status":"closed","ping_status":"closed","post_password":"","post_name":"juan-marse","to_ping":"","pinged":"","post_modified":"2022-10-14 17:15:40","post_modified_gmt":"2022-10-14 15:15:40","post_content_filtered":"","post_parent":0,"guid":"http:\/\/dev.claret.cat\/autor\/juan-marse\/","menu_order":0,"post_type":"autor","post_mime_type":"","comment_count":"0","filter":"raw"}]},"aioseo_notices":[],"_links":{"self":[{"href":"https:\/\/www.claret.cat\/es\/wp-json\/wp\/v2\/product\/212650","targetHints":{"allow":["GET"]}}],"collection":[{"href":"https:\/\/www.claret.cat\/es\/wp-json\/wp\/v2\/product"}],"about":[{"href":"https:\/\/www.claret.cat\/es\/wp-json\/wp\/v2\/types\/product"}],"wp:featuredmedia":[{"embeddable":true,"href":"https:\/\/www.claret.cat\/es\/wp-json\/wp\/v2\/media\/212651"}],"wp:attachment":[{"href":"https:\/\/www.claret.cat\/es\/wp-json\/wp\/v2\/media?parent=212650"}],"wp:term":[{"taxonomy":"product_brand","embeddable":true,"href":"https:\/\/www.claret.cat\/es\/wp-json\/wp\/v2\/product_brand?post=212650"},{"taxonomy":"product_cat","embeddable":true,"href":"https:\/\/www.claret.cat\/es\/wp-json\/wp\/v2\/product_cat?post=212650"},{"taxonomy":"product_tag","embeddable":true,"href":"https:\/\/www.claret.cat\/es\/wp-json\/wp\/v2\/product_tag?post=212650"}],"curies":[{"name":"wp","href":"https:\/\/api.w.org\/{rel}","templated":true}]}}