{"id":212764,"date":"2022-10-20T12:41:31","date_gmt":"2022-10-20T10:41:31","guid":{"rendered":"http:\/\/dev.claret.cat\/producte\/jerusalen-en-tiempos-de-jesus\/"},"modified":"2025-11-24T18:10:32","modified_gmt":"2025-11-24T17:10:32","slug":"jerusalen-en-tiempos-de-jesus-9788470576300","status":"publish","type":"product","link":"https:\/\/www.claret.cat\/es\/libro\/jerusalen-en-tiempos-de-jesus-9788470576300\/","title":{"rendered":"JERUSAL\u00c9N EN TIEMPOS DE JES\u00daS"},"content":{"rendered":"<p>Es \u00e9ste uno de los trabajos m\u00e1s relevantes del autor, en el que se analiza el estilo de vida de Jerusal\u00e9n y Palestina entre los a\u00f1os seis y sesenta de nuestra \u00e9poca. Para mejor entendimiento del Nuevo Testamento es transcendente adentrarse en el conocimiento de la posici\u00f3n econ\u00f3mica (oficios, profesiones, comercio); social (ricos, pobres, clase media, clero, nobleza laica, escribas, fariseos) y legal (judios puros y marcados, ilegitimos, esclavos, samaritanos, mujeres) de la era. Todos los juicios emitidos en este libro est\u00e1n avalados por una comprobaci\u00f3n con rigor, por lo que se sit\u00faa entre las de mayor importancia cient\u00edfico acerca del Nuevo Testamento.<\/p>\n","protected":false},"excerpt":{"rendered":"<p>JEREM\u00cdAS, JOACHIM<\/p>\n","protected":false},"featured_media":1068110,"template":"","meta":{"_acf_changed":false,"om_disable_all_campaigns":false,"rs_blank_template":"","rs_page_bg_color":"","slide_template_v7":"","inline_featured_image":false,"_monsterinsights_skip_tracking":false,"_monsterinsights_sitenote_active":false,"_monsterinsights_sitenote_note":"","_monsterinsights_sitenote_category":0},"product_brand":[],"product_cat":[75,341,541,91,85,351],"product_tag":[],"class_list":{"0":"post-212764","1":"product","2":"type-product","3":"status-publish","4":"has-post-thumbnail","6":"product_cat-biblia","7":"product_cat-biblia-es","8":"product_cat-cristologia-1_espiritualidad-spa","9":"product_cat-cristologia","10":"product_cat-historia","11":"product_cat-historia-2_humanidades","13":"first","14":"instock","15":"taxable","16":"shipping-taxable","17":"purchasable","18":"product-type-simple"},"acf":{"autor":"JEREM\u00cdAS, JOACHIM","codart":"847057630","libros-coleccion":"","ediciones":"5","encuadernacion":"R\u00fastica","fecha_de_publicacion":"28\/03\/2017","novedad":"1","paginas":"500","subtitulo":"ESTUDIO ECON\u00d3MICO Y SOCIAL DEL MUNDO DEL NUEVO TESTAMENTO","orden":"0","portada":"0","idioma":"spa","editorial":[{"ID":6173,"post_author":"3","post_date":"2022-07-28 17:46:28","post_date_gmt":"2022-07-28 15:46:28","post_content":"","post_title":"Cristiandad","post_excerpt":"","post_status":"publish","comment_status":"closed","ping_status":"closed","post_password":"","post_name":"cristiandad","to_ping":"","pinged":"","post_modified":"2022-07-28 17:46:28","post_modified_gmt":"2022-07-28 15:46:28","post_content_filtered":"","post_parent":0,"guid":"http:\/\/dev.claret.cat\/editorial\/cristiandad\/","menu_order":0,"post_type":"editorial","post_mime_type":"","comment_count":"0","filter":"raw"}],"autores-libros":[{"ID":159230,"post_author":"3","post_date":"2022-10-14 15:43:09","post_date_gmt":"2022-10-14 13:43:09","post_content":"","post_title":"JOACHIM JEREMIAS","post_excerpt":"","post_status":"publish","comment_status":"closed","ping_status":"closed","post_password":"","post_name":"joachim-jeremias","to_ping":"","pinged":"","post_modified":"2022-10-14 15:43:09","post_modified_gmt":"2022-10-14 13:43:09","post_content_filtered":"","post_parent":0,"guid":"http:\/\/dev.claret.cat\/autor\/joachim-jeremias\/","menu_order":0,"post_type":"autor","post_mime_type":"","comment_count":"0","filter":"raw"}],"booktrailer":"","resenas":""},"aioseo_notices":[],"_links":{"self":[{"href":"https:\/\/www.claret.cat\/es\/wp-json\/wp\/v2\/product\/212764","targetHints":{"allow":["GET"]}}],"collection":[{"href":"https:\/\/www.claret.cat\/es\/wp-json\/wp\/v2\/product"}],"about":[{"href":"https:\/\/www.claret.cat\/es\/wp-json\/wp\/v2\/types\/product"}],"wp:featuredmedia":[{"embeddable":true,"href":"https:\/\/www.claret.cat\/es\/wp-json\/wp\/v2\/media\/1068110"}],"wp:attachment":[{"href":"https:\/\/www.claret.cat\/es\/wp-json\/wp\/v2\/media?parent=212764"}],"wp:term":[{"taxonomy":"product_brand","embeddable":true,"href":"https:\/\/www.claret.cat\/es\/wp-json\/wp\/v2\/product_brand?post=212764"},{"taxonomy":"product_cat","embeddable":true,"href":"https:\/\/www.claret.cat\/es\/wp-json\/wp\/v2\/product_cat?post=212764"},{"taxonomy":"product_tag","embeddable":true,"href":"https:\/\/www.claret.cat\/es\/wp-json\/wp\/v2\/product_tag?post=212764"}],"curies":[{"name":"wp","href":"https:\/\/api.w.org\/{rel}","templated":true}]}}