{"id":212779,"date":"2022-10-20T12:41:52","date_gmt":"2022-10-20T10:41:52","guid":{"rendered":"http:\/\/dev.claret.cat\/producte\/eduardo-galeano-un-ilegal-en-el-paraiso\/"},"modified":"2024-05-24T03:38:57","modified_gmt":"2024-05-24T01:38:57","slug":"eduardo-galeano-un-ilegal-en-el-paraiso-9788432318610","status":"publish","type":"product","link":"https:\/\/www.claret.cat\/es\/libro\/eduardo-galeano-un-ilegal-en-el-paraiso-9788432318610\/","title":{"rendered":"EDUARDO GALEANO, UN ILEGAL EN EL PARA\u00cdSO"},"content":{"rendered":"<p>Eduardo Germ\u00e1n Mar\u00eda Hughes Galeano naci\u00f3 en 1940. De peque\u00f1o siempre quiso ser santo o futbolista, pero una crisis existencial, a los 19 a\u00f1os, cambi\u00f3 totalmente su destino. Aquel joven cristiano, con aspiraciones de deportista, se despoj\u00f3 de viejas ataduras para pasar a ser Eduardo Galeano periodista, anticlerical, apasionado, indignado, en el patadura que abraz\u00f3 la causa de los \u00abnadies\u00bb y se volc\u00f3 plenamente a establecer un v\u00ednculo de amor intenso con la realidad latinoamericana. Luego, no hubo injusticia en esta Tierra que le dejara indiferente.<br \/>La presente obra se propone explicarnos qui\u00e9n fue Galeano, esa figura tan intensa como fascinante que trab\u00f3 amistad con Fidel Castro y Salvador Allende, que visit\u00f3 al subcomandante Marcos en Chiapas y vibr\u00f3 con Nicaragua en plena revoluci\u00f3n. Pero los afectos no le impidieron \u00abcriticar de frente y elogiar por la espalda\u00bb. Lejos de la apolog\u00eda, en este volumen se re\u00fane a los m\u00e1s destacados cronistas de la regi\u00f3n y amigos inolvidables como Serrat, Poniatowska y Salgado, quienes nos sumergen en su mundo reconstruyendo la imagen desconocida hasta ahora de un Galeano \u00edntimo, pero, tambi\u00e9n, la vida de un viajero infatigable, repleta de proyectos, militancia y aventuras. Tambi\u00e9n nos conducen por los grandes temas de su obra (el amor, la pol\u00edtica, la esperanza y, por supuesto, el f\u00fatbol) y por el modo especial en que sus textos resuenan a\u00fan hoy en cada pa\u00eds de Am\u00e9rica Latina.<br \/>De forma arbitraria (como a \u00e9l le gustaba), este libro traza magistralmente el perfil de uno de los escritores m\u00e1s admirados por el gran p\u00fablico, y recorre una regi\u00f3n que \u00e9l supo describir como nadie.<\/p>\n","protected":false},"excerpt":{"rendered":"<p>L\u00d3PEZ BELLOSO, ROBERTO<\/p>\n","protected":false},"featured_media":345191,"template":"","meta":{"_acf_changed":false,"om_disable_all_campaigns":false,"rs_blank_template":"","rs_page_bg_color":"","slide_template_v7":"","inline_featured_image":false,"_monsterinsights_skip_tracking":false,"_monsterinsights_sitenote_active":false,"_monsterinsights_sitenote_note":"","_monsterinsights_sitenote_category":0},"product_brand":[],"product_cat":[549,99],"product_tag":[],"class_list":{"0":"post-212779","1":"product","2":"type-product","3":"status-publish","4":"has-post-thumbnail","6":"product_cat-biografias","7":"product_cat-biografies","9":"first","10":"instock","11":"taxable","12":"shipping-taxable","13":"purchasable","14":"product-type-simple"},"acf":{"autor":"L\u00d3PEZ BELLOSO, ROBERTO","codart":"843231861","libros-coleccion":"","ediciones":"1","encuadernacion":"R\u00fastica","fecha_de_publicacion":"28\/03\/2017","novedad":"1","paginas":"306","subtitulo":"","orden":"0","portada":"0","idioma":"spa","editorial":[{"ID":6363,"post_author":"3","post_date":"2022-07-28 17:50:35","post_date_gmt":"2022-07-28 15:50:35","post_content":"","post_title":"SIGLO XXI, EDICIONES","post_excerpt":"","post_status":"publish","comment_status":"closed","ping_status":"closed","post_password":"","post_name":"siglo-xxi-ediciones","to_ping":"","pinged":"","post_modified":"2022-07-28 17:50:35","post_modified_gmt":"2022-07-28 15:50:35","post_content_filtered":"","post_parent":0,"guid":"http:\/\/dev.claret.cat\/editorial\/siglo-xxi-ediciones\/","menu_order":0,"post_type":"editorial","post_mime_type":"","comment_count":"0","filter":"raw"}],"autores-libros":[{"ID":345190,"post_author":"3","post_date":"2023-01-13 21:25:43","post_date_gmt":"2023-01-13 20:25:43","post_content":"","post_title":"ROBERTO L\u00d3PEZ BELLOSO","post_excerpt":"","post_status":"publish","comment_status":"closed","ping_status":"closed","post_password":"","post_name":"roberto-lopez-belloso","to_ping":"","pinged":"","post_modified":"2023-01-13 21:25:43","post_modified_gmt":"2023-01-13 20:25:43","post_content_filtered":"","post_parent":0,"guid":"https:\/\/www.claret.cat\/autor\/roberto-lopez-belloso\/","menu_order":0,"post_type":"autor","post_mime_type":"","comment_count":"0","filter":"raw"}]},"aioseo_notices":[],"_links":{"self":[{"href":"https:\/\/www.claret.cat\/es\/wp-json\/wp\/v2\/product\/212779","targetHints":{"allow":["GET"]}}],"collection":[{"href":"https:\/\/www.claret.cat\/es\/wp-json\/wp\/v2\/product"}],"about":[{"href":"https:\/\/www.claret.cat\/es\/wp-json\/wp\/v2\/types\/product"}],"wp:featuredmedia":[{"embeddable":true,"href":"https:\/\/www.claret.cat\/es\/wp-json\/wp\/v2\/media\/345191"}],"wp:attachment":[{"href":"https:\/\/www.claret.cat\/es\/wp-json\/wp\/v2\/media?parent=212779"}],"wp:term":[{"taxonomy":"product_brand","embeddable":true,"href":"https:\/\/www.claret.cat\/es\/wp-json\/wp\/v2\/product_brand?post=212779"},{"taxonomy":"product_cat","embeddable":true,"href":"https:\/\/www.claret.cat\/es\/wp-json\/wp\/v2\/product_cat?post=212779"},{"taxonomy":"product_tag","embeddable":true,"href":"https:\/\/www.claret.cat\/es\/wp-json\/wp\/v2\/product_tag?post=212779"}],"curies":[{"name":"wp","href":"https:\/\/api.w.org\/{rel}","templated":true}]}}