{"id":212782,"date":"2022-10-20T12:41:56","date_gmt":"2022-10-20T10:41:56","guid":{"rendered":"http:\/\/dev.claret.cat\/producte\/dios-mio-dios-mio-por-que-me-has-abandonado\/"},"modified":"2024-05-02T08:56:27","modified_gmt":"2024-05-02T06:56:27","slug":"dios-mio-dios-mio-por-que-me-has-abandonado-9788428552752","status":"publish","type":"product","link":"https:\/\/www.claret.cat\/es\/libro\/dios-mio-dios-mio-por-que-me-has-abandonado-9788428552752\/","title":{"rendered":"DIOS M\u00cdO, DIOS M\u00cdO, \u00bfPOR QU\u00c9 ME HAS ABANDONADO?"},"content":{"rendered":"<p>Las palabras de Jes\u00fas en la cruz, recogidas por el evangelista Marcos en su idioma original, tal como fueron exclamadas por el Crucificado momentos antes de abandonar este mundo, titulan a esta meditaci\u00f3n basada en la memoria fehaciente del \u00faltimo d\u00eda de la vida de Jesucristo. El autor se aproxima al relato de la Pasi\u00f3n indagando en la particularidad literaria del texto de Marcos, haciendo una interpretaci\u00f3n del conjunto y profundizando en el significado teol\u00f3gico del fallecimiento de Jes\u00fas. Finalmente, explica que, en la muerte de Jes\u00fas, Marcos \u00abreconoce la irrupci\u00f3n de la gloria del Crucificado y su entrada triunfal en la comuni\u00f3n definitiva con el Padre\u00bb. El libro se completa con una bibliograf\u00eda seleccionada acerca del evangelio de Marcos.<\/p>\n","protected":false},"excerpt":{"rendered":"<p>MONTES PERAL, LUIS \u00c1NGEL<\/p>\n","protected":false},"featured_media":335569,"template":"","meta":{"_acf_changed":false,"om_disable_all_campaigns":false,"rs_blank_template":"","rs_page_bg_color":"","slide_template_v7":"","inline_featured_image":false,"_monsterinsights_skip_tracking":false,"_monsterinsights_sitenote_active":false,"_monsterinsights_sitenote_note":"","_monsterinsights_sitenote_category":0},"product_brand":[],"product_cat":[541,91,345,79],"product_tag":[],"class_list":{"0":"post-212782","1":"product","2":"type-product","3":"status-publish","4":"has-post-thumbnail","6":"product_cat-cristologia-1_espiritualidad-spa","7":"product_cat-cristologia","8":"product_cat-espiritualidad","9":"product_cat-espiritualitat","11":"first","12":"instock","13":"taxable","14":"shipping-taxable","15":"purchasable","16":"product-type-simple"},"acf":{"autor":"MONTES PERAL, LUIS \u00c1NGEL","codart":"842855275","libros-coleccion":"MAMBR\u00c9","ediciones":"1","encuadernacion":"R\u00fastica","fecha_de_publicacion":"28\/03\/2017","novedad":"1","paginas":"176","subtitulo":"LA CRUCIFIXI\u00d3N DE JES\u00daS EN LA HISTORIA DE LA PASI\u00d3N DE SAN MARCOS","orden":"0","portada":"0","idioma":"spa","editorial":[{"ID":6356,"post_author":"3","post_date":"2022-07-28 17:50:26","post_date_gmt":"2022-07-28 15:50:26","post_content":"","post_title":"SAN PABLO COMUNICACI\u00d3N","post_excerpt":"","post_status":"publish","comment_status":"closed","ping_status":"closed","post_password":"","post_name":"san-pablo-comunicacion","to_ping":"","pinged":"","post_modified":"2022-07-28 17:50:26","post_modified_gmt":"2022-07-28 15:50:26","post_content_filtered":"","post_parent":0,"guid":"http:\/\/dev.claret.cat\/editorial\/san-pablo-comunicacion\/","menu_order":0,"post_type":"editorial","post_mime_type":"","comment_count":"0","filter":"raw"}],"autores-libros":[{"ID":162672,"post_author":"3","post_date":"2022-10-14 17:32:53","post_date_gmt":"2022-10-14 15:32:53","post_content":"","post_title":"LUIS \u00c1NGEL MONTES PERAL","post_excerpt":"","post_status":"publish","comment_status":"closed","ping_status":"closed","post_password":"","post_name":"luis-angel-montes-peral","to_ping":"","pinged":"","post_modified":"2022-10-14 17:32:53","post_modified_gmt":"2022-10-14 15:32:53","post_content_filtered":"","post_parent":0,"guid":"http:\/\/dev.claret.cat\/autor\/luis-angel-montes-peral\/","menu_order":0,"post_type":"autor","post_mime_type":"","comment_count":"0","filter":"raw"}]},"aioseo_notices":[],"_links":{"self":[{"href":"https:\/\/www.claret.cat\/es\/wp-json\/wp\/v2\/product\/212782","targetHints":{"allow":["GET"]}}],"collection":[{"href":"https:\/\/www.claret.cat\/es\/wp-json\/wp\/v2\/product"}],"about":[{"href":"https:\/\/www.claret.cat\/es\/wp-json\/wp\/v2\/types\/product"}],"wp:featuredmedia":[{"embeddable":true,"href":"https:\/\/www.claret.cat\/es\/wp-json\/wp\/v2\/media\/335569"}],"wp:attachment":[{"href":"https:\/\/www.claret.cat\/es\/wp-json\/wp\/v2\/media?parent=212782"}],"wp:term":[{"taxonomy":"product_brand","embeddable":true,"href":"https:\/\/www.claret.cat\/es\/wp-json\/wp\/v2\/product_brand?post=212782"},{"taxonomy":"product_cat","embeddable":true,"href":"https:\/\/www.claret.cat\/es\/wp-json\/wp\/v2\/product_cat?post=212782"},{"taxonomy":"product_tag","embeddable":true,"href":"https:\/\/www.claret.cat\/es\/wp-json\/wp\/v2\/product_tag?post=212782"}],"curies":[{"name":"wp","href":"https:\/\/api.w.org\/{rel}","templated":true}]}}