{"id":21280,"date":"2022-10-02T09:30:50","date_gmt":"2022-10-02T07:30:50","guid":{"rendered":"http:\/\/dev.claret.cat\/producte\/galveston\/"},"modified":"2023-01-28T21:54:59","modified_gmt":"2023-01-28T20:54:59","slug":"galveston-9788498387513","status":"publish","type":"product","link":"https:\/\/www.claret.cat\/es\/libro\/galveston-9788498387513\/","title":{"rendered":"GALVESTON"},"content":{"rendered":"<p>Alto, corpulento, con barba y melena, sombrero de ala ancha y botas de cowboy, el texano Roy Cady lleva unos a\u00f1os ejerciendo de mat\u00f3n profesional en Nueva Orleans. Roy es un tipo tranquilo, comprensivo, capaz de ver el lado filos\u00f3fico de las cosas, lo cual no le impide ser implacable cuando la ocasi\u00f3n lo requiere. Pero su vida da un giro radical el d\u00eda que le diagnostican un c\u00e1ncer avanzado. De pronto, sus puntos de referencia se trastocan, y el relieve de la realidad cobra una nueva dimensi\u00f3n. Ante la sospecha de que su jefe, el poderoso extorsionador Stan Ptitko, quiere quit\u00e1rselo de encima, Roy se despoja de sus ataduras e inicia una fren\u00e9tica carrera hacia un horizonte desconocido, donde su encuentro fortuito con una joven desamparada le brindar\u00e1, tal vez, la ocasi\u00f3n de darle un nuevo sentido a su existencia.<\/p>\n<p> El brillante debut como novelista de Nic Pizzolatto -creador de la exitosa serie \u00abTrue Detective\u00bb- es un relato s\u00f3rdido y po\u00e9tico, violento y l\u00edrico, salvaje y conmovedor. Al mismo tiempo can\u00f3nica y heterodoxa, Galveston supone un salto adelante que rompe los moldes de lo establecido con una historia trepidante, ambientada en paisajes desolados y protagonizada por personajes que huyen pese a saberse condenados, antih\u00e9roes que lo han perdido todo excepto la dignidad. Sencillamente, una novela magistral que trasciende el g\u00e9nero polic\u00edaco para situarse como una obra narrativa de excelencia.<\/p>\n","protected":false},"excerpt":{"rendered":"<p>PIZZOLATTO, NIC<\/p>\n","protected":false},"featured_media":75056,"template":"","meta":{"_acf_changed":false,"om_disable_all_campaigns":false,"rs_blank_template":"","rs_page_bg_color":"","slide_template_v7":"","inline_featured_image":false,"_monsterinsights_skip_tracking":false,"_monsterinsights_sitenote_active":false,"_monsterinsights_sitenote_note":"","_monsterinsights_sitenote_category":0},"product_brand":[],"product_cat":[87],"product_tag":[],"class_list":{"0":"post-21280","1":"product","2":"type-product","3":"status-publish","4":"has-post-thumbnail","6":"product_cat-literatura","8":"first","9":"instock","10":"taxable","11":"shipping-taxable","12":"purchasable","13":"product-type-simple"},"acf":{"autor":"PIZZOLATTO, NIC","codart":"849838751","libros-coleccion":"","ediciones":"1","encuadernacion":"R\u00fastica","fecha_de_publicacion":"01\/05\/2016","novedad":"0","paginas":"284","subtitulo":"","orden":"999","portada":"0","idioma":"spa","editorial":[{"ID":148768,"post_author":"3","post_date":"2022-10-14 12:00:50","post_date_gmt":"2022-10-14 10:00:50","post_content":"","post_title":"Salamandra Black","post_excerpt":"","post_status":"publish","comment_status":"closed","ping_status":"closed","post_password":"","post_name":"salamandra-black","to_ping":"","pinged":"","post_modified":"2022-10-14 12:00:50","post_modified_gmt":"2022-10-14 10:00:50","post_content_filtered":"","post_parent":0,"guid":"http:\/\/dev.claret.cat\/editorial\/salamandra-black\/","menu_order":0,"post_type":"editorial","post_mime_type":"","comment_count":"0","filter":"raw"}],"autores-libros":[{"ID":165781,"post_author":"3","post_date":"2022-10-14 17:57:54","post_date_gmt":"2022-10-14 15:57:54","post_content":"","post_title":"NIC PIZZOLATTO","post_excerpt":"","post_status":"publish","comment_status":"closed","ping_status":"closed","post_password":"","post_name":"nic-pizzolatto","to_ping":"","pinged":"","post_modified":"2022-10-14 17:57:54","post_modified_gmt":"2022-10-14 15:57:54","post_content_filtered":"","post_parent":0,"guid":"http:\/\/dev.claret.cat\/autor\/nic-pizzolatto\/","menu_order":0,"post_type":"autor","post_mime_type":"","comment_count":"0","filter":"raw"}]},"aioseo_notices":[],"_links":{"self":[{"href":"https:\/\/www.claret.cat\/es\/wp-json\/wp\/v2\/product\/21280","targetHints":{"allow":["GET"]}}],"collection":[{"href":"https:\/\/www.claret.cat\/es\/wp-json\/wp\/v2\/product"}],"about":[{"href":"https:\/\/www.claret.cat\/es\/wp-json\/wp\/v2\/types\/product"}],"wp:featuredmedia":[{"embeddable":true,"href":"https:\/\/www.claret.cat\/es\/wp-json\/wp\/v2\/media\/75056"}],"wp:attachment":[{"href":"https:\/\/www.claret.cat\/es\/wp-json\/wp\/v2\/media?parent=21280"}],"wp:term":[{"taxonomy":"product_brand","embeddable":true,"href":"https:\/\/www.claret.cat\/es\/wp-json\/wp\/v2\/product_brand?post=21280"},{"taxonomy":"product_cat","embeddable":true,"href":"https:\/\/www.claret.cat\/es\/wp-json\/wp\/v2\/product_cat?post=21280"},{"taxonomy":"product_tag","embeddable":true,"href":"https:\/\/www.claret.cat\/es\/wp-json\/wp\/v2\/product_tag?post=21280"}],"curies":[{"name":"wp","href":"https:\/\/api.w.org\/{rel}","templated":true}]}}