{"id":212806,"date":"2022-10-20T12:42:27","date_gmt":"2022-10-20T10:42:27","guid":{"rendered":"http:\/\/dev.claret.cat\/producte\/manual-practico-de-terapia-dialectico-conductual\/"},"modified":"2025-09-19T17:48:55","modified_gmt":"2025-09-19T15:48:55","slug":"manual-practico-de-terapia-dialectico-conductual-9788433029102","status":"publish","type":"product","link":"https:\/\/www.claret.cat\/es\/libro\/manual-practico-de-terapia-dialectico-conductual-9788433029102\/","title":{"rendered":"MANUAL PR\u00c1CTICO DE TERAPIA DIAL\u00c9CTICO CONDUCTUAL"},"content":{"rendered":"<p>Desarrollada, en principio, para el tratamiento del trastorno l\u00edmite de personalidad, la Terapia Dial\u00e9ctico Conductual (TDC) ha probado su eficacia a la hora de abordar una amplia gama de problemas de salud mental, en especial de aquellos que se caracterizan por la presencia de emociones arrolladoras. Diversas investigaciones demuestran que la TDC puede mejorar la propia capacidad de manejar la angustia sin perder el control ni actuar de forma destructiva. Para poner en pr\u00e1ctica las t\u00e9cnicas que en el libro se detallan, es necesario establecer habilidades en cuatro \u00e1reas: tolerancia al malestar, mindfulness, regulaci\u00f3n emocional y eficacia interpersonal.Esta obra, fruto de la colaboraci\u00f3n de tres reconocidos autores, ofrece un repertorio de ejercicios sencillos, analizados paso a paso, para asimilar esos conceptos y ponerlos en pr\u00e1ctica para alcanzar un cambio real y duradero. Comenzando por trabajar con los ejercicios preliminares para ir, luego, progresando hasta completar los cap\u00edtulos dedicados a las habilidades m\u00e1s avanzadas. Tanto los profesionales de la salud mental como el gran p\u00fablico, si este manual se utilizar como apoyo al trabajo terap\u00e9utico o como gu\u00eda para el desarrollo personal, podr\u00e1n sacar un gran partido de esta clara y pr\u00e1ctica gu\u00eda y lograr as\u00ed un mejor control de sus emociones.<br \/> Matthew McKay es profesor en el Wright Institute en Berkeley, California. Es autor y coautor de numerosos libros en los \u00e1mbitos del control del estr\u00e9s y la relajaci\u00f3n, la autoestima y las relaciones interpersonales.<br \/> Jeffrey C. Wood est\u00e1 especializado en el tratamiento cognitivo conductual de la depresi\u00f3n, ansiedad y trauma, as\u00ed como en asertividad y coaching de vida.<br \/> Jeffrey Brantley es asesor en el Departamento de Psiquiatr\u00eda de Duke y fundador y director del Programa de reducci\u00f3n de estr\u00e9s basado en mindfulness del Centro de Medicina Integrativa de la Universidad de Duke.<\/p>\n","protected":false},"excerpt":{"rendered":"<p>MCKAY, MATTHEW; WOOD, JEFFREY C.; BRANTLEY, JEFFREY<\/p>\n","protected":false},"featured_media":346880,"template":"","meta":{"_acf_changed":false,"om_disable_all_campaigns":false,"rs_blank_template":"","rs_page_bg_color":"","slide_template_v7":"","inline_featured_image":false,"_monsterinsights_skip_tracking":false,"_monsterinsights_sitenote_active":false,"_monsterinsights_sitenote_note":"","_monsterinsights_sitenote_category":0},"product_brand":[],"product_cat":[81,347],"product_tag":[],"class_list":{"0":"post-212806","1":"product","2":"type-product","3":"status-publish","4":"has-post-thumbnail","6":"product_cat-psicologia","7":"product_cat-psicologia-2_humanidades","9":"first","10":"instock","11":"taxable","12":"shipping-taxable","13":"purchasable","14":"product-type-simple"},"acf":{"autor":"MCKAY, MATTHEW; WOOD, JEFFREY C.; BRANTLEY, JEFFREY","codart":"843302910","libros-coleccion":"Biblioteca de Psicologia","ediciones":"1","encuadernacion":"R\u00fastica","fecha_de_publicacion":"27\/03\/2017","novedad":"1","paginas":"344","subtitulo":"","orden":"0","portada":"0","idioma":"spa","editorial":[{"ID":6179,"post_author":"3","post_date":"2022-07-28 17:46:36","post_date_gmt":"2022-07-28 15:46:36","post_content":"","post_title":"DESCLEE DE BROUWER","post_excerpt":"","post_status":"publish","comment_status":"closed","ping_status":"closed","post_password":"","post_name":"desclee-de-brouwer","to_ping":"","pinged":"","post_modified":"2022-07-28 17:46:36","post_modified_gmt":"2022-07-28 15:46:36","post_content_filtered":"","post_parent":0,"guid":"http:\/\/dev.claret.cat\/editorial\/desclee-de-brouwer\/","menu_order":0,"post_type":"editorial","post_mime_type":"","comment_count":"0","filter":"raw"}],"autores-libros":[{"ID":346878,"post_author":"3","post_date":"2023-01-14 01:51:01","post_date_gmt":"2023-01-14 00:51:01","post_content":"","post_title":"JEFFREY BRANTLEY","post_excerpt":"","post_status":"publish","comment_status":"closed","ping_status":"closed","post_password":"","post_name":"jeffrey-brantley","to_ping":"","pinged":"","post_modified":"2023-01-14 01:51:01","post_modified_gmt":"2023-01-14 00:51:01","post_content_filtered":"","post_parent":0,"guid":"https:\/\/www.claret.cat\/autor\/jeffrey-brantley\/","menu_order":0,"post_type":"autor","post_mime_type":"","comment_count":"0","filter":"raw"},{"ID":346879,"post_author":"3","post_date":"2023-01-14 01:51:03","post_date_gmt":"2023-01-14 00:51:03","post_content":"","post_title":"JEFFREY C. WOOD","post_excerpt":"","post_status":"publish","comment_status":"closed","ping_status":"closed","post_password":"","post_name":"jeffrey-c-wood","to_ping":"","pinged":"","post_modified":"2023-01-14 01:51:03","post_modified_gmt":"2023-01-14 00:51:03","post_content_filtered":"","post_parent":0,"guid":"https:\/\/www.claret.cat\/autor\/jeffrey-c-wood\/","menu_order":0,"post_type":"autor","post_mime_type":"","comment_count":"0","filter":"raw"},{"ID":164483,"post_author":"3","post_date":"2022-10-14 17:47:26","post_date_gmt":"2022-10-14 15:47:26","post_content":"","post_title":"MATTHEW MCKAY","post_excerpt":"","post_status":"publish","comment_status":"closed","ping_status":"closed","post_password":"","post_name":"matthew-mckay","to_ping":"","pinged":"","post_modified":"2022-10-14 17:47:26","post_modified_gmt":"2022-10-14 15:47:26","post_content_filtered":"","post_parent":0,"guid":"http:\/\/dev.claret.cat\/autor\/matthew-mckay\/","menu_order":0,"post_type":"autor","post_mime_type":"","comment_count":"0","filter":"raw"}],"booktrailer":"","resenas":""},"aioseo_notices":[],"_links":{"self":[{"href":"https:\/\/www.claret.cat\/es\/wp-json\/wp\/v2\/product\/212806","targetHints":{"allow":["GET"]}}],"collection":[{"href":"https:\/\/www.claret.cat\/es\/wp-json\/wp\/v2\/product"}],"about":[{"href":"https:\/\/www.claret.cat\/es\/wp-json\/wp\/v2\/types\/product"}],"wp:featuredmedia":[{"embeddable":true,"href":"https:\/\/www.claret.cat\/es\/wp-json\/wp\/v2\/media\/346880"}],"wp:attachment":[{"href":"https:\/\/www.claret.cat\/es\/wp-json\/wp\/v2\/media?parent=212806"}],"wp:term":[{"taxonomy":"product_brand","embeddable":true,"href":"https:\/\/www.claret.cat\/es\/wp-json\/wp\/v2\/product_brand?post=212806"},{"taxonomy":"product_cat","embeddable":true,"href":"https:\/\/www.claret.cat\/es\/wp-json\/wp\/v2\/product_cat?post=212806"},{"taxonomy":"product_tag","embeddable":true,"href":"https:\/\/www.claret.cat\/es\/wp-json\/wp\/v2\/product_tag?post=212806"}],"curies":[{"name":"wp","href":"https:\/\/api.w.org\/{rel}","templated":true}]}}