{"id":212836,"date":"2022-10-20T12:43:07","date_gmt":"2022-10-20T10:43:07","guid":{"rendered":"http:\/\/dev.claret.cat\/producte\/el-rosario-para-creyentes-y-no-creyentes\/"},"modified":"2024-05-02T08:55:12","modified_gmt":"2024-05-02T06:55:12","slug":"el-rosario-para-creyentes-y-no-creyentes-9788428552776","status":"publish","type":"product","link":"https:\/\/www.claret.cat\/es\/libro\/el-rosario-para-creyentes-y-no-creyentes-9788428552776\/","title":{"rendered":"EL ROSARIO. PARA CREYENTES Y NO CREYENTES"},"content":{"rendered":"<p>Este es un rosario distinto, reflexionado y escrito para creyentes y no creyentes. Los autores piensan con hondura sobre los misterios del Rosario y nos muestran una serie de reflexiones que permiten afrontar la vida m\u00e1s profundamente y con gratitud, atisbando el aut\u00e9ntico significado del amor. Cada uno de los misterios del rosario (gozosos, luminosos, dolorosos y gloriosos) ofrece una doble meditaci\u00f3n: una primera, para creyentes, anterior al rezo de las diez avemar\u00edas, piensa acerca de los instantes culminantes de la vida de Mar\u00eda y de su Hijo Jes\u00fas; la segunda, para no creyentes, aproxima al lector al coraz\u00f3n de una mujer, de una madre, que se arriesga, conf\u00eda, padece, guarda silencio, llora, anima, gu\u00eda&#8230;<\/p>\n","protected":false},"excerpt":{"rendered":"<p>NUNES MARTINS, JOS\u00c9 LUIS<\/p>\n","protected":false},"featured_media":335573,"template":"","meta":{"_acf_changed":false,"om_disable_all_campaigns":false,"rs_blank_template":"","rs_page_bg_color":"","slide_template_v7":"","inline_featured_image":false,"_monsterinsights_skip_tracking":false,"_monsterinsights_sitenote_active":false,"_monsterinsights_sitenote_note":"","_monsterinsights_sitenote_category":0},"product_brand":[],"product_cat":[346,80,78,344],"product_tag":[],"class_list":{"0":"post-212836","1":"product","2":"type-product","3":"status-publish","4":"has-post-thumbnail","6":"product_cat-libros-liturgia","7":"product_cat-liturgia","8":"product_cat-pastoral","9":"product_cat-pastoral-1_espiritualidad","11":"first","12":"instock","13":"taxable","14":"shipping-taxable","15":"purchasable","16":"product-type-simple"},"acf":{"autor":"NUNES MARTINS, JOS\u00c9 LUIS","codart":"842855277","libros-coleccion":"Fe e Imagen","ediciones":"1","encuadernacion":"R\u00fastica","fecha_de_publicacion":"23\/03\/2017","novedad":"1","paginas":"136","subtitulo":"","orden":"0","portada":"0","idioma":"spa","editorial":[{"ID":6356,"post_author":"3","post_date":"2022-07-28 17:50:26","post_date_gmt":"2022-07-28 15:50:26","post_content":"","post_title":"SAN PABLO COMUNICACI\u00d3N","post_excerpt":"","post_status":"publish","comment_status":"closed","ping_status":"closed","post_password":"","post_name":"san-pablo-comunicacion","to_ping":"","pinged":"","post_modified":"2022-07-28 17:50:26","post_modified_gmt":"2022-07-28 15:50:26","post_content_filtered":"","post_parent":0,"guid":"http:\/\/dev.claret.cat\/editorial\/san-pablo-comunicacion\/","menu_order":0,"post_type":"editorial","post_mime_type":"","comment_count":"0","filter":"raw"}],"autores-libros":[{"ID":286174,"post_author":"3","post_date":"2022-12-10 03:47:26","post_date_gmt":"2022-12-10 02:47:26","post_content":"","post_title":"JOS\u00c9 LUIS NUNES MARTINS","post_excerpt":"","post_status":"publish","comment_status":"closed","ping_status":"closed","post_password":"","post_name":"jose-luis-nunes-martins","to_ping":"","pinged":"","post_modified":"2022-12-10 03:47:26","post_modified_gmt":"2022-12-10 02:47:26","post_content_filtered":"","post_parent":0,"guid":"http:\/\/dev.claret.cat\/autor\/jose-luis-nunes-martins\/","menu_order":0,"post_type":"autor","post_mime_type":"","comment_count":"0","filter":"raw"}]},"aioseo_notices":[],"_links":{"self":[{"href":"https:\/\/www.claret.cat\/es\/wp-json\/wp\/v2\/product\/212836","targetHints":{"allow":["GET"]}}],"collection":[{"href":"https:\/\/www.claret.cat\/es\/wp-json\/wp\/v2\/product"}],"about":[{"href":"https:\/\/www.claret.cat\/es\/wp-json\/wp\/v2\/types\/product"}],"wp:featuredmedia":[{"embeddable":true,"href":"https:\/\/www.claret.cat\/es\/wp-json\/wp\/v2\/media\/335573"}],"wp:attachment":[{"href":"https:\/\/www.claret.cat\/es\/wp-json\/wp\/v2\/media?parent=212836"}],"wp:term":[{"taxonomy":"product_brand","embeddable":true,"href":"https:\/\/www.claret.cat\/es\/wp-json\/wp\/v2\/product_brand?post=212836"},{"taxonomy":"product_cat","embeddable":true,"href":"https:\/\/www.claret.cat\/es\/wp-json\/wp\/v2\/product_cat?post=212836"},{"taxonomy":"product_tag","embeddable":true,"href":"https:\/\/www.claret.cat\/es\/wp-json\/wp\/v2\/product_tag?post=212836"}],"curies":[{"name":"wp","href":"https:\/\/api.w.org\/{rel}","templated":true}]}}