{"id":212896,"date":"2022-10-20T12:44:26","date_gmt":"2022-10-20T10:44:26","guid":{"rendered":"http:\/\/dev.claret.cat\/producte\/com-tres-i-dos-fan-cinc\/"},"modified":"2024-05-22T16:04:28","modified_gmt":"2024-05-22T14:04:28","slug":"com-tres-i-dos-fan-cinc-9788498838886","status":"publish","type":"product","link":"https:\/\/www.claret.cat\/es\/libro\/com-tres-i-dos-fan-cinc-9788498838886\/","title":{"rendered":"COM TRES I DOS FAN CINC"},"content":{"rendered":"<p>Contes esbojarrats, divertits i tendres. Amb moltes expressions vives, rimes i jocs de paraules. Els bessons Geni i Al en s\u00f3n els protagonistes. Amb un munt de preguntes esbojarrades i tamb\u00e9 de serioses per saber si ho has ent\u00e8s tot. I al final, la soluci\u00f3  Modisme. Construcci\u00f3 peculiar i t\u00edpica d&#8217;una llengua. Frase feta. Modisme o frase amb un significat que no es pot deduir del significat de les seves paraules Met\u00e0fora. \u00das d&#8217;una paraula amb un significat X quan el que de fet volem \u00e9s expressar un significat Y, que s&#8217;assembla a X. \u00c9s t\u00edpic dels poetes: que animals!<\/p>\n","protected":false},"excerpt":{"rendered":"<p>UBACH, MERC\u00c8; PALET MARIA<\/p>\n","protected":false},"featured_media":368977,"template":"","meta":{"_acf_changed":false,"om_disable_all_campaigns":false,"rs_blank_template":"","rs_page_bg_color":"","slide_template_v7":"","inline_featured_image":false,"_monsterinsights_skip_tracking":false,"_monsterinsights_sitenote_active":false,"_monsterinsights_sitenote_note":"","_monsterinsights_sitenote_category":0},"product_brand":[],"product_cat":[86,352],"product_tag":[],"class_list":{"0":"post-212896","1":"product","2":"type-product","3":"status-publish","4":"has-post-thumbnail","6":"product_cat-infantil","7":"product_cat-infantil-3_infantil-juvenil-spa","9":"first","10":"instock","11":"taxable","12":"shipping-taxable","13":"purchasable","14":"product-type-simple"},"acf":{"autor":"UBACH, MERC\u00c8; PALET MARIA","codart":"849883888","libros-coleccion":"SUSHI BOOKS","ediciones":"1","encuadernacion":"R\u00fastica","fecha_de_publicacion":"17\/03\/2017","novedad":"1","paginas":"40","subtitulo":"","orden":"0","portada":"0","idioma":"cat","editorial":[{"ID":8266,"post_author":"3","post_date":"2022-09-30 09:21:36","post_date_gmt":"2022-09-30 07:21:36","post_content":"","post_title":"PUBLICACIONS DE L'ABADIA DE MONTSERRAT","post_excerpt":"","post_status":"publish","comment_status":"closed","ping_status":"closed","post_password":"","post_name":"publicacions-de-labadia-de-montserrat-5","to_ping":"","pinged":"","post_modified":"2022-09-30 09:21:36","post_modified_gmt":"2022-09-30 07:21:36","post_content_filtered":"","post_parent":0,"guid":"http:\/\/dev.claret.cat\/editorial\/publicacions-de-labadia-de-montserrat-5\/","menu_order":0,"post_type":"editorial","post_mime_type":"","comment_count":"0","filter":"raw"}],"autores-libros":[{"ID":323921,"post_author":"3","post_date":"2023-01-03 06:02:23","post_date_gmt":"2023-01-03 05:02:23","post_content":"","post_title":"MERC\u00c8 UBACH","post_excerpt":"","post_status":"publish","comment_status":"closed","ping_status":"closed","post_password":"","post_name":"merce-ubach","to_ping":"","pinged":"","post_modified":"2023-01-03 06:02:23","post_modified_gmt":"2023-01-03 05:02:23","post_content_filtered":"","post_parent":0,"guid":"https:\/\/www.claret.cat\/autor\/merce-ubach\/","menu_order":0,"post_type":"autor","post_mime_type":"","comment_count":"0","filter":"raw"},{"ID":323926,"post_author":"3","post_date":"2023-01-03 06:02:40","post_date_gmt":"2023-01-03 05:02:40","post_content":"","post_title":"PALET MARIA","post_excerpt":"","post_status":"publish","comment_status":"closed","ping_status":"closed","post_password":"","post_name":"palet-maria","to_ping":"","pinged":"","post_modified":"2023-01-03 06:02:40","post_modified_gmt":"2023-01-03 05:02:40","post_content_filtered":"","post_parent":0,"guid":"https:\/\/www.claret.cat\/autor\/palet-maria\/","menu_order":0,"post_type":"autor","post_mime_type":"","comment_count":"0","filter":"raw"}]},"aioseo_notices":[],"_links":{"self":[{"href":"https:\/\/www.claret.cat\/es\/wp-json\/wp\/v2\/product\/212896","targetHints":{"allow":["GET"]}}],"collection":[{"href":"https:\/\/www.claret.cat\/es\/wp-json\/wp\/v2\/product"}],"about":[{"href":"https:\/\/www.claret.cat\/es\/wp-json\/wp\/v2\/types\/product"}],"wp:featuredmedia":[{"embeddable":true,"href":"https:\/\/www.claret.cat\/es\/wp-json\/wp\/v2\/media\/368977"}],"wp:attachment":[{"href":"https:\/\/www.claret.cat\/es\/wp-json\/wp\/v2\/media?parent=212896"}],"wp:term":[{"taxonomy":"product_brand","embeddable":true,"href":"https:\/\/www.claret.cat\/es\/wp-json\/wp\/v2\/product_brand?post=212896"},{"taxonomy":"product_cat","embeddable":true,"href":"https:\/\/www.claret.cat\/es\/wp-json\/wp\/v2\/product_cat?post=212896"},{"taxonomy":"product_tag","embeddable":true,"href":"https:\/\/www.claret.cat\/es\/wp-json\/wp\/v2\/product_tag?post=212896"}],"curies":[{"name":"wp","href":"https:\/\/api.w.org\/{rel}","templated":true}]}}