{"id":213004,"date":"2022-10-20T12:46:49","date_gmt":"2022-10-20T10:46:49","guid":{"rendered":"http:\/\/dev.claret.cat\/producte\/los-cuatro-amores\/"},"modified":"2026-04-23T19:41:12","modified_gmt":"2026-04-23T17:41:12","slug":"los-cuatro-amores-9788432147876","status":"publish","type":"product","link":"https:\/\/www.claret.cat\/es\/libro\/los-cuatro-amores-9788432147876\/","title":{"rendered":"LOS CUATRO AMORES"},"content":{"rendered":"<p>Esta obra es una l\u00facida reflexi\u00f3n acerca del amor. Partiendo de lo m\u00e1s bajo a lo m\u00e1s alto, del gusto y del placer de los sentidos, y de lo necesario del amor que toda persona experimenta, para recorrer seguidamente cada uno de los cuatro amores: el afecto, la amistad, el amor er\u00f3tico y la caridad.<\/p>\n","protected":false},"excerpt":{"rendered":"<p>LEWIS, CLIVE STAPLES<\/p>\n","protected":false},"featured_media":1093069,"template":"","meta":{"_acf_changed":false,"om_disable_all_campaigns":false,"rs_blank_template":"","rs_page_bg_color":"","slide_template_v7":"","inline_featured_image":false,"_monsterinsights_skip_tracking":false,"_monsterinsights_sitenote_active":false,"_monsterinsights_sitenote_note":"","_monsterinsights_sitenote_category":0},"product_brand":[],"product_cat":[345,79],"product_tag":[],"class_list":{"0":"post-213004","1":"product","2":"type-product","3":"status-publish","4":"has-post-thumbnail","6":"product_cat-espiritualidad","7":"product_cat-espiritualitat","9":"first","10":"instock","11":"taxable","12":"shipping-taxable","13":"purchasable","14":"product-type-simple"},"acf":{"autor":"LEWIS, CLIVE STAPLES","codart":"843214787","libros-coleccion":"FUERA DE COLECCI\u00d3N","ediciones":"2","encuadernacion":"R\u00fastica","fecha_de_publicacion":"13\/03\/2017","novedad":"1","paginas":"156","subtitulo":"","orden":"0","portada":"0","idioma":"spa","editorial":[{"ID":6348,"post_author":"3","post_date":"2022-07-28 17:50:16","post_date_gmt":"2022-07-28 15:50:16","post_content":"","post_title":"Rialp","post_excerpt":"","post_status":"publish","comment_status":"closed","ping_status":"closed","post_password":"","post_name":"rialp","to_ping":"","pinged":"","post_modified":"2022-07-28 17:50:16","post_modified_gmt":"2022-07-28 15:50:16","post_content_filtered":"","post_parent":0,"guid":"http:\/\/dev.claret.cat\/editorial\/rialp\/","menu_order":0,"post_type":"editorial","post_mime_type":"","comment_count":"0","filter":"raw"}],"autores-libros":[{"ID":293619,"post_author":"3","post_date":"2022-12-11 03:01:59","post_date_gmt":"2022-12-11 02:01:59","post_content":"","post_title":"CLIVE STAPLES LEWIS","post_excerpt":"","post_status":"publish","comment_status":"closed","ping_status":"closed","post_password":"","post_name":"clive-staples-lewis","to_ping":"","pinged":"","post_modified":"2022-12-11 03:01:59","post_modified_gmt":"2022-12-11 02:01:59","post_content_filtered":"","post_parent":0,"guid":"http:\/\/dev.claret.cat\/autor\/clive-staples-lewis\/","menu_order":0,"post_type":"autor","post_mime_type":"","comment_count":"0","filter":"raw"}],"booktrailer":"","resenas":""},"aioseo_notices":[],"_links":{"self":[{"href":"https:\/\/www.claret.cat\/es\/wp-json\/wp\/v2\/product\/213004","targetHints":{"allow":["GET"]}}],"collection":[{"href":"https:\/\/www.claret.cat\/es\/wp-json\/wp\/v2\/product"}],"about":[{"href":"https:\/\/www.claret.cat\/es\/wp-json\/wp\/v2\/types\/product"}],"wp:featuredmedia":[{"embeddable":true,"href":"https:\/\/www.claret.cat\/es\/wp-json\/wp\/v2\/media\/1093069"}],"wp:attachment":[{"href":"https:\/\/www.claret.cat\/es\/wp-json\/wp\/v2\/media?parent=213004"}],"wp:term":[{"taxonomy":"product_brand","embeddable":true,"href":"https:\/\/www.claret.cat\/es\/wp-json\/wp\/v2\/product_brand?post=213004"},{"taxonomy":"product_cat","embeddable":true,"href":"https:\/\/www.claret.cat\/es\/wp-json\/wp\/v2\/product_cat?post=213004"},{"taxonomy":"product_tag","embeddable":true,"href":"https:\/\/www.claret.cat\/es\/wp-json\/wp\/v2\/product_tag?post=213004"}],"curies":[{"name":"wp","href":"https:\/\/api.w.org\/{rel}","templated":true}]}}