{"id":213034,"date":"2022-10-20T12:47:27","date_gmt":"2022-10-20T10:47:27","guid":{"rendered":"http:\/\/dev.claret.cat\/producte\/el-libro-del-apocalipsis\/"},"modified":"2026-02-11T17:05:13","modified_gmt":"2026-02-11T16:05:13","slug":"el-libro-del-apocalipsis-9788428830874","status":"publish","type":"product","link":"https:\/\/www.claret.cat\/es\/libro\/el-libro-del-apocalipsis-9788428830874\/","title":{"rendered":"EL LIBRO DEL APOCALIPSIS"},"content":{"rendered":"<p>El Apocalipsis es el postrero libro de la Biblia y el m\u00e1s complicado de interpretar. Ning\u00fan otro texto inspirado ha suscitado tantos y tan diversos comentarios a lo largo de los siglos. A partir de \u00e9l, muchos han fijado la fecha del fin del mundo, han demonizado a personajes de la historia, han formado sectas, han generado expectativas aterradoras y han sembrado el p\u00e1nico y la angustia en la sociedad. Sin embargo, el Apocalipsis es un libro tremendamente esperanzador, quiz\u00e1 el de mayor optimismo de los que forman la Biblia. Es la obra que mayor paz y serenidad otorga a los lectores y la \u00fanica que promete una recompensa de felicidad a quienes la lean.<\/p>\n","protected":false},"excerpt":{"rendered":"<p>\u00c1LVAREZ VALD\u00c9S, ARIEL<\/p>\n","protected":false},"featured_media":337619,"template":"","meta":{"_acf_changed":false,"om_disable_all_campaigns":false,"rs_blank_template":"","rs_page_bg_color":"","slide_template_v7":"","inline_featured_image":false,"_monsterinsights_skip_tracking":false,"_monsterinsights_sitenote_active":false,"_monsterinsights_sitenote_note":"","_monsterinsights_sitenote_category":0},"product_brand":[],"product_cat":[75,341],"product_tag":[],"class_list":{"0":"post-213034","1":"product","2":"type-product","3":"status-publish","4":"has-post-thumbnail","6":"product_cat-biblia","7":"product_cat-biblia-es","9":"first","10":"instock","11":"taxable","12":"shipping-taxable","13":"purchasable","14":"product-type-simple"},"acf":{"autor":"\u00c1LVAREZ VALD\u00c9S, ARIEL","codart":"842883087","libros-coleccion":"SUSHI BOOKS","ediciones":"1","encuadernacion":"R\u00fastica","fecha_de_publicacion":"09\/03\/2017","novedad":"1","paginas":"192","subtitulo":"","orden":"0","portada":"0","idioma":"spa","editorial":[{"ID":6335,"post_author":"3","post_date":"2022-07-28 17:49:59","post_date_gmt":"2022-07-28 15:49:59","post_content":"","post_title":"PPC altres","post_excerpt":"","post_status":"publish","comment_status":"closed","ping_status":"closed","post_password":"","post_name":"ppc-altres","to_ping":"","pinged":"","post_modified":"2022-07-28 17:49:59","post_modified_gmt":"2022-07-28 15:49:59","post_content_filtered":"","post_parent":0,"guid":"http:\/\/dev.claret.cat\/editorial\/ppc-altres\/","menu_order":0,"post_type":"editorial","post_mime_type":"","comment_count":"0","filter":"raw"}],"autores-libros":[{"ID":151077,"post_author":"3","post_date":"2022-10-14 14:38:01","post_date_gmt":"2022-10-14 12:38:01","post_content":"","post_title":"ARIEL ALVAREZ VALDES","post_excerpt":"","post_status":"publish","comment_status":"closed","ping_status":"closed","post_password":"","post_name":"ariel-alvarez-valdes","to_ping":"","pinged":"","post_modified":"2022-10-14 14:38:01","post_modified_gmt":"2022-10-14 12:38:01","post_content_filtered":"","post_parent":0,"guid":"http:\/\/dev.claret.cat\/autor\/ariel-alvarez-valdes\/","menu_order":0,"post_type":"autor","post_mime_type":"","comment_count":"0","filter":"raw"}],"booktrailer":"","resenas":""},"aioseo_notices":[],"_links":{"self":[{"href":"https:\/\/www.claret.cat\/es\/wp-json\/wp\/v2\/product\/213034","targetHints":{"allow":["GET"]}}],"collection":[{"href":"https:\/\/www.claret.cat\/es\/wp-json\/wp\/v2\/product"}],"about":[{"href":"https:\/\/www.claret.cat\/es\/wp-json\/wp\/v2\/types\/product"}],"wp:featuredmedia":[{"embeddable":true,"href":"https:\/\/www.claret.cat\/es\/wp-json\/wp\/v2\/media\/337619"}],"wp:attachment":[{"href":"https:\/\/www.claret.cat\/es\/wp-json\/wp\/v2\/media?parent=213034"}],"wp:term":[{"taxonomy":"product_brand","embeddable":true,"href":"https:\/\/www.claret.cat\/es\/wp-json\/wp\/v2\/product_brand?post=213034"},{"taxonomy":"product_cat","embeddable":true,"href":"https:\/\/www.claret.cat\/es\/wp-json\/wp\/v2\/product_cat?post=213034"},{"taxonomy":"product_tag","embeddable":true,"href":"https:\/\/www.claret.cat\/es\/wp-json\/wp\/v2\/product_tag?post=213034"}],"curies":[{"name":"wp","href":"https:\/\/api.w.org\/{rel}","templated":true}]}}