{"id":213100,"date":"2022-10-20T12:49:48","date_gmt":"2022-10-20T10:49:48","guid":{"rendered":"http:\/\/dev.claret.cat\/producte\/cine-para-leer-julio-diciembre-2016\/"},"modified":"2024-05-02T12:50:51","modified_gmt":"2024-05-02T10:50:51","slug":"cine-para-leer-julio-diciembre-2016-9788427140073","status":"publish","type":"product","link":"https:\/\/www.claret.cat\/es\/libro\/cine-para-leer-julio-diciembre-2016-9788427140073\/","title":{"rendered":"CINE PARA LEER &#8211; JULIO &#8211; DICIEMBRE 2016"},"content":{"rendered":"<p>El equipo rese\u00f1a analiza y comenta las pel\u00edculas de este semestre atendiendo a sus aspectos sociales, art\u00edsticos e industriales.<\/p>\n","protected":false},"excerpt":{"rendered":"<p>EQUIPO RESE\u00d1A &#8211; MENSAJERO<\/p>\n","protected":false},"featured_media":332335,"template":"","meta":{"_acf_changed":false,"om_disable_all_campaigns":false,"rs_blank_template":"","rs_page_bg_color":"","slide_template_v7":"","inline_featured_image":false,"_monsterinsights_skip_tracking":false,"_monsterinsights_sitenote_active":false,"_monsterinsights_sitenote_note":"","_monsterinsights_sitenote_category":0},"product_brand":[],"product_cat":[348,82],"product_tag":[],"class_list":{"0":"post-213100","1":"product","2":"type-product","3":"status-publish","4":"has-post-thumbnail","6":"product_cat-pedagogia-2_humanidades","7":"product_cat-pedagogia","9":"first","10":"instock","11":"taxable","12":"shipping-taxable","13":"purchasable","14":"product-type-simple"},"acf":{"autor":"EQUIPO RESE\u00d1A - MENSAJERO","codart":"842714007","libros-coleccion":"SUSHI BOOKS","ediciones":"1","encuadernacion":"R\u00fastica","fecha_de_publicacion":"06\/03\/2017","novedad":"1","paginas":"320","subtitulo":"","orden":"0","portada":"0","idioma":"spa","editorial":[{"ID":8258,"post_author":"3","post_date":"2022-09-30 09:21:32","post_date_gmt":"2022-09-30 07:21:32","post_content":"","post_title":"MENSAJERO","post_excerpt":"","post_status":"publish","comment_status":"closed","ping_status":"closed","post_password":"","post_name":"mensajero","to_ping":"","pinged":"","post_modified":"2022-09-30 09:21:32","post_modified_gmt":"2022-09-30 07:21:32","post_content_filtered":"","post_parent":0,"guid":"http:\/\/dev.claret.cat\/editorial\/mensajero\/","menu_order":0,"post_type":"editorial","post_mime_type":"","comment_count":"0","filter":"raw"}],"autores-libros":[{"ID":282660,"post_author":"3","post_date":"2022-12-10 00:50:42","post_date_gmt":"2022-12-09 23:50:42","post_content":"","post_title":"EQUIPO RESE\u00d1A - MENSAJERO","post_excerpt":"","post_status":"publish","comment_status":"closed","ping_status":"closed","post_password":"","post_name":"equipo-resena-mensajero-2","to_ping":"","pinged":"","post_modified":"2022-12-10 00:50:42","post_modified_gmt":"2022-12-09 23:50:42","post_content_filtered":"","post_parent":0,"guid":"http:\/\/dev.claret.cat\/autor\/equipo-resena-mensajero-2\/","menu_order":0,"post_type":"autor","post_mime_type":"","comment_count":"0","filter":"raw"}]},"aioseo_notices":[],"_links":{"self":[{"href":"https:\/\/www.claret.cat\/es\/wp-json\/wp\/v2\/product\/213100","targetHints":{"allow":["GET"]}}],"collection":[{"href":"https:\/\/www.claret.cat\/es\/wp-json\/wp\/v2\/product"}],"about":[{"href":"https:\/\/www.claret.cat\/es\/wp-json\/wp\/v2\/types\/product"}],"wp:featuredmedia":[{"embeddable":true,"href":"https:\/\/www.claret.cat\/es\/wp-json\/wp\/v2\/media\/332335"}],"wp:attachment":[{"href":"https:\/\/www.claret.cat\/es\/wp-json\/wp\/v2\/media?parent=213100"}],"wp:term":[{"taxonomy":"product_brand","embeddable":true,"href":"https:\/\/www.claret.cat\/es\/wp-json\/wp\/v2\/product_brand?post=213100"},{"taxonomy":"product_cat","embeddable":true,"href":"https:\/\/www.claret.cat\/es\/wp-json\/wp\/v2\/product_cat?post=213100"},{"taxonomy":"product_tag","embeddable":true,"href":"https:\/\/www.claret.cat\/es\/wp-json\/wp\/v2\/product_tag?post=213100"}],"curies":[{"name":"wp","href":"https:\/\/api.w.org\/{rel}","templated":true}]}}