{"id":213109,"date":"2022-10-20T12:50:00","date_gmt":"2022-10-20T10:50:00","guid":{"rendered":"http:\/\/dev.claret.cat\/producte\/salud-y-felicidad\/"},"modified":"2026-04-01T15:07:36","modified_gmt":"2026-04-01T13:07:36","slug":"salud-y-felicidad-9788429326284","status":"publish","type":"product","link":"https:\/\/www.claret.cat\/es\/libro\/salud-y-felicidad-9788429326284\/","title":{"rendered":"SALUD Y FELICIDAD"},"content":{"rendered":"<p>El autor quiere salir al paso de las recetas f\u00e1ciles para ser feliz y escribe este libro de autoayuda en el buen sentido de la palabra. Para \u00e9l, es importante que cada persona tome conciencia de su situaci\u00f3n y descubra desde ah\u00ed el significado de ser feliz.<\/p>\n","protected":false},"excerpt":{"rendered":"<p>CORNAGO S\u00c1NCHEZ, \u00c1NGEL<\/p>\n","protected":false},"featured_media":340500,"template":"","meta":{"_acf_changed":false,"om_disable_all_campaigns":false,"rs_blank_template":"","rs_page_bg_color":"","slide_template_v7":"","inline_featured_image":false,"_monsterinsights_skip_tracking":false,"_monsterinsights_sitenote_active":false,"_monsterinsights_sitenote_note":"","_monsterinsights_sitenote_category":0},"product_brand":[],"product_cat":[547,97],"product_tag":[],"class_list":{"0":"post-213109","1":"product","2":"type-product","3":"status-publish","4":"has-post-thumbnail","6":"product_cat-salud","7":"product_cat-salut","9":"first","10":"instock","11":"taxable","12":"shipping-taxable","13":"purchasable","14":"product-type-simple"},"acf":{"autor":"CORNAGO S\u00c1NCHEZ, \u00c1NGEL","codart":"842932628","libros-coleccion":"Proyecto","ediciones":"1","encuadernacion":"R\u00fastica","fecha_de_publicacion":"06\/03\/2017","novedad":"1","paginas":"296","subtitulo":"","orden":"0","portada":"0","idioma":"spa","editorial":[{"ID":6351,"post_author":"3","post_date":"2022-07-28 17:50:19","post_date_gmt":"2022-07-28 15:50:19","post_content":"","post_title":"Sal Terrae","post_excerpt":"","post_status":"publish","comment_status":"closed","ping_status":"closed","post_password":"","post_name":"sal-terrae","to_ping":"","pinged":"","post_modified":"2022-07-28 17:50:19","post_modified_gmt":"2022-07-28 15:50:19","post_content_filtered":"","post_parent":0,"guid":"http:\/\/dev.claret.cat\/editorial\/sal-terrae\/","menu_order":0,"post_type":"editorial","post_mime_type":"","comment_count":"0","filter":"raw"}],"autores-libros":[{"ID":291398,"post_author":"3","post_date":"2022-12-10 23:33:37","post_date_gmt":"2022-12-10 22:33:37","post_content":"","post_title":"ANGEL CORNAGO S\u00c1NCHEZ","post_excerpt":"","post_status":"publish","comment_status":"closed","ping_status":"closed","post_password":"","post_name":"angel-cornago-sanchez","to_ping":"","pinged":"","post_modified":"2022-12-10 23:33:37","post_modified_gmt":"2022-12-10 22:33:37","post_content_filtered":"","post_parent":0,"guid":"http:\/\/dev.claret.cat\/autor\/angel-cornago-sanchez\/","menu_order":0,"post_type":"autor","post_mime_type":"","comment_count":"0","filter":"raw"}],"booktrailer":"","resenas":""},"aioseo_notices":[],"_links":{"self":[{"href":"https:\/\/www.claret.cat\/es\/wp-json\/wp\/v2\/product\/213109","targetHints":{"allow":["GET"]}}],"collection":[{"href":"https:\/\/www.claret.cat\/es\/wp-json\/wp\/v2\/product"}],"about":[{"href":"https:\/\/www.claret.cat\/es\/wp-json\/wp\/v2\/types\/product"}],"wp:featuredmedia":[{"embeddable":true,"href":"https:\/\/www.claret.cat\/es\/wp-json\/wp\/v2\/media\/340500"}],"wp:attachment":[{"href":"https:\/\/www.claret.cat\/es\/wp-json\/wp\/v2\/media?parent=213109"}],"wp:term":[{"taxonomy":"product_brand","embeddable":true,"href":"https:\/\/www.claret.cat\/es\/wp-json\/wp\/v2\/product_brand?post=213109"},{"taxonomy":"product_cat","embeddable":true,"href":"https:\/\/www.claret.cat\/es\/wp-json\/wp\/v2\/product_cat?post=213109"},{"taxonomy":"product_tag","embeddable":true,"href":"https:\/\/www.claret.cat\/es\/wp-json\/wp\/v2\/product_tag?post=213109"}],"curies":[{"name":"wp","href":"https:\/\/api.w.org\/{rel}","templated":true}]}}