{"id":213112,"date":"2022-10-20T12:50:03","date_gmt":"2022-10-20T10:50:03","guid":{"rendered":"http:\/\/dev.claret.cat\/producte\/orar-el-duelo\/"},"modified":"2026-04-01T10:04:25","modified_gmt":"2026-04-01T08:04:25","slug":"orar-el-duelo-9788429326291","status":"publish","type":"product","link":"https:\/\/www.claret.cat\/es\/libro\/orar-el-duelo-9788429326291\/","title":{"rendered":"ORAR EL DUELO"},"content":{"rendered":"<p>La experiencia del sufrimiento ante la muerte es el punto de inicio de esta obra que muestra un sendero para cambiar el duelo en oraci\u00f3n. Es otorgarle t\u00e9rminos al coraz\u00f3n, narrar la propia peque\u00f1ez y necesidad, agradecer, reconocer el  misterio, visualizar la hermosura&#8230; todo ello es intensamente humano y humanizador.<\/p>\n","protected":false},"excerpt":{"rendered":"<p>BERMEJO, JOS\u00c9 CARLOS; AYERRA, MARI PATXI<\/p>\n","protected":false},"featured_media":340502,"template":"","meta":{"_acf_changed":false,"om_disable_all_campaigns":false,"rs_blank_template":"","rs_page_bg_color":"","slide_template_v7":"","inline_featured_image":false,"_monsterinsights_skip_tracking":false,"_monsterinsights_sitenote_active":false,"_monsterinsights_sitenote_note":"","_monsterinsights_sitenote_category":0},"product_brand":[],"product_cat":[345,79,344,78],"product_tag":[],"class_list":{"0":"post-213112","1":"product","2":"type-product","3":"status-publish","4":"has-post-thumbnail","6":"product_cat-espiritualidad","7":"product_cat-espiritualitat","8":"product_cat-pastoral-1_espiritualidad","9":"product_cat-pastoral","11":"first","12":"instock","13":"taxable","14":"shipping-taxable","15":"purchasable","16":"product-type-simple"},"acf":{"autor":"BERMEJO, JOS\u00c9 CARLOS; AYERRA, MARI PATXI","codart":"842932629","libros-coleccion":"El Pozo de Siquem","ediciones":"1","encuadernacion":"R\u00fastica","fecha_de_publicacion":"06\/03\/2017","novedad":"1","paginas":"152","subtitulo":"","orden":"0","portada":"0","idioma":"spa","editorial":[{"ID":6351,"post_author":"3","post_date":"2022-07-28 17:50:19","post_date_gmt":"2022-07-28 15:50:19","post_content":"","post_title":"Sal Terrae","post_excerpt":"","post_status":"publish","comment_status":"closed","ping_status":"closed","post_password":"","post_name":"sal-terrae","to_ping":"","pinged":"","post_modified":"2022-07-28 17:50:19","post_modified_gmt":"2022-07-28 15:50:19","post_content_filtered":"","post_parent":0,"guid":"http:\/\/dev.claret.cat\/editorial\/sal-terrae\/","menu_order":0,"post_type":"editorial","post_mime_type":"","comment_count":"0","filter":"raw"}],"autores-libros":[{"ID":5637,"post_author":"3","post_date":"2022-07-28 17:28:16","post_date_gmt":"2022-07-28 15:28:16","post_content":"","post_title":"JOS\u00c9 CARLOS BERMEJO","post_excerpt":"","post_status":"publish","comment_status":"closed","ping_status":"closed","post_password":"","post_name":"jose-carlos-bermejo","to_ping":"","pinged":"","post_modified":"2022-07-28 17:28:16","post_modified_gmt":"2022-07-28 15:28:16","post_content_filtered":"","post_parent":0,"guid":"http:\/\/dev.claret.cat\/autor\/jose-carlos-bermejo\/","menu_order":0,"post_type":"autor","post_mime_type":"","comment_count":"0","filter":"raw"},{"ID":5789,"post_author":"3","post_date":"2022-07-28 17:31:30","post_date_gmt":"2022-07-28 15:31:30","post_content":"","post_title":"MARI PATXI AYERRA","post_excerpt":"","post_status":"publish","comment_status":"closed","ping_status":"closed","post_password":"","post_name":"mari-patxi-ayerra","to_ping":"","pinged":"","post_modified":"2022-07-28 17:31:30","post_modified_gmt":"2022-07-28 15:31:30","post_content_filtered":"","post_parent":0,"guid":"http:\/\/dev.claret.cat\/autor\/mari-patxi-ayerra\/","menu_order":0,"post_type":"autor","post_mime_type":"","comment_count":"0","filter":"raw"}],"booktrailer":"","resenas":""},"aioseo_notices":[],"_links":{"self":[{"href":"https:\/\/www.claret.cat\/es\/wp-json\/wp\/v2\/product\/213112","targetHints":{"allow":["GET"]}}],"collection":[{"href":"https:\/\/www.claret.cat\/es\/wp-json\/wp\/v2\/product"}],"about":[{"href":"https:\/\/www.claret.cat\/es\/wp-json\/wp\/v2\/types\/product"}],"wp:featuredmedia":[{"embeddable":true,"href":"https:\/\/www.claret.cat\/es\/wp-json\/wp\/v2\/media\/340502"}],"wp:attachment":[{"href":"https:\/\/www.claret.cat\/es\/wp-json\/wp\/v2\/media?parent=213112"}],"wp:term":[{"taxonomy":"product_brand","embeddable":true,"href":"https:\/\/www.claret.cat\/es\/wp-json\/wp\/v2\/product_brand?post=213112"},{"taxonomy":"product_cat","embeddable":true,"href":"https:\/\/www.claret.cat\/es\/wp-json\/wp\/v2\/product_cat?post=213112"},{"taxonomy":"product_tag","embeddable":true,"href":"https:\/\/www.claret.cat\/es\/wp-json\/wp\/v2\/product_tag?post=213112"}],"curies":[{"name":"wp","href":"https:\/\/api.w.org\/{rel}","templated":true}]}}