{"id":213235,"date":"2022-10-20T12:52:31","date_gmt":"2022-10-20T10:52:31","guid":{"rendered":"http:\/\/dev.claret.cat\/producte\/yellow-van-8-max-y-mia-en-el-castillo-de-las-princesas\/"},"modified":"2025-01-31T19:37:15","modified_gmt":"2025-01-31T18:37:15","slug":"yellow-van-8-max-y-mia-en-el-castillo-de-las-princesas-9788424659851","status":"publish","type":"product","link":"https:\/\/www.claret.cat\/es\/libro\/yellow-van-8-max-y-mia-en-el-castillo-de-las-princesas-9788424659851\/","title":{"rendered":"YELLOW VAN 8. MAX Y M\u00cdA EN EL CASTILLO DE LAS PRINCESAS"},"content":{"rendered":"<p>M\u00eda se despierta muy contenta: han ido a parar a un castillo donde podr\u00e1 cumplir su sue\u00f1o, ser princesa. Max parece aburrido, pero por dentro se lo est\u00e1 pasando en grande.<\/p>\n","protected":false},"excerpt":{"rendered":"<p>DICKINSON, VITA<\/p>\n","protected":false},"featured_media":213236,"template":"","meta":{"_acf_changed":false,"om_disable_all_campaigns":false,"rs_blank_template":"","rs_page_bg_color":"","slide_template_v7":"","inline_featured_image":false,"_monsterinsights_skip_tracking":false,"_monsterinsights_sitenote_active":false,"_monsterinsights_sitenote_note":"","_monsterinsights_sitenote_category":0},"product_brand":[],"product_cat":[86,352],"product_tag":[],"class_list":{"0":"post-213235","1":"product","2":"type-product","3":"status-publish","4":"has-post-thumbnail","6":"product_cat-infantil","7":"product_cat-infantil-3_infantil-juvenil-spa","9":"first","10":"instock","11":"taxable","12":"shipping-taxable","13":"purchasable","14":"product-type-simple"},"acf":{"autor":"DICKINSON, VITA","codart":"842465985","libros-coleccion":"SUSHI BOOKS","ediciones":"1","encuadernacion":"R\u00fastica","fecha_de_publicacion":"01\/03\/2017","novedad":"1","paginas":"54","subtitulo":"","orden":"0","portada":"0","idioma":"spa","autores-libros":[{"ID":171173,"post_author":"3","post_date":"2022-10-14 22:41:16","post_date_gmt":"2022-10-14 20:41:16","post_content":"","post_title":"VITA DICKINSON","post_excerpt":"","post_status":"publish","comment_status":"closed","ping_status":"closed","post_password":"","post_name":"vita-dickinson","to_ping":"","pinged":"","post_modified":"2022-10-14 22:41:16","post_modified_gmt":"2022-10-14 20:41:16","post_content_filtered":"","post_parent":0,"guid":"http:\/\/dev.claret.cat\/autor\/vita-dickinson\/","menu_order":0,"post_type":"autor","post_mime_type":"","comment_count":"0","filter":"raw"}],"editorial":[{"ID":262224,"post_author":"3","post_date":"2022-10-24 11:21:33","post_date_gmt":"2022-10-24 09:21:33","post_content":"","post_title":"La Galera, SAU","post_excerpt":"","post_status":"publish","comment_status":"closed","ping_status":"closed","post_password":"","post_name":"la-galera-sau","to_ping":"","pinged":"","post_modified":"2022-10-24 11:21:33","post_modified_gmt":"2022-10-24 09:21:33","post_content_filtered":"","post_parent":0,"guid":"http:\/\/dev.claret.cat\/editorial\/la-galera-sau\/","menu_order":0,"post_type":"editorial","post_mime_type":"","comment_count":"0","filter":"raw"}]},"aioseo_notices":[],"_links":{"self":[{"href":"https:\/\/www.claret.cat\/es\/wp-json\/wp\/v2\/product\/213235","targetHints":{"allow":["GET"]}}],"collection":[{"href":"https:\/\/www.claret.cat\/es\/wp-json\/wp\/v2\/product"}],"about":[{"href":"https:\/\/www.claret.cat\/es\/wp-json\/wp\/v2\/types\/product"}],"wp:featuredmedia":[{"embeddable":true,"href":"https:\/\/www.claret.cat\/es\/wp-json\/wp\/v2\/media\/213236"}],"wp:attachment":[{"href":"https:\/\/www.claret.cat\/es\/wp-json\/wp\/v2\/media?parent=213235"}],"wp:term":[{"taxonomy":"product_brand","embeddable":true,"href":"https:\/\/www.claret.cat\/es\/wp-json\/wp\/v2\/product_brand?post=213235"},{"taxonomy":"product_cat","embeddable":true,"href":"https:\/\/www.claret.cat\/es\/wp-json\/wp\/v2\/product_cat?post=213235"},{"taxonomy":"product_tag","embeddable":true,"href":"https:\/\/www.claret.cat\/es\/wp-json\/wp\/v2\/product_tag?post=213235"}],"curies":[{"name":"wp","href":"https:\/\/api.w.org\/{rel}","templated":true}]}}