{"id":213310,"date":"2022-10-20T12:54:01","date_gmt":"2022-10-20T10:54:01","guid":{"rendered":"http:\/\/dev.claret.cat\/producte\/el-gen\/"},"modified":"2023-01-28T10:51:00","modified_gmt":"2023-01-28T09:51:00","slug":"el-gen-9788499926520","status":"publish","type":"product","link":"https:\/\/www.claret.cat\/es\/libro\/el-gen-9788499926520\/","title":{"rendered":"EL GEN"},"content":{"rendered":"<p>Portentoso, imprescindible y conmovedor, Siddhartha Mukherjee, ganador del Premio Pulitzer por El emperador de todos los males, ha realizado una maravillosa \u00abbiograf\u00eda\u00bb del gen y una respuesta a una de las preguntas m\u00e1s trascendentales del  futuro: \u00bfQu\u00e9 quiere decir ser humano cuando se puede modificar la informaci\u00f3n gen\u00e9tica? La historia de c\u00f3mo hemos descifrado el c\u00f3digo fuente que nos hace humanos engloba todo el planeta y varios a\u00f1os -y posiblemente defina el futuro que nos espera. Entrelazando ciencia, historia y experiencias \u00edntimas, Mukherjee realiza un viaje por el nacimiento, el crecimiento, la influencia y el futuro de una de las ideas m\u00e1s poderosas y peligrosas de la historia de la ciencia: el gen, la unidad fundamental de la herencia, y la unidad b\u00e1sica de toda la informaci\u00f3n biol\u00f3gica. Desde Arist\u00f3teles y Pit\u00e1goras,  pasando por los descubrimientos excluidos de Mendel, la revoluci\u00f3n de Darwin, Watson y Franklin, hasta los avances m\u00e1s novedosos realizados en el presente siglo, este libro nos recuerda c\u00f3mo la gen\u00e9tica nos afecta a todos en cada instante. Rese\u00f1as:<br \/> \u00abEsta quiz\u00e1 sea la mejor historia de suspense jam\u00e1s narrada, una b\u00fasqueda de milenios dirigida por millares exploradores, de Arist\u00f3teles  a Mendel a Francis Collins, tras el enigma en el centro de cada c\u00e9lula. Como El emperador de todos los males, El gen es fant\u00e1stica, arrebatadora y finalmente transcendente. Si te interesa en qu\u00e9 consiste ser humano ahora y en todos los ma\u00f1anas venideras, tienes que leerlo.\u00bb <br \/>Anthony Doerr, autor de La luz que no puedes ver \u00abEl gen es una maravillosa s\u00edntesis de la ciencia de la vida, y nos  obliga a enfrentarnos con el n\u00facleo de esa ciencia, as\u00ed como con los  retos morales y filos\u00f3ficos a nuestra idea de en qu\u00e9 consiste ser humano.\u00bb<br \/> Paul Berg, Premio Nobel de Qu\u00edmica \u00abMagn\u00edfico&#8230; La historia del gen se ha contado por trozos de distintas formas, pero jam\u00e1s con la perspectiva y la grandeza que Mukherjee aporta a su historia.\u00bb <br \/>James Gleick, New York Times Book Review<\/p>\n","protected":false},"excerpt":{"rendered":"<p>MUKHERJEE, SIDDHARTHA<\/p>\n","protected":false},"featured_media":213311,"template":"","meta":{"_acf_changed":false,"om_disable_all_campaigns":false,"rs_blank_template":"","rs_page_bg_color":"","slide_template_v7":"","inline_featured_image":false,"_monsterinsights_skip_tracking":false,"_monsterinsights_sitenote_active":false,"_monsterinsights_sitenote_note":"","_monsterinsights_sitenote_category":0},"product_brand":[],"product_cat":[104],"product_tag":[],"class_list":{"0":"post-213310","1":"product","2":"type-product","3":"status-publish","4":"has-post-thumbnail","6":"product_cat-ciencia","8":"first","9":"instock","10":"taxable","11":"shipping-taxable","12":"purchasable","13":"product-type-simple"},"acf":{"autor":"MUKHERJEE, SIDDHARTHA","codart":"849992652","libros-coleccion":"Debate","ediciones":"1","encuadernacion":"Carton\u00e9","fecha_de_publicacion":"01\/03\/2017","novedad":"1","paginas":"698","subtitulo":"UNA HISTORIA PERSONAL","orden":"0","portada":"0","idioma":"spa","editorial":[{"ID":6177,"post_author":"3","post_date":"2022-07-28 17:46:33","post_date_gmt":"2022-07-28 15:46:33","post_content":"","post_title":"DEBATE","post_excerpt":"","post_status":"publish","comment_status":"closed","ping_status":"closed","post_password":"","post_name":"debate","to_ping":"","pinged":"","post_modified":"2022-07-28 17:46:33","post_modified_gmt":"2022-07-28 15:46:33","post_content_filtered":"","post_parent":0,"guid":"http:\/\/dev.claret.cat\/editorial\/debate\/","menu_order":0,"post_type":"editorial","post_mime_type":"","comment_count":"0","filter":"raw"}],"autores-libros":[{"ID":169450,"post_author":"3","post_date":"2022-10-14 22:27:20","post_date_gmt":"2022-10-14 20:27:20","post_content":"","post_title":"SIDDHARTHA MUKHERJEE","post_excerpt":"","post_status":"publish","comment_status":"closed","ping_status":"closed","post_password":"","post_name":"siddhartha-mukherjee","to_ping":"","pinged":"","post_modified":"2022-10-14 22:27:20","post_modified_gmt":"2022-10-14 20:27:20","post_content_filtered":"","post_parent":0,"guid":"http:\/\/dev.claret.cat\/autor\/siddhartha-mukherjee\/","menu_order":0,"post_type":"autor","post_mime_type":"","comment_count":"0","filter":"raw"}]},"aioseo_notices":[],"_links":{"self":[{"href":"https:\/\/www.claret.cat\/es\/wp-json\/wp\/v2\/product\/213310","targetHints":{"allow":["GET"]}}],"collection":[{"href":"https:\/\/www.claret.cat\/es\/wp-json\/wp\/v2\/product"}],"about":[{"href":"https:\/\/www.claret.cat\/es\/wp-json\/wp\/v2\/types\/product"}],"wp:featuredmedia":[{"embeddable":true,"href":"https:\/\/www.claret.cat\/es\/wp-json\/wp\/v2\/media\/213311"}],"wp:attachment":[{"href":"https:\/\/www.claret.cat\/es\/wp-json\/wp\/v2\/media?parent=213310"}],"wp:term":[{"taxonomy":"product_brand","embeddable":true,"href":"https:\/\/www.claret.cat\/es\/wp-json\/wp\/v2\/product_brand?post=213310"},{"taxonomy":"product_cat","embeddable":true,"href":"https:\/\/www.claret.cat\/es\/wp-json\/wp\/v2\/product_cat?post=213310"},{"taxonomy":"product_tag","embeddable":true,"href":"https:\/\/www.claret.cat\/es\/wp-json\/wp\/v2\/product_tag?post=213310"}],"curies":[{"name":"wp","href":"https:\/\/api.w.org\/{rel}","templated":true}]}}