{"id":213361,"date":"2022-10-20T12:55:02","date_gmt":"2022-10-20T10:55:02","guid":{"rendered":"http:\/\/dev.claret.cat\/producte\/house-of-cards-y-la-filosofia\/"},"modified":"2023-01-28T22:37:04","modified_gmt":"2023-01-28T21:37:04","slug":"house-of-cards-y-la-filosofia-9788416498284","status":"publish","type":"product","link":"https:\/\/www.claret.cat\/es\/libro\/house-of-cards-y-la-filosofia-9788416498284\/","title":{"rendered":"HOUSE OF CARDS Y LA FILOSOF\u00cdA"},"content":{"rendered":"<p>Un acercamiento singular y \u00fanico a la serie House of Cards, que analiza las tesis filos\u00f3ficas que se esconden y se pueden extraer del m\u00edtico universo protagonizado por el matrimonio Frank y Claire Underwood.\u00bfSobrestimamos la democracia? \u00bfEl poder corrompe? \u00bfO es que los corruptos ans\u00edan el poder?  \u00bfLas grandes empresas mueven los hilos de los pol\u00edticos? \u00bfPuede la pol\u00edtica cumplir con las promesas de justicia? \u00bfPor qu\u00e9 Frank Underwood habla directamente a c\u00e1mara? En House of Cards se representan nuestros peores temores acerca de la pol\u00edtica de hoy en d\u00eda. Lo podemos amar o bien odiar, pero lo cierto es que Frank Underwood ha trazado una carrera mete\u00f3rica inimitable en Washington. \u00c9l y sus cohortes han establecido las relaciones m\u00e1s oscuras dentro de los pasillos relucientes de las veneradas instituciones pol\u00edticas americanas. Los veinticuatro ensayos originales presentes en este libro examinan cuestiones filos\u00f3ficas clave que hay detr\u00e1s de conceptos que estructuran la serie, como son los de verdad, justicia, igualdad, oportunidad o privilegio. Las maquinaciones de Frank Underwood se mueven en el terreno de la amoralidad, estamos delante de un anti-h\u00e9roe que vehicula en su interior una discusi\u00f3n, un choque, de las teor\u00edas pol\u00edticas de varios y tan diversos fil\u00f3sofos como Plat\u00f3n, Arist\u00f3teles, Nietzsche, Maquiavelo, Hobbes o Marx. A partir de la \u00e9tica pol\u00edtica y empresarial, las relaciones raciales, el pragmatismo implacable y los medios de comunicaci\u00f3n, estos ensayos abordan una serie de cuestiones importantes no s\u00f3lo para entender House of Cards, sino tambi\u00e9n para poder comprender nuestra sociedad actual.<\/p>\n","protected":false},"excerpt":{"rendered":"<p>HACKETT, J. EDWARD \/ IRWIN, WILLIAM<\/p>\n","protected":false},"featured_media":213362,"template":"","meta":{"_acf_changed":false,"om_disable_all_campaigns":false,"rs_blank_template":"","rs_page_bg_color":"","slide_template_v7":"","inline_featured_image":false,"_monsterinsights_skip_tracking":false,"_monsterinsights_sitenote_active":false,"_monsterinsights_sitenote_note":"","_monsterinsights_sitenote_category":0},"product_brand":[],"product_cat":[84],"product_tag":[],"class_list":{"0":"post-213361","1":"product","2":"type-product","3":"status-publish","4":"has-post-thumbnail","6":"product_cat-sociologia","8":"first","9":"instock","10":"taxable","11":"shipping-taxable","12":"purchasable","13":"product-type-simple"},"acf":{"autor":"HACKETT, J. EDWARD \/ IRWIN, WILLIAM","codart":"841649828","libros-coleccion":"SUSHI BOOKS","ediciones":"1","encuadernacion":"R\u00fastica","fecha_de_publicacion":"01\/03\/2017","novedad":"1","paginas":"345","subtitulo":"LA REP\u00daBLICA DE UNDERWOOD","orden":"0","portada":"0","idioma":"spa","editorial":[{"ID":148755,"post_author":"3","post_date":"2022-10-14 12:00:44","post_date_gmt":"2022-10-14 10:00:44","post_content":"","post_title":"Roca Editorial","post_excerpt":"","post_status":"publish","comment_status":"closed","ping_status":"closed","post_password":"","post_name":"roca-editorial","to_ping":"","pinged":"","post_modified":"2022-10-14 12:00:44","post_modified_gmt":"2022-10-14 10:00:44","post_content_filtered":"","post_parent":0,"guid":"http:\/\/dev.claret.cat\/editorial\/roca-editorial\/","menu_order":0,"post_type":"editorial","post_mime_type":"","comment_count":"0","filter":"raw"}],"autores-libros":[{"ID":171318,"post_author":"3","post_date":"2022-10-14 22:42:26","post_date_gmt":"2022-10-14 20:42:26","post_content":"","post_title":"WILLIAM IRWIN","post_excerpt":"","post_status":"publish","comment_status":"closed","ping_status":"closed","post_password":"","post_name":"william-irwin","to_ping":"","pinged":"","post_modified":"2022-10-14 22:42:26","post_modified_gmt":"2022-10-14 20:42:26","post_content_filtered":"","post_parent":0,"guid":"http:\/\/dev.claret.cat\/autor\/william-irwin\/","menu_order":0,"post_type":"autor","post_mime_type":"","comment_count":"0","filter":"raw"}]},"aioseo_notices":[],"_links":{"self":[{"href":"https:\/\/www.claret.cat\/es\/wp-json\/wp\/v2\/product\/213361","targetHints":{"allow":["GET"]}}],"collection":[{"href":"https:\/\/www.claret.cat\/es\/wp-json\/wp\/v2\/product"}],"about":[{"href":"https:\/\/www.claret.cat\/es\/wp-json\/wp\/v2\/types\/product"}],"wp:featuredmedia":[{"embeddable":true,"href":"https:\/\/www.claret.cat\/es\/wp-json\/wp\/v2\/media\/213362"}],"wp:attachment":[{"href":"https:\/\/www.claret.cat\/es\/wp-json\/wp\/v2\/media?parent=213361"}],"wp:term":[{"taxonomy":"product_brand","embeddable":true,"href":"https:\/\/www.claret.cat\/es\/wp-json\/wp\/v2\/product_brand?post=213361"},{"taxonomy":"product_cat","embeddable":true,"href":"https:\/\/www.claret.cat\/es\/wp-json\/wp\/v2\/product_cat?post=213361"},{"taxonomy":"product_tag","embeddable":true,"href":"https:\/\/www.claret.cat\/es\/wp-json\/wp\/v2\/product_tag?post=213361"}],"curies":[{"name":"wp","href":"https:\/\/api.w.org\/{rel}","templated":true}]}}