{"id":213481,"date":"2022-10-20T12:57:35","date_gmt":"2022-10-20T10:57:35","guid":{"rendered":"http:\/\/dev.claret.cat\/producte\/ya-se-escribir-las-letras\/"},"modified":"2023-01-28T12:31:37","modified_gmt":"2023-01-28T11:31:37","slug":"ya-se-escribir-las-letras-9781474939546","status":"publish","type":"product","link":"https:\/\/www.claret.cat\/es\/libro\/ya-se-escribir-las-letras-9781474939546\/","title":{"rendered":"YA SE ESCRIBIR LAS LETRAS"},"content":{"rendered":"<p>Este libro es ideal para dar los primeros pasos en la escritura y aprendan a reconocer las letras.<br \/>Cada letra va acompa\u00f1ada de una imagen que repasar con el rotulador. Y si el ni\u00f1o no est\u00e1 satisfecho con el resultado, podr\u00e1 borrar f\u00e1cilmente y empezar de nuevo.<\/p>\n","protected":false},"excerpt":{"rendered":"<p>WATSON HANNAH<\/p>\n","protected":false},"featured_media":213482,"template":"","meta":{"_acf_changed":false,"om_disable_all_campaigns":false,"rs_blank_template":"","rs_page_bg_color":"","slide_template_v7":"","inline_featured_image":false,"_monsterinsights_skip_tracking":false,"_monsterinsights_sitenote_active":false,"_monsterinsights_sitenote_note":"","_monsterinsights_sitenote_category":0},"product_brand":[],"product_cat":[86],"product_tag":[],"class_list":{"0":"post-213481","1":"product","2":"type-product","3":"status-publish","4":"has-post-thumbnail","6":"product_cat-infantil","8":"first","9":"instock","10":"taxable","11":"shipping-taxable","12":"purchasable","13":"product-type-simple"},"acf":{"autor":"WATSON HANNAH","codart":"147493954","libros-coleccion":"INFANTIL","ediciones":"1","encuadernacion":"R\u00fastica","fecha_de_publicacion":"01\/03\/2017","novedad":"1","paginas":"24","subtitulo":"","orden":"0","portada":"0","idioma":"spa","editorial":[{"ID":6385,"post_author":"3","post_date":"2022-07-28 17:51:04","post_date_gmt":"2022-07-28 15:51:04","post_content":"","post_title":"USBORNE ED.","post_excerpt":"","post_status":"publish","comment_status":"closed","ping_status":"closed","post_password":"","post_name":"usborne-ed","to_ping":"","pinged":"","post_modified":"2022-07-28 17:51:04","post_modified_gmt":"2022-07-28 15:51:04","post_content_filtered":"","post_parent":0,"guid":"http:\/\/dev.claret.cat\/editorial\/usborne-ed\/","menu_order":0,"post_type":"editorial","post_mime_type":"","comment_count":"0","filter":"raw"}],"autores-libros":[{"ID":6089,"post_author":"3","post_date":"2022-07-28 17:37:54","post_date_gmt":"2022-07-28 15:37:54","post_content":"","post_title":"WATSON HANNAH","post_excerpt":"","post_status":"publish","comment_status":"closed","ping_status":"closed","post_password":"","post_name":"watson-hannah","to_ping":"","pinged":"","post_modified":"2022-07-28 17:37:54","post_modified_gmt":"2022-07-28 15:37:54","post_content_filtered":"","post_parent":0,"guid":"http:\/\/dev.claret.cat\/autor\/watson-hannah\/","menu_order":0,"post_type":"autor","post_mime_type":"","comment_count":"0","filter":"raw"}]},"aioseo_notices":[],"_links":{"self":[{"href":"https:\/\/www.claret.cat\/es\/wp-json\/wp\/v2\/product\/213481","targetHints":{"allow":["GET"]}}],"collection":[{"href":"https:\/\/www.claret.cat\/es\/wp-json\/wp\/v2\/product"}],"about":[{"href":"https:\/\/www.claret.cat\/es\/wp-json\/wp\/v2\/types\/product"}],"wp:featuredmedia":[{"embeddable":true,"href":"https:\/\/www.claret.cat\/es\/wp-json\/wp\/v2\/media\/213482"}],"wp:attachment":[{"href":"https:\/\/www.claret.cat\/es\/wp-json\/wp\/v2\/media?parent=213481"}],"wp:term":[{"taxonomy":"product_brand","embeddable":true,"href":"https:\/\/www.claret.cat\/es\/wp-json\/wp\/v2\/product_brand?post=213481"},{"taxonomy":"product_cat","embeddable":true,"href":"https:\/\/www.claret.cat\/es\/wp-json\/wp\/v2\/product_cat?post=213481"},{"taxonomy":"product_tag","embeddable":true,"href":"https:\/\/www.claret.cat\/es\/wp-json\/wp\/v2\/product_tag?post=213481"}],"curies":[{"name":"wp","href":"https:\/\/api.w.org\/{rel}","templated":true}]}}