{"id":213604,"date":"2022-10-20T13:00:58","date_gmt":"2022-10-20T11:00:58","guid":{"rendered":"http:\/\/dev.claret.cat\/producte\/nosotros-2\/"},"modified":"2024-05-23T23:56:04","modified_gmt":"2024-05-23T21:56:04","slug":"nosotros-9788446026723","status":"publish","type":"product","link":"https:\/\/www.claret.cat\/es\/libro\/nosotros-9788446026723\/","title":{"rendered":"NOSOTROS"},"content":{"rendered":"<p>Mucho antes de que lo hicieran Huxley y Orwell, el ruso Evgueni I. Zami\u00e1tin logra componer en 1920 esta sorprendente narraci\u00f3n, la cual marca el inicio en toda regla de la novela antiut\u00f3pica. Una extra\u00f1a poes\u00eda de precisi\u00f3n matem\u00e1tica reina por toda esta obra, que cargada de iron\u00eda, sigue advirti\u00e9ndonos, hoy m\u00e1s que nunca, de que nunca estaremos a salvo de la vocaci\u00f3n totalitaria. \u00abY nosotros, mis queridos lectores de otro planeta, iremos a visitarles para que vuestra vida sea tan ideal, racional y precisa como la nuestra?\u00bb, dice el constructor de la nave. Con los fen\u00f3menos de la globalizaci\u00f3n y cambio clim\u00e1tico ya iniciados, la alerta sugerida por esta imponente novela tiene m\u00e1s vigencia que nunca.<\/p>\n","protected":false},"excerpt":{"rendered":"<p>ZAMI\u00c1TIN, EVGUENI<\/p>\n","protected":false},"featured_media":347818,"template":"","meta":{"_acf_changed":false,"om_disable_all_campaigns":false,"rs_blank_template":"","rs_page_bg_color":"","slide_template_v7":"","inline_featured_image":false,"_monsterinsights_skip_tracking":false,"_monsterinsights_sitenote_active":false,"_monsterinsights_sitenote_note":"","_monsterinsights_sitenote_category":0},"product_brand":[],"product_cat":[87,353],"product_tag":[],"class_list":{"0":"post-213604","1":"product","2":"type-product","3":"status-publish","4":"has-post-thumbnail","6":"product_cat-literatura","7":"product_cat-literatura-2_humanidades","9":"first","10":"instock","11":"taxable","12":"shipping-taxable","13":"purchasable","14":"product-type-simple"},"acf":{"autor":"ZAMI\u00c1TIN, EVGUENI","codart":"844602672","libros-coleccion":"B\u00e1sica de bolsillo","ediciones":"1","encuadernacion":"Carpeta","fecha_de_publicacion":"01\/03\/2017","novedad":"1","paginas":"304","subtitulo":"","orden":"0","portada":"0","idioma":"spa","editorial":[{"ID":6115,"post_author":"3","post_date":"2022-07-28 17:45:13","post_date_gmt":"2022-07-28 15:45:13","post_content":"","post_title":"AKAL, EDICIONES S.A.","post_excerpt":"","post_status":"publish","comment_status":"closed","ping_status":"closed","post_password":"","post_name":"akal-ediciones-s-a","to_ping":"","pinged":"","post_modified":"2022-07-28 17:45:13","post_modified_gmt":"2022-07-28 15:45:13","post_content_filtered":"","post_parent":0,"guid":"http:\/\/dev.claret.cat\/editorial\/akal-ediciones-s-a\/","menu_order":0,"post_type":"editorial","post_mime_type":"","comment_count":"0","filter":"raw"}],"autores-libros":[{"ID":347817,"post_author":"3","post_date":"2023-01-14 03:30:51","post_date_gmt":"2023-01-14 02:30:51","post_content":"","post_title":"EVGUENI ZAMI\u00c1TIN","post_excerpt":"","post_status":"publish","comment_status":"closed","ping_status":"closed","post_password":"","post_name":"evgueni-zamiatin","to_ping":"","pinged":"","post_modified":"2023-01-14 03:30:51","post_modified_gmt":"2023-01-14 02:30:51","post_content_filtered":"","post_parent":0,"guid":"https:\/\/www.claret.cat\/autor\/evgueni-zamiatin\/","menu_order":0,"post_type":"autor","post_mime_type":"","comment_count":"0","filter":"raw"}]},"aioseo_notices":[],"_links":{"self":[{"href":"https:\/\/www.claret.cat\/es\/wp-json\/wp\/v2\/product\/213604","targetHints":{"allow":["GET"]}}],"collection":[{"href":"https:\/\/www.claret.cat\/es\/wp-json\/wp\/v2\/product"}],"about":[{"href":"https:\/\/www.claret.cat\/es\/wp-json\/wp\/v2\/types\/product"}],"wp:featuredmedia":[{"embeddable":true,"href":"https:\/\/www.claret.cat\/es\/wp-json\/wp\/v2\/media\/347818"}],"wp:attachment":[{"href":"https:\/\/www.claret.cat\/es\/wp-json\/wp\/v2\/media?parent=213604"}],"wp:term":[{"taxonomy":"product_brand","embeddable":true,"href":"https:\/\/www.claret.cat\/es\/wp-json\/wp\/v2\/product_brand?post=213604"},{"taxonomy":"product_cat","embeddable":true,"href":"https:\/\/www.claret.cat\/es\/wp-json\/wp\/v2\/product_cat?post=213604"},{"taxonomy":"product_tag","embeddable":true,"href":"https:\/\/www.claret.cat\/es\/wp-json\/wp\/v2\/product_tag?post=213604"}],"curies":[{"name":"wp","href":"https:\/\/api.w.org\/{rel}","templated":true}]}}