{"id":213655,"date":"2022-10-20T13:02:05","date_gmt":"2022-10-20T11:02:05","guid":{"rendered":"http:\/\/dev.claret.cat\/producte\/leonardo-da-vinci-cara-a-cara\/"},"modified":"2023-06-01T10:55:52","modified_gmt":"2023-06-01T08:55:52","slug":"leonardo-da-vinci-cara-a-cara-9788403517493","status":"publish","type":"product","link":"https:\/\/www.claret.cat\/es\/libro\/leonardo-da-vinci-cara-a-cara-9788403517493\/","title":{"rendered":"LEONARDO DA VINCI -CARA A CARA-"},"content":{"rendered":"<p>Tras el \u00e9xito de sus novelas de la serie \u00abCr\u00f3nicas del Renacimiento\u00bb Matar a Leonardo da Vinci y Rezar por Miguel \u00c1ngel,  Christian G\u00e1lvez presenta en esta ocasi\u00f3n un fascinante an\u00e1lisis  ilustrado de todas las teor\u00edas existentes sobre la imagen de Leonardo da Vinci.\u00abMuchos de los manuscritos sobre anatom\u00eda humana est\u00e1n en posesi\u00f3n de  Francesco Melzi, un gentilhombre de Mil\u00e1n que era un hombre bello en el  tiempo en que Leonardo viv\u00eda y al que le profesaba un gran cari\u00f1o.  Francesco aprecia y conserva estos trabajos como reliquias de Leonardo, junto con el retrato de este artista en su feliz recuerdo.\u00bbCon estas palabras Giorgio Vasari, uno de los primeros historiadores de arte y autor de las biograf\u00edas de los artistas  italianos durante el Renacimiento, asegura que existe un retrato de Leonardo da Vinci que Francesco Melzi, alumno, secretario y  albacea del artista florentino, guard\u00f3 al morir el maestro. Por lo tanto tenemos una referencia hist\u00f3rica real de dicha imagen.\u00bfA qu\u00e9 retrato se refer\u00eda Vasari? \u00bfAl supuesto autorretrato que guarda  la Biblioteca Real de Tur\u00edn y que mundialmente se reconoce como tal?, \u00bfo  por el contrario al retrato que realiz\u00f3 Francesco Melzi mientras su  maestro segu\u00eda con vida? \u00bfSon compatibles ambos retratos? \u00bfCoinciden  esos rostros con el resto del imaginario de Leonardo da Vinci, tales como el de El hombre de Vitruvio de Venecia o los de  La \u00faltima cena de Mil\u00e1n? \u00bfQui\u00e9n es el hombre representado en la Tavola Lucana?A trav\u00e9s de estas p\u00e1ginas, prologadas por el prestigioso historiador  Ross King, analizaremos todas las teor\u00edas que eruditos, historiadores y  expertos en arte han elaborado en torno a la imagen del maestro  florentino con un \u00fanico objetivo: encontrar el verdadero rostro del pol\u00edmata m\u00e1s conocido de la historia de la humanidad: Leonardo da  Vinci.<\/p>\n","protected":false},"excerpt":{"rendered":"<p>GALVEZ, CHRISTIAN<\/p>\n","protected":false},"featured_media":213656,"template":"","meta":{"_acf_changed":false,"om_disable_all_campaigns":false,"rs_blank_template":"","rs_page_bg_color":"","slide_template_v7":"","inline_featured_image":false,"_monsterinsights_skip_tracking":false,"_monsterinsights_sitenote_active":false,"_monsterinsights_sitenote_note":"","_monsterinsights_sitenote_category":0},"product_brand":[],"product_cat":[90,540],"product_tag":[],"class_list":{"0":"post-213655","1":"product","2":"type-product","3":"status-publish","4":"has-post-thumbnail","6":"product_cat-altres","7":"product_cat-otros","9":"first","10":"instock","11":"taxable","12":"shipping-taxable","13":"purchasable","14":"product-type-simple"},"acf":{"autor":"GALVEZ, CHRISTIAN","codart":"840351749","libros-coleccion":"AGUILAR","ediciones":"1","encuadernacion":"Carton\u00e9","fecha_de_publicacion":"01\/03\/2017","novedad":"1","paginas":"669","subtitulo":"\u00bfCU\u00c1L ERA EL VERDADERO ROSTRO DEL MAESTRO?","orden":"0","portada":"0","idioma":"spa","editorial":[{"ID":6294,"post_author":"3","post_date":"2022-07-28 17:49:06","post_date_gmt":"2022-07-28 15:49:06","post_content":"","post_title":"LOSADA","post_excerpt":"","post_status":"publish","comment_status":"closed","ping_status":"closed","post_password":"","post_name":"losada","to_ping":"","pinged":"","post_modified":"2022-07-28 17:49:06","post_modified_gmt":"2022-07-28 15:49:06","post_content_filtered":"","post_parent":0,"guid":"http:\/\/dev.claret.cat\/editorial\/losada\/","menu_order":0,"post_type":"editorial","post_mime_type":"","comment_count":"0","filter":"raw"}],"autores-libros":[{"ID":152898,"post_author":"3","post_date":"2022-10-14 14:52:28","post_date_gmt":"2022-10-14 12:52:28","post_content":"","post_title":"CHRISTIAN G\u00c1LVEZ","post_excerpt":"","post_status":"publish","comment_status":"closed","ping_status":"closed","post_password":"","post_name":"christian-galvez","to_ping":"","pinged":"","post_modified":"2022-10-14 14:52:28","post_modified_gmt":"2022-10-14 12:52:28","post_content_filtered":"","post_parent":0,"guid":"http:\/\/dev.claret.cat\/autor\/christian-galvez\/","menu_order":0,"post_type":"autor","post_mime_type":"","comment_count":"0","filter":"raw"}]},"aioseo_notices":[],"_links":{"self":[{"href":"https:\/\/www.claret.cat\/es\/wp-json\/wp\/v2\/product\/213655","targetHints":{"allow":["GET"]}}],"collection":[{"href":"https:\/\/www.claret.cat\/es\/wp-json\/wp\/v2\/product"}],"about":[{"href":"https:\/\/www.claret.cat\/es\/wp-json\/wp\/v2\/types\/product"}],"wp:featuredmedia":[{"embeddable":true,"href":"https:\/\/www.claret.cat\/es\/wp-json\/wp\/v2\/media\/213656"}],"wp:attachment":[{"href":"https:\/\/www.claret.cat\/es\/wp-json\/wp\/v2\/media?parent=213655"}],"wp:term":[{"taxonomy":"product_brand","embeddable":true,"href":"https:\/\/www.claret.cat\/es\/wp-json\/wp\/v2\/product_brand?post=213655"},{"taxonomy":"product_cat","embeddable":true,"href":"https:\/\/www.claret.cat\/es\/wp-json\/wp\/v2\/product_cat?post=213655"},{"taxonomy":"product_tag","embeddable":true,"href":"https:\/\/www.claret.cat\/es\/wp-json\/wp\/v2\/product_tag?post=213655"}],"curies":[{"name":"wp","href":"https:\/\/api.w.org\/{rel}","templated":true}]}}