{"id":214162,"date":"2022-10-20T13:13:16","date_gmt":"2022-10-20T11:13:16","guid":{"rendered":"http:\/\/dev.claret.cat\/producte\/enciclopedia-tematica-del-corazon-de-cristo\/"},"modified":"2025-05-15T16:35:42","modified_gmt":"2025-05-15T14:35:42","slug":"enciclopedia-tematica-del-corazon-de-cristo-9788422019299","status":"publish","type":"product","link":"https:\/\/www.claret.cat\/es\/libro\/enciclopedia-tematica-del-corazon-de-cristo-9788422019299\/","title":{"rendered":"ENCICLOPEDIA TEM\u00c1TICA DEL CORAZ\u00d3N DE CRISTO"},"content":{"rendered":"<p>\u00abLa teolog\u00eda del Coraz\u00f3n de Jesucristo sigue avanzando. Despu\u00e9s del Concilio algunos creyeron (\u00a1creemos!) que su tiempo hab\u00eda concluido ya. No ha sido as\u00ed. Del progreso de la pensamiento teol\u00f3gica acerca de el misterio del Coraz\u00f3n del Redentor da fe esta Enciclopedia, en la que est\u00e1n recogidas contribuciones transcendentes de estos \u00faltimos a\u00f1os que abarcan pr\u00e1cticamente todo el campo de dicho pensamiento. \u00bfPor qu\u00e9 la teolog\u00eda y el culto del Coraz\u00f3n de Jes\u00fas no deb\u00edan reducirse a una reliquia muerta del pasado, si es que la fe deb\u00eda proseguir siendo algo vivo? \u00bfCu\u00e1l es la relevancia hoy en d\u00eda del Sagrado Coraz\u00f3n, en este instante en el que la Iglesia ha redescubierto la Misericordia como centro de su vida y de su misi\u00f3n? [&#8230;].<\/p>\n<p>Esta Enciclopedia se acab\u00f3 de preparar el a\u00f1o del CLX aniversario de la instituci\u00f3n de la fiesta del Sagrado Coraz\u00f3n para toda la Iglesia por el beato papa P\u00edo IX, en 1856. Ser\u00e1 sin dudarlo de gran ayuda para mantener vivo el amor a Cristo, en cuyo coraz\u00f3n humano, abierto por el golpe de la lanza, se encierra y manifiesta la infinita misericordia de Dios\u00bb (Juan Antonio Mart\u00ednez Camino, Obispo auxiliar de Madrid).<\/p>\n","protected":false},"excerpt":{"rendered":"<p>CERVERA BARRANCO, PABLO<\/p>\n","protected":false},"featured_media":214163,"template":"","meta":{"_acf_changed":false,"om_disable_all_campaigns":false,"rs_blank_template":"","rs_page_bg_color":"","slide_template_v7":"","inline_featured_image":false,"_monsterinsights_skip_tracking":false,"_monsterinsights_sitenote_active":false,"_monsterinsights_sitenote_note":"","_monsterinsights_sitenote_category":0},"product_brand":[],"product_cat":[541,91,76,342],"product_tag":[],"class_list":{"0":"post-214162","1":"product","2":"type-product","3":"status-publish","4":"has-post-thumbnail","6":"product_cat-cristologia-1_espiritualidad-spa","7":"product_cat-cristologia","8":"product_cat-teologia","9":"product_cat-teologia-1_espiritualidad","11":"first","12":"instock","13":"taxable","14":"shipping-taxable","15":"purchasable","16":"product-type-simple"},"acf":{"autor":"CERVERA BARRANCO, PABLO","codart":"842201929","libros-coleccion":"BAC BIBLIOTECA DE AUTORES CRISTIANOS","ediciones":"1","encuadernacion":"Carpeta","fecha_de_publicacion":"01\/03\/2017","novedad":"1","paginas":"1329","subtitulo":"","orden":"0","portada":"0","idioma":"spa","editorial":[{"ID":147543,"post_author":"3","post_date":"2022-10-14 11:51:22","post_date_gmt":"2022-10-14 09:51:22","post_content":"","post_title":"BIBLIOTECA DE AUTORES CRISTIANOS. BAC","post_excerpt":"","post_status":"publish","comment_status":"closed","ping_status":"closed","post_password":"","post_name":"biblioteca-de-autores-cristianos-bac","to_ping":"","pinged":"","post_modified":"2022-10-14 11:51:22","post_modified_gmt":"2022-10-14 09:51:22","post_content_filtered":"","post_parent":0,"guid":"http:\/\/dev.claret.cat\/editorial\/biblioteca-de-autores-cristianos-bac\/","menu_order":0,"post_type":"editorial","post_mime_type":"","comment_count":"0","filter":"raw"}],"autores-libros":[{"ID":166400,"post_author":"3","post_date":"2022-10-14 18:02:52","post_date_gmt":"2022-10-14 16:02:52","post_content":"","post_title":"PABLO CERVERA BARRANCO","post_excerpt":"","post_status":"publish","comment_status":"closed","ping_status":"closed","post_password":"","post_name":"pablo-cervera-barranco","to_ping":"","pinged":"","post_modified":"2022-10-14 18:02:52","post_modified_gmt":"2022-10-14 16:02:52","post_content_filtered":"","post_parent":0,"guid":"http:\/\/dev.claret.cat\/autor\/pablo-cervera-barranco\/","menu_order":0,"post_type":"autor","post_mime_type":"","comment_count":"0","filter":"raw"}],"booktrailer":"","resenas":""},"aioseo_notices":[],"_links":{"self":[{"href":"https:\/\/www.claret.cat\/es\/wp-json\/wp\/v2\/product\/214162","targetHints":{"allow":["GET"]}}],"collection":[{"href":"https:\/\/www.claret.cat\/es\/wp-json\/wp\/v2\/product"}],"about":[{"href":"https:\/\/www.claret.cat\/es\/wp-json\/wp\/v2\/types\/product"}],"wp:featuredmedia":[{"embeddable":true,"href":"https:\/\/www.claret.cat\/es\/wp-json\/wp\/v2\/media\/214163"}],"wp:attachment":[{"href":"https:\/\/www.claret.cat\/es\/wp-json\/wp\/v2\/media?parent=214162"}],"wp:term":[{"taxonomy":"product_brand","embeddable":true,"href":"https:\/\/www.claret.cat\/es\/wp-json\/wp\/v2\/product_brand?post=214162"},{"taxonomy":"product_cat","embeddable":true,"href":"https:\/\/www.claret.cat\/es\/wp-json\/wp\/v2\/product_cat?post=214162"},{"taxonomy":"product_tag","embeddable":true,"href":"https:\/\/www.claret.cat\/es\/wp-json\/wp\/v2\/product_tag?post=214162"}],"curies":[{"name":"wp","href":"https:\/\/api.w.org\/{rel}","templated":true}]}}