{"id":214174,"date":"2022-10-20T13:13:32","date_gmt":"2022-10-20T11:13:32","guid":{"rendered":"http:\/\/dev.claret.cat\/producte\/tratado-general-de-los-sacramentos\/"},"modified":"2023-01-28T08:21:05","modified_gmt":"2023-01-28T07:21:05","slug":"tratado-general-de-los-sacramentos-9788422019527","status":"publish","type":"product","link":"https:\/\/www.claret.cat\/es\/libro\/tratado-general-de-los-sacramentos-9788422019527\/","title":{"rendered":"TRATADO GENERAL DE LOS SACRAMENTOS"},"content":{"rendered":"<p>En los sacramentos se abre, de generaci\u00f3n en generaci\u00f3n, el lugar del encuentro con Jesucristo en la comuni\u00f3n de la Iglesia. Los sacramentos nos explicarn que el mensaje de Jes\u00fas est\u00e1 arraigado siempre en las relaciones concisas que vamos forjando en nuestra carne; que es all\u00ed precisamente donde resuena la confesi\u00f3n de fe y se enuncian sus mandamientos (Del Prefacio)<\/p>\n","protected":false},"excerpt":{"rendered":"<p>GRANADOS GARC\u00cdA, JOS\u00c9<\/p>\n","protected":false},"featured_media":214175,"template":"","meta":{"_acf_changed":false,"om_disable_all_campaigns":false,"rs_blank_template":"","rs_page_bg_color":"","slide_template_v7":"","inline_featured_image":false,"_monsterinsights_skip_tracking":false,"_monsterinsights_sitenote_active":false,"_monsterinsights_sitenote_note":"","_monsterinsights_sitenote_category":0},"product_brand":[],"product_cat":[79,78],"product_tag":[],"class_list":{"0":"post-214174","1":"product","2":"type-product","3":"status-publish","4":"has-post-thumbnail","6":"product_cat-espiritualitat","7":"product_cat-pastoral","9":"first","10":"instock","11":"taxable","12":"shipping-taxable","13":"purchasable","14":"product-type-simple"},"acf":{"autor":"GRANADOS GARC\u00cdA, JOS\u00c9","codart":"842201952","libros-coleccion":"Sapientia Fidei. Manuales de Teolog\u00eda","ediciones":"1","encuadernacion":"Carpeta","fecha_de_publicacion":"01\/03\/2017","novedad":"1","paginas":"356","subtitulo":"","orden":"0","portada":"0","idioma":"spa","editorial":[{"ID":147543,"post_author":"3","post_date":"2022-10-14 11:51:22","post_date_gmt":"2022-10-14 09:51:22","post_content":"","post_title":"BIBLIOTECA DE AUTORES CRISTIANOS. BAC","post_excerpt":"","post_status":"publish","comment_status":"closed","ping_status":"closed","post_password":"","post_name":"biblioteca-de-autores-cristianos-bac","to_ping":"","pinged":"","post_modified":"2022-10-14 11:51:22","post_modified_gmt":"2022-10-14 09:51:22","post_content_filtered":"","post_parent":0,"guid":"http:\/\/dev.claret.cat\/editorial\/biblioteca-de-autores-cristianos-bac\/","menu_order":0,"post_type":"editorial","post_mime_type":"","comment_count":"0","filter":"raw"}],"autores-libros":[{"ID":5639,"post_author":"3","post_date":"2022-07-28 17:28:18","post_date_gmt":"2022-07-28 15:28:18","post_content":"","post_title":"JOS\u00c9 GRANADOS GARC\u00cdA","post_excerpt":"","post_status":"publish","comment_status":"closed","ping_status":"closed","post_password":"","post_name":"jose-granados-garcia","to_ping":"","pinged":"","post_modified":"2022-07-28 17:28:18","post_modified_gmt":"2022-07-28 15:28:18","post_content_filtered":"","post_parent":0,"guid":"http:\/\/dev.claret.cat\/autor\/jose-granados-garcia\/","menu_order":0,"post_type":"autor","post_mime_type":"","comment_count":"0","filter":"raw"}]},"aioseo_notices":[],"_links":{"self":[{"href":"https:\/\/www.claret.cat\/es\/wp-json\/wp\/v2\/product\/214174","targetHints":{"allow":["GET"]}}],"collection":[{"href":"https:\/\/www.claret.cat\/es\/wp-json\/wp\/v2\/product"}],"about":[{"href":"https:\/\/www.claret.cat\/es\/wp-json\/wp\/v2\/types\/product"}],"wp:featuredmedia":[{"embeddable":true,"href":"https:\/\/www.claret.cat\/es\/wp-json\/wp\/v2\/media\/214175"}],"wp:attachment":[{"href":"https:\/\/www.claret.cat\/es\/wp-json\/wp\/v2\/media?parent=214174"}],"wp:term":[{"taxonomy":"product_brand","embeddable":true,"href":"https:\/\/www.claret.cat\/es\/wp-json\/wp\/v2\/product_brand?post=214174"},{"taxonomy":"product_cat","embeddable":true,"href":"https:\/\/www.claret.cat\/es\/wp-json\/wp\/v2\/product_cat?post=214174"},{"taxonomy":"product_tag","embeddable":true,"href":"https:\/\/www.claret.cat\/es\/wp-json\/wp\/v2\/product_tag?post=214174"}],"curies":[{"name":"wp","href":"https:\/\/api.w.org\/{rel}","templated":true}]}}