{"id":214240,"date":"2022-10-20T13:14:59","date_gmt":"2022-10-20T11:14:59","guid":{"rendered":"http:\/\/dev.claret.cat\/producte\/antigona-electra\/"},"modified":"2023-01-28T15:29:38","modified_gmt":"2023-01-28T14:29:38","slug":"antigona-electra-9788472268135","status":"publish","type":"product","link":"https:\/\/www.claret.cat\/es\/libro\/antigona-electra-9788472268135\/","title":{"rendered":"ANT\u00cdGONA \/ ELECTRA"},"content":{"rendered":"<p>El 1920, un jove Carles Riba va publicar dues trag\u00e8dies de S\u00f2focles en una traducci\u00f3 que representava un salt de gegant en la hist\u00f2ria de les versions catalanes de drames grecs. El volum aplegava els dos protagonistes femenins m\u00e9s memorables del dramaturg, Ant\u00edgona i Electra, dues dones que s\u2019enfronten al cap de la seva fam\u00edlia per fidelitat a la just\u00edcia. En les traduccions de Riba, que oferim ara amb un estudi introductori, aquestes trag\u00e8dies encara ressonen amb tots els matisos del seu noble desplegament, amb tota la brutalitat dels seus xocs d\u2019idees i de passions. Ra\u00fcl Garrigasait \u00e9s hel\u00b7lenista, editor, traductor i escriptor. Des del 2008 coordina la col\u00b7lecci\u00f3 Bernat Metge de cl\u00e0ssics grecs i llatins. La seva tesi doctoral, guardonada amb el cinqu\u00e8 Premi Cum Laude de l\u2019Institut d\u2019Estudis M\u00f3n Ju\u00efc, estudia les traduccions d\u2019\u00c8squil que van fer Wilhelm von Humboldt i Carles Riba. Ha publicat l\u2019assaig literari El gos cosmopolita i dos esp\u00e8cimens m\u00e9s (Acontravent, 2012) i la novel\u00b7la Els estranys (Edicions de 1984, 2017). Nova col\u00b7lecci\u00f3: Biblioteca Hist\u00f2rica de la Traducci\u00f3 Catalana La BHTC pret\u00e9n recuperar, en edicions facs\u00edmils acompanyades d\u2019un estudi introductori elaborat per un especialista, traduccions hist\u00f2riques de t\u00edtols de refer\u00e8ncia de la literatura universal, especialment remarcables per la seva qualitat liter\u00e0ria i publicades durant la primera meitat del segle XX. \u00c9s fruit d\u2019una col\u00b7laboraci\u00f3 amb la C\u00e0tedra Marius Torres. La Universitat de Lleida, TRILCAT (Grup d\u2019estudis de traducci\u00f3, recepci\u00f3 i literatura catalana) i la Universitat Pompeu Fabra.<\/p>\n","protected":false},"excerpt":{"rendered":"<p>S\u00d2FOCLES<\/p>\n","protected":false},"featured_media":318906,"template":"","meta":{"_acf_changed":false,"om_disable_all_campaigns":false,"rs_blank_template":"","rs_page_bg_color":"","slide_template_v7":"","inline_featured_image":false,"_monsterinsights_skip_tracking":false,"_monsterinsights_sitenote_active":false,"_monsterinsights_sitenote_note":"","_monsterinsights_sitenote_category":0},"product_brand":[],"product_cat":[87,353],"product_tag":[],"class_list":{"0":"post-214240","1":"product","2":"type-product","3":"status-publish","4":"has-post-thumbnail","6":"product_cat-literatura","7":"product_cat-literatura-2_humanidades","9":"first","10":"instock","11":"taxable","12":"shipping-taxable","13":"purchasable","14":"product-type-simple"},"acf":{"autor":"S\u00d2FOCLES","codart":"847226813","libros-coleccion":"SUSHI BOOKS","ediciones":"1","encuadernacion":"Carpeta","fecha_de_publicacion":"01\/03\/2017","novedad":"1","paginas":"175","subtitulo":"","orden":"0","portada":"0","idioma":"cat","editorial":[{"ID":147527,"post_author":"3","post_date":"2022-10-14 11:51:15","post_date_gmt":"2022-10-14 09:51:15","post_content":"","post_title":"BARCINO","post_excerpt":"","post_status":"publish","comment_status":"closed","ping_status":"closed","post_password":"","post_name":"barcino","to_ping":"","pinged":"","post_modified":"2022-10-14 11:51:15","post_modified_gmt":"2022-10-14 09:51:15","post_content_filtered":"","post_parent":0,"guid":"http:\/\/dev.claret.cat\/editorial\/barcino\/","menu_order":0,"post_type":"editorial","post_mime_type":"","comment_count":"0","filter":"raw"}],"autores-libros":[{"ID":169637,"post_author":"3","post_date":"2022-10-14 22:28:49","post_date_gmt":"2022-10-14 20:28:49","post_content":"","post_title":"SOFOCLES","post_excerpt":"","post_status":"publish","comment_status":"closed","ping_status":"closed","post_password":"","post_name":"sofocles","to_ping":"","pinged":"","post_modified":"2022-10-14 22:28:49","post_modified_gmt":"2022-10-14 20:28:49","post_content_filtered":"","post_parent":0,"guid":"http:\/\/dev.claret.cat\/autor\/sofocles\/","menu_order":0,"post_type":"autor","post_mime_type":"","comment_count":"0","filter":"raw"}]},"aioseo_notices":[],"_links":{"self":[{"href":"https:\/\/www.claret.cat\/es\/wp-json\/wp\/v2\/product\/214240","targetHints":{"allow":["GET"]}}],"collection":[{"href":"https:\/\/www.claret.cat\/es\/wp-json\/wp\/v2\/product"}],"about":[{"href":"https:\/\/www.claret.cat\/es\/wp-json\/wp\/v2\/types\/product"}],"wp:featuredmedia":[{"embeddable":true,"href":"https:\/\/www.claret.cat\/es\/wp-json\/wp\/v2\/media\/318906"}],"wp:attachment":[{"href":"https:\/\/www.claret.cat\/es\/wp-json\/wp\/v2\/media?parent=214240"}],"wp:term":[{"taxonomy":"product_brand","embeddable":true,"href":"https:\/\/www.claret.cat\/es\/wp-json\/wp\/v2\/product_brand?post=214240"},{"taxonomy":"product_cat","embeddable":true,"href":"https:\/\/www.claret.cat\/es\/wp-json\/wp\/v2\/product_cat?post=214240"},{"taxonomy":"product_tag","embeddable":true,"href":"https:\/\/www.claret.cat\/es\/wp-json\/wp\/v2\/product_tag?post=214240"}],"curies":[{"name":"wp","href":"https:\/\/api.w.org\/{rel}","templated":true}]}}