{"id":214375,"date":"2022-10-20T13:17:56","date_gmt":"2022-10-20T11:17:56","guid":{"rendered":"http:\/\/dev.claret.cat\/producte\/camposanto\/"},"modified":"2023-01-28T20:10:39","modified_gmt":"2023-01-28T19:10:39","slug":"camposanto-9788441437234","status":"publish","type":"product","link":"https:\/\/www.claret.cat\/es\/libro\/camposanto-9788441437234\/","title":{"rendered":"CAMPOSANTO"},"content":{"rendered":"<p>Hace quinientos a\u00f1os,el pintor fl amenco al que la posteridad conoce como El Bosco trabajaba en su enigm\u00e1tica obra, hecha a partes iguales de alucinaci\u00f3n y espanto. A lo largo de los siglos no pocos se han preguntado por el misterioso impulso que guiaba la mente del maestro. \u00bfQu\u00e9 visiones, qu\u00e9 ensue\u00f1os, que conocimiento secreto le sirvieron de inspiraci\u00f3n? Ser\u00e1 en nuestros d\u00edas, aparentemente tan ajenos a las supersticiones y terrores de aquel tiempo, cuando el periodista An\u00edbal Navarro encuentre la pista que lo llevar\u00e1 a adentrarse en el mundo tenebroso de la secta de los Hermanos del Libre Esp\u00edritu. Con la ayuda de Sebasti\u00e1n M\u00e1rquez, exquisito impresor y coleccionista, y de Klaus Kleinberger, uno de los mayores especialistas en la obra de El Bosco, An\u00edbal se embarca en una peligrosa aventura que lo lleva desde las callejuelas del viejo Toledo hasta las mazmorras de Venecia, pasando por el monasterio de El Escorial&#8230; Un periplo que empieza y termina en el terrible Camposanto de Tinieblas.<\/p>\n","protected":false},"excerpt":{"rendered":"<p>JIM\u00c9NEZ, IKER<\/p>\n","protected":false},"featured_media":372394,"template":"","meta":{"_acf_changed":false,"om_disable_all_campaigns":false,"rs_blank_template":"","rs_page_bg_color":"","slide_template_v7":"","inline_featured_image":false,"_monsterinsights_skip_tracking":false,"_monsterinsights_sitenote_active":false,"_monsterinsights_sitenote_note":"","_monsterinsights_sitenote_category":0},"product_brand":[],"product_cat":[85,351],"product_tag":[],"class_list":{"0":"post-214375","1":"product","2":"type-product","3":"status-publish","4":"has-post-thumbnail","6":"product_cat-historia","7":"product_cat-historia-2_humanidades","9":"first","10":"instock","11":"taxable","12":"shipping-taxable","13":"purchasable","14":"product-type-simple"},"acf":{"autor":"JIM\u00c9NEZ, IKER","codart":"844143723","libros-coleccion":"SUSHI BOOKS","ediciones":"1","encuadernacion":"R\u00fastica","fecha_de_publicacion":"01\/03\/2017","novedad":"1","paginas":"396","subtitulo":"UN PINTOR HEREJE, UN PUEBLO MALDITO","orden":"0","portada":"0","idioma":"spa","editorial":[{"ID":262048,"post_author":"3","post_date":"2022-10-24 11:19:15","post_date_gmt":"2022-10-24 09:19:15","post_content":"","post_title":"Editorial Edaf","post_excerpt":"","post_status":"publish","comment_status":"closed","ping_status":"closed","post_password":"","post_name":"editorial-edaf","to_ping":"","pinged":"","post_modified":"2022-10-24 11:19:15","post_modified_gmt":"2022-10-24 09:19:15","post_content_filtered":"","post_parent":0,"guid":"http:\/\/dev.claret.cat\/editorial\/editorial-edaf\/","menu_order":0,"post_type":"editorial","post_mime_type":"","comment_count":"0","filter":"raw"}],"autores-libros":[{"ID":372393,"post_author":"3","post_date":"2023-01-18 14:48:36","post_date_gmt":"2023-01-18 13:48:36","post_content":"","post_title":"IKER JIMENEZ","post_excerpt":"","post_status":"publish","comment_status":"closed","ping_status":"closed","post_password":"","post_name":"iker-jimenez","to_ping":"","pinged":"","post_modified":"2023-01-18 14:48:36","post_modified_gmt":"2023-01-18 13:48:36","post_content_filtered":"","post_parent":0,"guid":"https:\/\/www.claret.cat\/autor\/iker-jimenez\/","menu_order":0,"post_type":"autor","post_mime_type":"","comment_count":"0","filter":"raw"}]},"aioseo_notices":[],"_links":{"self":[{"href":"https:\/\/www.claret.cat\/es\/wp-json\/wp\/v2\/product\/214375","targetHints":{"allow":["GET"]}}],"collection":[{"href":"https:\/\/www.claret.cat\/es\/wp-json\/wp\/v2\/product"}],"about":[{"href":"https:\/\/www.claret.cat\/es\/wp-json\/wp\/v2\/types\/product"}],"wp:featuredmedia":[{"embeddable":true,"href":"https:\/\/www.claret.cat\/es\/wp-json\/wp\/v2\/media\/372394"}],"wp:attachment":[{"href":"https:\/\/www.claret.cat\/es\/wp-json\/wp\/v2\/media?parent=214375"}],"wp:term":[{"taxonomy":"product_brand","embeddable":true,"href":"https:\/\/www.claret.cat\/es\/wp-json\/wp\/v2\/product_brand?post=214375"},{"taxonomy":"product_cat","embeddable":true,"href":"https:\/\/www.claret.cat\/es\/wp-json\/wp\/v2\/product_cat?post=214375"},{"taxonomy":"product_tag","embeddable":true,"href":"https:\/\/www.claret.cat\/es\/wp-json\/wp\/v2\/product_tag?post=214375"}],"curies":[{"name":"wp","href":"https:\/\/api.w.org\/{rel}","templated":true}]}}