{"id":21439,"date":"2022-10-02T09:34:22","date_gmt":"2022-10-02T07:34:22","guid":{"rendered":"http:\/\/dev.claret.cat\/producte\/montessori-las-letras\/"},"modified":"2023-01-28T12:57:32","modified_gmt":"2023-01-28T11:57:32","slug":"montessori-las-letras-9788408191766","status":"publish","type":"product","link":"https:\/\/www.claret.cat\/es\/libro\/montessori-las-letras-9788408191766\/","title":{"rendered":"MONTESSORI. LAS LETRAS"},"content":{"rendered":"<p>La caja contiene 26 tarjetas con letras rugosas. El ni\u00f1o repasa cada letra con dos dedos y se prepara as\u00ed para la escritura. Tambi\u00e9n un librito con 20 actividades de la pedagog\u00eda Montessori para hacer con su hijo a fin de prepararlo y acompa\u00f1arlo en el descubrimiento de las letras.<\/p>\n","protected":false},"excerpt":{"rendered":"<p>PLACE, MARIE H\u00c9L\u00c8NE<\/p>\n","protected":false},"featured_media":69322,"template":"","meta":{"_acf_changed":false,"om_disable_all_campaigns":false,"rs_blank_template":"","rs_page_bg_color":"","slide_template_v7":"","inline_featured_image":false,"_monsterinsights_skip_tracking":false,"_monsterinsights_sitenote_active":false,"_monsterinsights_sitenote_note":"","_monsterinsights_sitenote_category":0},"product_brand":[],"product_cat":[86],"product_tag":[],"class_list":{"0":"post-21439","1":"product","2":"type-product","3":"status-publish","4":"has-post-thumbnail","6":"product_cat-infantil","8":"first","9":"instock","10":"taxable","11":"shipping-taxable","12":"purchasable","13":"product-type-simple"},"acf":{"autor":"PLACE, MARIE H\u00c9L\u00c8NE","codart":"840819176","libros-coleccion":"Montessori","ediciones":"1","encuadernacion":"Carpeta","fecha_de_publicacion":"01\/11\/2018","novedad":"1","paginas":"1","subtitulo":"INCLUYE UN LIBRO Y 27 TARJETAS DE LETRAS","orden":"0","portada":"0","idioma":"spa","editorial":[{"ID":6377,"post_author":"3","post_date":"2022-07-28 17:50:53","post_date_gmt":"2022-07-28 15:50:53","post_content":"","post_title":"Timun Mas CAT","post_excerpt":"","post_status":"publish","comment_status":"closed","ping_status":"closed","post_password":"","post_name":"timun-mas-cat","to_ping":"","pinged":"","post_modified":"2022-07-28 17:50:53","post_modified_gmt":"2022-07-28 15:50:53","post_content_filtered":"","post_parent":0,"guid":"http:\/\/dev.claret.cat\/editorial\/timun-mas-cat\/","menu_order":0,"post_type":"editorial","post_mime_type":"","comment_count":"0","filter":"raw"}],"autores-libros":[{"ID":163888,"post_author":"3","post_date":"2022-10-14 17:42:39","post_date_gmt":"2022-10-14 15:42:39","post_content":"","post_title":"MARIE H\u00c9L\u00c8NE PLACE","post_excerpt":"","post_status":"publish","comment_status":"closed","ping_status":"closed","post_password":"","post_name":"marie-helene-place","to_ping":"","pinged":"","post_modified":"2022-10-14 17:42:39","post_modified_gmt":"2022-10-14 15:42:39","post_content_filtered":"","post_parent":0,"guid":"http:\/\/dev.claret.cat\/autor\/marie-helene-place\/","menu_order":0,"post_type":"autor","post_mime_type":"","comment_count":"0","filter":"raw"}]},"aioseo_notices":[],"_links":{"self":[{"href":"https:\/\/www.claret.cat\/es\/wp-json\/wp\/v2\/product\/21439","targetHints":{"allow":["GET"]}}],"collection":[{"href":"https:\/\/www.claret.cat\/es\/wp-json\/wp\/v2\/product"}],"about":[{"href":"https:\/\/www.claret.cat\/es\/wp-json\/wp\/v2\/types\/product"}],"wp:featuredmedia":[{"embeddable":true,"href":"https:\/\/www.claret.cat\/es\/wp-json\/wp\/v2\/media\/69322"}],"wp:attachment":[{"href":"https:\/\/www.claret.cat\/es\/wp-json\/wp\/v2\/media?parent=21439"}],"wp:term":[{"taxonomy":"product_brand","embeddable":true,"href":"https:\/\/www.claret.cat\/es\/wp-json\/wp\/v2\/product_brand?post=21439"},{"taxonomy":"product_cat","embeddable":true,"href":"https:\/\/www.claret.cat\/es\/wp-json\/wp\/v2\/product_cat?post=21439"},{"taxonomy":"product_tag","embeddable":true,"href":"https:\/\/www.claret.cat\/es\/wp-json\/wp\/v2\/product_tag?post=21439"}],"curies":[{"name":"wp","href":"https:\/\/api.w.org\/{rel}","templated":true}]}}