{"id":214468,"date":"2022-10-20T13:20:01","date_gmt":"2022-10-20T11:20:01","guid":{"rendered":"http:\/\/dev.claret.cat\/producte\/primeras-acciones\/"},"modified":"2025-01-31T15:03:09","modified_gmt":"2025-01-31T14:03:09","slug":"primeras-acciones-9788417064044","status":"publish","type":"product","link":"https:\/\/www.claret.cat\/es\/libro\/primeras-acciones-9788417064044\/","title":{"rendered":"PRIMERAS ACCIONES"},"content":{"rendered":"<p>Es cierto que, como dec\u00eda mi padre, nos hab\u00edan dado una buena torta&#8230; La ma\u00f1ana del 10 de mayo de 1940, lleg\u00f3 la guerra. R\u00e1pidamente, sobrevino el desastre. El 22 de junio, se firm\u00f3 el armisticio con Alemania. Hab\u00edamos sido derrotados. Fue el verano de nuestros 13 a\u00f1os, los m\u00edos y los de mi amigo Eus\u00e8be. Y no est\u00e1bamos dispuestos a resignarnos.<\/p>\n","protected":false},"excerpt":{"rendered":"<p>DUGOMIER, VINCENT \/ ERS, BENO\u00ceT<\/p>\n","protected":false},"featured_media":317502,"template":"","meta":{"_acf_changed":false,"om_disable_all_campaigns":false,"rs_blank_template":"","rs_page_bg_color":"","slide_template_v7":"","inline_featured_image":false,"_monsterinsights_skip_tracking":false,"_monsterinsights_sitenote_active":false,"_monsterinsights_sitenote_note":"","_monsterinsights_sitenote_category":0},"product_brand":[],"product_cat":[108,558],"product_tag":[],"class_list":{"0":"post-214468","1":"product","2":"type-product","3":"status-publish","4":"has-post-thumbnail","6":"product_cat-comic","7":"product_cat-comic-3_infantil-juvenil-spa-spa","9":"first","10":"instock","11":"taxable","12":"shipping-taxable","13":"purchasable","14":"product-type-simple"},"acf":{"autor":"DUGOMIER, VINCENT \/ ERS, BENO\u00ceT","codart":"841706404","libros-coleccion":"SUSHI BOOKS","ediciones":"1","encuadernacion":"R\u00fastica","fecha_de_publicacion":"01\/03\/2017","novedad":"1","paginas":"0","subtitulo":"","orden":"0","portada":"0","idioma":"spa","editorial":[{"ID":147533,"post_author":"3","post_date":"2022-10-14 11:51:18","post_date_gmt":"2022-10-14 09:51:18","post_content":"","post_title":"BASE EDITORIAL","post_excerpt":"","post_status":"publish","comment_status":"closed","ping_status":"closed","post_password":"","post_name":"base-editorial","to_ping":"","pinged":"","post_modified":"2022-10-14 11:51:18","post_modified_gmt":"2022-10-14 09:51:18","post_content_filtered":"","post_parent":0,"guid":"http:\/\/dev.claret.cat\/editorial\/base-editorial\/","menu_order":0,"post_type":"editorial","post_mime_type":"","comment_count":"0","filter":"raw"}],"autores-libros":[{"ID":151589,"post_author":"3","post_date":"2022-10-14 14:42:04","post_date_gmt":"2022-10-14 12:42:04","post_content":"","post_title":"BENO\u00ceT ERS","post_excerpt":"","post_status":"publish","comment_status":"closed","ping_status":"closed","post_password":"","post_name":"benoit-ers","to_ping":"","pinged":"","post_modified":"2022-10-14 14:42:04","post_modified_gmt":"2022-10-14 12:42:04","post_content_filtered":"","post_parent":0,"guid":"http:\/\/dev.claret.cat\/autor\/benoit-ers\/","menu_order":0,"post_type":"autor","post_mime_type":"","comment_count":"0","filter":"raw"},{"ID":171117,"post_author":"3","post_date":"2022-10-14 22:40:49","post_date_gmt":"2022-10-14 20:40:49","post_content":"","post_title":"VINCENT DUGOMIER","post_excerpt":"","post_status":"publish","comment_status":"closed","ping_status":"closed","post_password":"","post_name":"vincent-dugomier","to_ping":"","pinged":"","post_modified":"2022-10-14 22:40:49","post_modified_gmt":"2022-10-14 20:40:49","post_content_filtered":"","post_parent":0,"guid":"http:\/\/dev.claret.cat\/autor\/vincent-dugomier\/","menu_order":0,"post_type":"autor","post_mime_type":"","comment_count":"0","filter":"raw"}]},"aioseo_notices":[],"_links":{"self":[{"href":"https:\/\/www.claret.cat\/es\/wp-json\/wp\/v2\/product\/214468","targetHints":{"allow":["GET"]}}],"collection":[{"href":"https:\/\/www.claret.cat\/es\/wp-json\/wp\/v2\/product"}],"about":[{"href":"https:\/\/www.claret.cat\/es\/wp-json\/wp\/v2\/types\/product"}],"wp:featuredmedia":[{"embeddable":true,"href":"https:\/\/www.claret.cat\/es\/wp-json\/wp\/v2\/media\/317502"}],"wp:attachment":[{"href":"https:\/\/www.claret.cat\/es\/wp-json\/wp\/v2\/media?parent=214468"}],"wp:term":[{"taxonomy":"product_brand","embeddable":true,"href":"https:\/\/www.claret.cat\/es\/wp-json\/wp\/v2\/product_brand?post=214468"},{"taxonomy":"product_cat","embeddable":true,"href":"https:\/\/www.claret.cat\/es\/wp-json\/wp\/v2\/product_cat?post=214468"},{"taxonomy":"product_tag","embeddable":true,"href":"https:\/\/www.claret.cat\/es\/wp-json\/wp\/v2\/product_tag?post=214468"}],"curies":[{"name":"wp","href":"https:\/\/api.w.org\/{rel}","templated":true}]}}