{"id":214477,"date":"2022-10-20T13:20:13","date_gmt":"2022-10-20T11:20:13","guid":{"rendered":"http:\/\/dev.claret.cat\/producte\/el-huerto-biologico\/"},"modified":"2025-02-04T17:18:57","modified_gmt":"2025-02-04T16:18:57","slug":"el-huerto-biologico-9788491180715","status":"publish","type":"product","link":"https:\/\/www.claret.cat\/es\/libro\/el-huerto-biologico-9788491180715\/","title":{"rendered":"EL HUERTO BIOLOGICO"},"content":{"rendered":"<p>\u00bfPor qu\u00e9 cultivar un huerto? \u00bfPor qu\u00e9 hacerlo biol\u00f3gicamente? \u00bfC\u00f3mo elijo el terreno? \u00bfC\u00f3mo organizo el<br \/> huerto? \u00bfQu\u00e9 plantas escojo? \u00bfQu\u00e9 necesitan las hortalizas? \u00bfY qu\u00e9 pasa si tengo plagas? \u00bfQu\u00e9 herramientas voy a<br \/> necesitar? \u00bfC\u00f3mo trabajo la tierra? \u00bfPor qu\u00e9 hacer compost? \u00bfPor qu\u00e9 practicar el acolchado? \u00bfC\u00f3mo fertilizo? Estas y<br \/> muchas otras dudas son las que Claude Aubert resuelve en este libro que se ha transformado en todo un cl\u00e1sico por su<br \/> estilo pr\u00e1ctico, que aborda varios de los aspectos de la planificaci\u00f3n y manejo del huerto. Publicado en 1973, no ha<br \/> cesado de reeditarse y ahora, en edici\u00f3n actualizada y revisada, incluye recuadros e informaci\u00f3n gr\u00e1fica para aprender<br \/> a cultivar todo tipo de hortalizas sin productos qu\u00edmicos ni tratamientos t\u00f3xicos.<\/p>\n","protected":false},"excerpt":{"rendered":"<p>AUBERT , CLAUDE<\/p>\n","protected":false},"featured_media":214478,"template":"","meta":{"_acf_changed":false,"om_disable_all_campaigns":false,"rs_blank_template":"","rs_page_bg_color":"","slide_template_v7":"","inline_featured_image":false,"_monsterinsights_skip_tracking":false,"_monsterinsights_sitenote_active":false,"_monsterinsights_sitenote_note":"","_monsterinsights_sitenote_category":0},"product_brand":[],"product_cat":[547,97],"product_tag":[],"class_list":{"0":"post-214477","1":"product","2":"type-product","3":"status-publish","4":"has-post-thumbnail","6":"product_cat-salud","7":"product_cat-salut","9":"first","10":"instock","11":"taxable","12":"shipping-taxable","13":"purchasable","14":"product-type-simple"},"acf":{"autor":"AUBERT , CLAUDE","codart":"849118071","libros-coleccion":"SUSHI BOOKS","ediciones":"1","encuadernacion":"R\u00fastica","fecha_de_publicacion":"01\/03\/2017","novedad":"1","paginas":"252","subtitulo":"","orden":"0","portada":"0","idioma":"spa","editorial":[{"ID":148735,"post_author":"3","post_date":"2022-10-14 12:00:34","post_date_gmt":"2022-10-14 10:00:34","post_content":"","post_title":"RBA Integral","post_excerpt":"","post_status":"publish","comment_status":"closed","ping_status":"closed","post_password":"","post_name":"rba-integral","to_ping":"","pinged":"","post_modified":"2022-10-14 12:00:34","post_modified_gmt":"2022-10-14 10:00:34","post_content_filtered":"","post_parent":0,"guid":"http:\/\/dev.claret.cat\/editorial\/rba-integral\/","menu_order":0,"post_type":"editorial","post_mime_type":"","comment_count":"0","filter":"raw"}],"autores-libros":[{"ID":421428,"post_author":"3","post_date":"2023-05-16 06:57:54","post_date_gmt":"2023-05-16 04:57:54","post_content":"","post_title":"CLAUDE AUBERT","post_excerpt":"","post_status":"publish","comment_status":"closed","ping_status":"closed","post_password":"","post_name":"claude-aubert","to_ping":"","pinged":"","post_modified":"2023-05-16 06:57:54","post_modified_gmt":"2023-05-16 04:57:54","post_content_filtered":"","post_parent":0,"guid":"https:\/\/www.claret.cat\/autor\/claude-aubert\/","menu_order":0,"post_type":"autor","post_mime_type":"","comment_count":"0","filter":"raw"}]},"aioseo_notices":[],"_links":{"self":[{"href":"https:\/\/www.claret.cat\/es\/wp-json\/wp\/v2\/product\/214477","targetHints":{"allow":["GET"]}}],"collection":[{"href":"https:\/\/www.claret.cat\/es\/wp-json\/wp\/v2\/product"}],"about":[{"href":"https:\/\/www.claret.cat\/es\/wp-json\/wp\/v2\/types\/product"}],"wp:featuredmedia":[{"embeddable":true,"href":"https:\/\/www.claret.cat\/es\/wp-json\/wp\/v2\/media\/214478"}],"wp:attachment":[{"href":"https:\/\/www.claret.cat\/es\/wp-json\/wp\/v2\/media?parent=214477"}],"wp:term":[{"taxonomy":"product_brand","embeddable":true,"href":"https:\/\/www.claret.cat\/es\/wp-json\/wp\/v2\/product_brand?post=214477"},{"taxonomy":"product_cat","embeddable":true,"href":"https:\/\/www.claret.cat\/es\/wp-json\/wp\/v2\/product_cat?post=214477"},{"taxonomy":"product_tag","embeddable":true,"href":"https:\/\/www.claret.cat\/es\/wp-json\/wp\/v2\/product_tag?post=214477"}],"curies":[{"name":"wp","href":"https:\/\/api.w.org\/{rel}","templated":true}]}}