{"id":214549,"date":"2022-10-20T13:21:47","date_gmt":"2022-10-20T11:21:47","guid":{"rendered":"http:\/\/dev.claret.cat\/producte\/una-conversa-amb-damia-sindreu\/"},"modified":"2023-01-28T19:37:20","modified_gmt":"2023-01-28T18:37:20","slug":"una-conversa-amb-damia-sindreu-9788499758473","status":"publish","type":"product","link":"https:\/\/www.claret.cat\/es\/libro\/una-conversa-amb-damia-sindreu-9788499758473\/","title":{"rendered":"UNA CONVERSA AMB DAMI\u00c0 SINDREU"},"content":{"rendered":"<p>&#8216;La porta principal de l&#8217;edifici \u00e9s una filigrana modernista de ferro forjat. Quan entrem, ens acull una fresca inesperada: les construccions antigues saben preservar una temperatura adequada, com si visquessin alienes al trag\u00ed del m\u00f3n i als seus radicalismes clim\u00e0tics. La sumptuositat de la treballada ferramenta de la portalada contrasta amb el cau tenebr\u00f3s on s&#8217;allotja el porter, un home previsiblement geperut que ens dedica la mirada desconfiada caracter\u00edstica del gremi. Li anunciem que venim a fer un reportatge al mestre. Per Gramophone, la revista anglesa. Les nostres paraules no semblen impressionar-lo perqu\u00e8 ens respon amb un esquerp: \u00ab\u00c0tic primera\u00bb&#8217;.  Aix\u00ed comen\u00e7a Una conversa amb Dami\u00e0 Sindreu, l&#8217;obra guanyadora del Premi Vent de Port 2016, que narra com dos suposats periodistes entrevisten Sindreu, un prestigi\u00f3s cantant amb molts secrets.<\/p>\n","protected":false},"excerpt":{"rendered":"<p>VARIOS AUTORES<\/p>\n","protected":false},"featured_media":214550,"template":"","meta":{"_acf_changed":false,"om_disable_all_campaigns":false,"rs_blank_template":"","rs_page_bg_color":"","slide_template_v7":"","inline_featured_image":false,"_monsterinsights_skip_tracking":false,"_monsterinsights_sitenote_active":false,"_monsterinsights_sitenote_note":"","_monsterinsights_sitenote_category":0},"product_brand":[],"product_cat":[87],"product_tag":[],"class_list":{"0":"post-214549","1":"product","2":"type-product","3":"status-publish","4":"has-post-thumbnail","6":"product_cat-literatura","8":"first","9":"instock","10":"taxable","11":"shipping-taxable","12":"purchasable","13":"product-type-simple"},"acf":{"autor":"VARIOS AUTORES","codart":"849975847","libros-coleccion":"FORA DE COL.LECCI\u00d3","ediciones":"1","encuadernacion":"R\u00fastica","fecha_de_publicacion":"01\/03\/2017","novedad":"1","paginas":"158","subtitulo":"I ALTRES NARRACIONS","orden":"0","portada":"0","idioma":"cat","editorial":[{"ID":6322,"post_author":"3","post_date":"2022-07-28 17:49:42","post_date_gmt":"2022-07-28 15:49:42","post_content":"","post_title":"PAG\u00c8S EDITORS","post_excerpt":"","post_status":"publish","comment_status":"closed","ping_status":"closed","post_password":"","post_name":"pages-editors","to_ping":"","pinged":"","post_modified":"2022-07-28 17:49:42","post_modified_gmt":"2022-07-28 15:49:42","post_content_filtered":"","post_parent":0,"guid":"http:\/\/dev.claret.cat\/editorial\/pages-editors\/","menu_order":0,"post_type":"editorial","post_mime_type":"","comment_count":"0","filter":"raw"}],"autores-libros":[{"ID":6072,"post_author":"3","post_date":"2022-07-28 17:37:32","post_date_gmt":"2022-07-28 15:37:32","post_content":"","post_title":"VARIOS AUTORES","post_excerpt":"","post_status":"publish","comment_status":"closed","ping_status":"closed","post_password":"","post_name":"varios-autores","to_ping":"","pinged":"","post_modified":"2022-07-28 17:37:32","post_modified_gmt":"2022-07-28 15:37:32","post_content_filtered":"","post_parent":0,"guid":"http:\/\/dev.claret.cat\/autor\/varios-autores\/","menu_order":0,"post_type":"autor","post_mime_type":"","comment_count":"0","filter":"raw"}]},"aioseo_notices":[],"_links":{"self":[{"href":"https:\/\/www.claret.cat\/es\/wp-json\/wp\/v2\/product\/214549","targetHints":{"allow":["GET"]}}],"collection":[{"href":"https:\/\/www.claret.cat\/es\/wp-json\/wp\/v2\/product"}],"about":[{"href":"https:\/\/www.claret.cat\/es\/wp-json\/wp\/v2\/types\/product"}],"wp:featuredmedia":[{"embeddable":true,"href":"https:\/\/www.claret.cat\/es\/wp-json\/wp\/v2\/media\/214550"}],"wp:attachment":[{"href":"https:\/\/www.claret.cat\/es\/wp-json\/wp\/v2\/media?parent=214549"}],"wp:term":[{"taxonomy":"product_brand","embeddable":true,"href":"https:\/\/www.claret.cat\/es\/wp-json\/wp\/v2\/product_brand?post=214549"},{"taxonomy":"product_cat","embeddable":true,"href":"https:\/\/www.claret.cat\/es\/wp-json\/wp\/v2\/product_cat?post=214549"},{"taxonomy":"product_tag","embeddable":true,"href":"https:\/\/www.claret.cat\/es\/wp-json\/wp\/v2\/product_tag?post=214549"}],"curies":[{"name":"wp","href":"https:\/\/api.w.org\/{rel}","templated":true}]}}