{"id":214618,"date":"2022-10-20T13:23:19","date_gmt":"2022-10-20T11:23:19","guid":{"rendered":"http:\/\/dev.claret.cat\/producte\/ciego-en-gaza\/"},"modified":"2023-01-28T17:09:37","modified_gmt":"2023-01-28T16:09:37","slug":"ciego-en-gaza-9788435009256","status":"publish","type":"product","link":"https:\/\/www.claret.cat\/es\/libro\/ciego-en-gaza-9788435009256\/","title":{"rendered":"CIEGO EN GAZA"},"content":{"rendered":"<p>Ciego en Gaza (1936) es, ante todo, una novela personal e \u00edntima. En conflicto entre lo intelectual y lo sexual y  a trav\u00e9s del misticismo, Huxley nos describe simult\u00e1neamente y sin aparente orden cronol\u00f3gico, la vida de una serie de personajes; sin embargo, al llegar al final, el lector ha de rendirse, sorprendido ante la apretada unidad que presenta la obra. Por encima de los valores de la inteligencia, del despiadado y l\u00facido estudio psicol\u00f3gico de los personajes, habituales en el autor; sorprende la prodigiosa construcci\u00f3n de la novela. As\u00ed, en Ciego en Gaza, Huxley llega al c\u00e9nit de su vida narrativa, dedicado a describir en carne viva con sorprendente exactitud y crudeza a la sociedad de entreguerras, y se centra en una desesperada b\u00fasqueda de los valores positivos que podr\u00edan salvar al ser humano de la alienaci\u00f3n a la que lo conduce el desarrollo tecnol\u00f3gico.<\/p>\n<p>\u00abEl inter\u00e9s negativo se torn\u00f3 positivo, no a resultas de un solo suceso, sino m\u00e1s bien porque todo lo dem\u00e1s -el arte, la ciencia, la literatura, los placeres del pensamiento y de las sensaciones- terminaron por parecerme insuficientes. Uno llega a un punto en el que se dice, incluso al pensar en Beethoven, al pensar en Shakespeare: \u00bfEso es todo?\u00bb<\/p>\n","protected":false},"excerpt":{"rendered":"<p>HUXLEY, ALDOUS<\/p>\n","protected":false},"featured_media":214619,"template":"","meta":{"_acf_changed":false,"om_disable_all_campaigns":false,"rs_blank_template":"","rs_page_bg_color":"","slide_template_v7":"","inline_featured_image":false,"_monsterinsights_skip_tracking":false,"_monsterinsights_sitenote_active":false,"_monsterinsights_sitenote_note":"","_monsterinsights_sitenote_category":0},"product_brand":[],"product_cat":[87],"product_tag":[],"class_list":{"0":"post-214618","1":"product","2":"type-product","3":"status-publish","4":"has-post-thumbnail","6":"product_cat-literatura","8":"first","9":"instock","10":"taxable","11":"shipping-taxable","12":"purchasable","13":"product-type-simple"},"acf":{"autor":"HUXLEY, ALDOUS","codart":"843500925","libros-coleccion":"FORA DE COL.LECCI\u00d3","ediciones":"1","encuadernacion":"Carton\u00e9","fecha_de_publicacion":"01\/03\/2017","novedad":"1","paginas":"512","subtitulo":"","orden":"0","portada":"0","idioma":"spa","editorial":[{"ID":147907,"post_author":"3","post_date":"2022-10-14 11:54:08","post_date_gmt":"2022-10-14 09:54:08","post_content":"","post_title":"Editora y Distribuidora Hispano American","post_excerpt":"","post_status":"publish","comment_status":"closed","ping_status":"closed","post_password":"","post_name":"editora-y-distribuidora-hispano-american","to_ping":"","pinged":"","post_modified":"2022-10-14 11:54:08","post_modified_gmt":"2022-10-14 09:54:08","post_content_filtered":"","post_parent":0,"guid":"http:\/\/dev.claret.cat\/editorial\/editora-y-distribuidora-hispano-american\/","menu_order":0,"post_type":"editorial","post_mime_type":"","comment_count":"0","filter":"raw"}],"autores-libros":[{"ID":149539,"post_author":"3","post_date":"2022-10-14 14:25:42","post_date_gmt":"2022-10-14 12:25:42","post_content":"","post_title":"ALDOUS HUXLEY","post_excerpt":"","post_status":"publish","comment_status":"closed","ping_status":"closed","post_password":"","post_name":"aldous-huxley","to_ping":"","pinged":"","post_modified":"2022-10-14 14:25:42","post_modified_gmt":"2022-10-14 12:25:42","post_content_filtered":"","post_parent":0,"guid":"http:\/\/dev.claret.cat\/autor\/aldous-huxley\/","menu_order":0,"post_type":"autor","post_mime_type":"","comment_count":"0","filter":"raw"}]},"aioseo_notices":[],"_links":{"self":[{"href":"https:\/\/www.claret.cat\/es\/wp-json\/wp\/v2\/product\/214618","targetHints":{"allow":["GET"]}}],"collection":[{"href":"https:\/\/www.claret.cat\/es\/wp-json\/wp\/v2\/product"}],"about":[{"href":"https:\/\/www.claret.cat\/es\/wp-json\/wp\/v2\/types\/product"}],"wp:featuredmedia":[{"embeddable":true,"href":"https:\/\/www.claret.cat\/es\/wp-json\/wp\/v2\/media\/214619"}],"wp:attachment":[{"href":"https:\/\/www.claret.cat\/es\/wp-json\/wp\/v2\/media?parent=214618"}],"wp:term":[{"taxonomy":"product_brand","embeddable":true,"href":"https:\/\/www.claret.cat\/es\/wp-json\/wp\/v2\/product_brand?post=214618"},{"taxonomy":"product_cat","embeddable":true,"href":"https:\/\/www.claret.cat\/es\/wp-json\/wp\/v2\/product_cat?post=214618"},{"taxonomy":"product_tag","embeddable":true,"href":"https:\/\/www.claret.cat\/es\/wp-json\/wp\/v2\/product_tag?post=214618"}],"curies":[{"name":"wp","href":"https:\/\/api.w.org\/{rel}","templated":true}]}}