{"id":214717,"date":"2022-10-20T13:25:33","date_gmt":"2022-10-20T11:25:33","guid":{"rendered":"http:\/\/dev.claret.cat\/producte\/la-llegenda-del-rei-errant\/"},"modified":"2026-01-20T17:07:19","modified_gmt":"2026-01-20T16:07:19","slug":"la-llegenda-del-rei-errant-9788466142328","status":"publish","type":"product","link":"https:\/\/www.claret.cat\/es\/libro\/la-llegenda-del-rei-errant-9788466142328\/","title":{"rendered":"LA LLEGENDA DEL REI ERRANT"},"content":{"rendered":"<p>Walid, un pr\u00edncep \u00e0rab molt ambici\u00f3s, vol guanyar un certamen de poesia. Per\u00f2 un humil teixidor de catifes obt\u00e9 el primer premi. Aleshores Walid decideix castigar-lo. Pero el c\u00e0stig imposat al pobre teixidor es girar\u00e0 contra el pr\u00edncep que perdr\u00e0 el tron, el reialme i gaireb\u00e9 la vida.<\/p>\n","protected":false},"excerpt":{"rendered":"<p>GALLEGO GARC\u00cdA, LAURA<\/p>\n","protected":false},"featured_media":1075268,"template":"","meta":{"_acf_changed":false,"om_disable_all_campaigns":false,"rs_blank_template":"","rs_page_bg_color":"","slide_template_v7":"","inline_featured_image":false,"_monsterinsights_skip_tracking":false,"_monsterinsights_sitenote_active":false,"_monsterinsights_sitenote_note":"","_monsterinsights_sitenote_category":0},"product_brand":[],"product_cat":[86,352],"product_tag":[],"class_list":{"0":"post-214717","1":"product","2":"type-product","3":"status-publish","4":"has-post-thumbnail","6":"product_cat-infantil","7":"product_cat-infantil-3_infantil-juvenil-spa","9":"first","10":"instock","11":"taxable","12":"shipping-taxable","13":"purchasable","14":"product-type-simple"},"acf":{"autor":"GALLEGO GARC\u00cdA, LAURA","codart":"846614232","libros-coleccion":"SUSHI BOOKS","ediciones":"1","encuadernacion":"R\u00fastica","fecha_de_publicacion":"01\/03\/2017","novedad":"1","paginas":"236","subtitulo":"","orden":"0","portada":"0","idioma":"cat","booktrailer":"","resenas":"","editorial":[{"ID":261923,"post_author":"3","post_date":"2022-10-24 11:17:38","post_date_gmt":"2022-10-24 09:17:38","post_content":"","post_title":"CRU\u00cfLLA","post_excerpt":"","post_status":"publish","comment_status":"closed","ping_status":"closed","post_password":"","post_name":"cruilla","to_ping":"","pinged":"","post_modified":"2022-10-24 11:17:38","post_modified_gmt":"2022-10-24 09:17:38","post_content_filtered":"","post_parent":0,"guid":"http:\/\/dev.claret.cat\/editorial\/cruilla\/","menu_order":0,"post_type":"editorial","post_mime_type":"","comment_count":"0","filter":"raw"}],"autores-libros":[{"ID":309439,"post_author":"3","post_date":"2022-12-20 08:49:24","post_date_gmt":"2022-12-20 07:49:24","post_content":"","post_title":"LAURA GALLEGO GARCIA","post_excerpt":"","post_status":"publish","comment_status":"closed","ping_status":"closed","post_password":"","post_name":"laura-gallego-garcia","to_ping":"","pinged":"","post_modified":"2022-12-20 08:49:24","post_modified_gmt":"2022-12-20 07:49:24","post_content_filtered":"","post_parent":0,"guid":"https:\/\/www.claret.cat\/autor\/laura-gallego-garcia\/","menu_order":0,"post_type":"autor","post_mime_type":"","comment_count":"0","filter":"raw"}]},"aioseo_notices":[],"_links":{"self":[{"href":"https:\/\/www.claret.cat\/es\/wp-json\/wp\/v2\/product\/214717","targetHints":{"allow":["GET"]}}],"collection":[{"href":"https:\/\/www.claret.cat\/es\/wp-json\/wp\/v2\/product"}],"about":[{"href":"https:\/\/www.claret.cat\/es\/wp-json\/wp\/v2\/types\/product"}],"wp:featuredmedia":[{"embeddable":true,"href":"https:\/\/www.claret.cat\/es\/wp-json\/wp\/v2\/media\/1075268"}],"wp:attachment":[{"href":"https:\/\/www.claret.cat\/es\/wp-json\/wp\/v2\/media?parent=214717"}],"wp:term":[{"taxonomy":"product_brand","embeddable":true,"href":"https:\/\/www.claret.cat\/es\/wp-json\/wp\/v2\/product_brand?post=214717"},{"taxonomy":"product_cat","embeddable":true,"href":"https:\/\/www.claret.cat\/es\/wp-json\/wp\/v2\/product_cat?post=214717"},{"taxonomy":"product_tag","embeddable":true,"href":"https:\/\/www.claret.cat\/es\/wp-json\/wp\/v2\/product_tag?post=214717"}],"curies":[{"name":"wp","href":"https:\/\/api.w.org\/{rel}","templated":true}]}}