{"id":21478,"date":"2022-10-02T09:34:59","date_gmt":"2022-10-02T07:34:59","guid":{"rendered":"http:\/\/dev.claret.cat\/producte\/israel-y-los-territorios-palestinos-4\/"},"modified":"2023-01-27T23:59:51","modified_gmt":"2023-01-27T22:59:51","slug":"israel-y-los-territorios-palestinos-4-9788408192503","status":"publish","type":"product","link":"https:\/\/www.claret.cat\/es\/libro\/israel-y-los-territorios-palestinos-4-9788408192503\/","title":{"rendered":"ISRAEL Y LOS TERRITORIOS PALESTINOS 4"},"content":{"rendered":"<p>Cuna del juda\u00edsmo y la cristiandad, y sagrada para musulmanes y baha\u00edes, Tierra Santa invita a sumergirse en la variedad de sus tradiciones religiosas. Entre los lugares hist\u00f3ricos jud\u00edos est\u00e1n el Muro de las Lamentaciones de Jerusal\u00e9n y las sinagogas bizantinas. Tanto los peregrinos cristianos como los turistas pueden recorrer lugares vinculados al nacimiento de Jes\u00fas (Bel\u00e9n), su ministerio (Nazaret y alrededores del mar de Galilea) y la crucifixi\u00f3n (Jerusal\u00e9n). Para los musulmanes, solo La Meca y Medina son m\u00e1s sagradas que el Al-Haram ash-Sharif de Jerusal\u00e9n. Adem\u00e1s, pocos pa\u00edses re\u00fanen tanta variedad geogr\u00e1fica en un espacio tan reducido. Las distancias cortas permiten relajarse en una playa mediterr\u00e1nea un d\u00eda, pasar el siguiente d\u00eda flotando en las mineralizadas aguas del Mar Muerto y al otro bucear en el Mar Rojo. Los senderistas pueden recorrer a lo largo el pa\u00eds por el Sendero Nacional de Israel, remojarse en arroyos, explorar los oasis y admirar las formaciones de arenisca multicolor del makhtesh Ramon.<\/p>\n","protected":false},"excerpt":{"rendered":"<p>ROBINSON, DANIEL \/ CROWCROFT, ORLANDO \/ ISALSKA, ANITA \/ WALKER, JENNY \/ SAVERY<\/p>\n","protected":false},"featured_media":66582,"template":"","meta":{"_acf_changed":false,"om_disable_all_campaigns":false,"rs_blank_template":"","rs_page_bg_color":"","slide_template_v7":"","inline_featured_image":false,"_monsterinsights_skip_tracking":false,"_monsterinsights_sitenote_active":false,"_monsterinsights_sitenote_note":"","_monsterinsights_sitenote_category":0},"product_brand":[],"product_cat":[107],"product_tag":[],"class_list":{"0":"post-21478","1":"product","2":"type-product","3":"status-publish","4":"has-post-thumbnail","6":"product_cat-guies-de-viatge","8":"first","9":"instock","10":"taxable","11":"shipping-taxable","12":"purchasable","13":"product-type-simple"},"acf":{"autor":"ROBINSON, DANIEL \/ CROWCROFT, ORLANDO \/ ISALSKA, ANITA \/ WALKER, JENNY \/ SAVERY","codart":"840819250","libros-coleccion":"Gu\u00edas de Pa\u00eds Lonely Planet","ediciones":"1","encuadernacion":"R\u00fastica","fecha_de_publicacion":"01\/11\/2018","novedad":"1","paginas":"456","subtitulo":"","orden":"0","portada":"0","idioma":"spa","editorial":[{"ID":6233,"post_author":"3","post_date":"2022-07-28 17:47:48","post_date_gmt":"2022-07-28 15:47:48","post_content":"","post_title":"EDITORIAL PLANETA","post_excerpt":"","post_status":"publish","comment_status":"closed","ping_status":"closed","post_password":"","post_name":"editorial-planeta","to_ping":"","pinged":"","post_modified":"2022-07-28 17:47:48","post_modified_gmt":"2022-07-28 15:47:48","post_content_filtered":"","post_parent":0,"guid":"http:\/\/dev.claret.cat\/editorial\/editorial-planeta\/","menu_order":0,"post_type":"editorial","post_mime_type":"","comment_count":"0","filter":"raw"}],"autores-libros":[{"ID":153634,"post_author":"3","post_date":"2022-10-14 14:58:18","post_date_gmt":"2022-10-14 12:58:18","post_content":"","post_title":"DANIEL ROBINSON","post_excerpt":"","post_status":"publish","comment_status":"closed","ping_status":"closed","post_password":"","post_name":"daniel-robinson","to_ping":"","pinged":"","post_modified":"2022-10-14 14:58:18","post_modified_gmt":"2022-10-14 12:58:18","post_content_filtered":"","post_parent":0,"guid":"http:\/\/dev.claret.cat\/autor\/daniel-robinson\/","menu_order":0,"post_type":"autor","post_mime_type":"","comment_count":"0","filter":"raw"},{"ID":159006,"post_author":"3","post_date":"2022-10-14 15:41:20","post_date_gmt":"2022-10-14 13:41:20","post_content":"","post_title":"JENNY WALKER","post_excerpt":"","post_status":"publish","comment_status":"closed","ping_status":"closed","post_password":"","post_name":"jenny-walker","to_ping":"","pinged":"","post_modified":"2022-10-14 15:41:20","post_modified_gmt":"2022-10-14 13:41:20","post_content_filtered":"","post_parent":0,"guid":"http:\/\/dev.claret.cat\/autor\/jenny-walker\/","menu_order":0,"post_type":"autor","post_mime_type":"","comment_count":"0","filter":"raw"},{"ID":150511,"post_author":"3","post_date":"2022-10-14 14:33:33","post_date_gmt":"2022-10-14 12:33:33","post_content":"","post_title":"ANITA ISALSKA","post_excerpt":"","post_status":"publish","comment_status":"closed","ping_status":"closed","post_password":"","post_name":"anita-isalska","to_ping":"","pinged":"","post_modified":"2022-10-14 14:33:33","post_modified_gmt":"2022-10-14 12:33:33","post_content_filtered":"","post_parent":0,"guid":"http:\/\/dev.claret.cat\/autor\/anita-isalska\/","menu_order":0,"post_type":"autor","post_mime_type":"","comment_count":"0","filter":"raw"},{"ID":166273,"post_author":"3","post_date":"2022-10-14 18:01:50","post_date_gmt":"2022-10-14 16:01:50","post_content":"","post_title":"ORLANDO CROWCROFT","post_excerpt":"","post_status":"publish","comment_status":"closed","ping_status":"closed","post_password":"","post_name":"orlando-crowcroft","to_ping":"","pinged":"","post_modified":"2022-10-14 18:01:50","post_modified_gmt":"2022-10-14 16:01:50","post_content_filtered":"","post_parent":0,"guid":"http:\/\/dev.claret.cat\/autor\/orlando-crowcroft\/","menu_order":0,"post_type":"autor","post_mime_type":"","comment_count":"0","filter":"raw"},{"ID":169196,"post_author":"3","post_date":"2022-10-14 22:25:16","post_date_gmt":"2022-10-14 20:25:16","post_content":"","post_title":"SAVERY","post_excerpt":"","post_status":"publish","comment_status":"closed","ping_status":"closed","post_password":"","post_name":"savery","to_ping":"","pinged":"","post_modified":"2022-10-14 22:25:16","post_modified_gmt":"2022-10-14 20:25:16","post_content_filtered":"","post_parent":0,"guid":"http:\/\/dev.claret.cat\/autor\/savery\/","menu_order":0,"post_type":"autor","post_mime_type":"","comment_count":"0","filter":"raw"}]},"aioseo_notices":[],"_links":{"self":[{"href":"https:\/\/www.claret.cat\/es\/wp-json\/wp\/v2\/product\/21478","targetHints":{"allow":["GET"]}}],"collection":[{"href":"https:\/\/www.claret.cat\/es\/wp-json\/wp\/v2\/product"}],"about":[{"href":"https:\/\/www.claret.cat\/es\/wp-json\/wp\/v2\/types\/product"}],"wp:featuredmedia":[{"embeddable":true,"href":"https:\/\/www.claret.cat\/es\/wp-json\/wp\/v2\/media\/66582"}],"wp:attachment":[{"href":"https:\/\/www.claret.cat\/es\/wp-json\/wp\/v2\/media?parent=21478"}],"wp:term":[{"taxonomy":"product_brand","embeddable":true,"href":"https:\/\/www.claret.cat\/es\/wp-json\/wp\/v2\/product_brand?post=21478"},{"taxonomy":"product_cat","embeddable":true,"href":"https:\/\/www.claret.cat\/es\/wp-json\/wp\/v2\/product_cat?post=21478"},{"taxonomy":"product_tag","embeddable":true,"href":"https:\/\/www.claret.cat\/es\/wp-json\/wp\/v2\/product_tag?post=21478"}],"curies":[{"name":"wp","href":"https:\/\/api.w.org\/{rel}","templated":true}]}}