{"id":214783,"date":"2022-10-20T13:26:59","date_gmt":"2022-10-20T11:26:59","guid":{"rendered":"http:\/\/dev.claret.cat\/producte\/mes-que-mascotes-una-desfilada-democions-il%c2%b7lustrades\/"},"modified":"2025-04-08T10:05:22","modified_gmt":"2025-04-08T08:05:22","slug":"mes-que-mascotes-una-desfilada-democions-illustrades-9788416712441","status":"publish","type":"product","link":"https:\/\/www.claret.cat\/es\/libro\/mes-que-mascotes-una-desfilada-democions-illustrades-9788416712441\/","title":{"rendered":"M\u00c9S QUE MASCOTES. UNA DESFILADA D&#8217;EMOCIONS IL\u00b7LUSTRADES"},"content":{"rendered":"<p>Una nova proposta de Raquel Gu, autora de Dragonario, Drac\u00e0leg, Monstruopedia i Monstr\u00e0leg, tots ells publicats per B de Blok. Una singular i sorprenent col&bull;lecci\u00f3 de mascotes que ajuden els nens a expressar les seves emocions.<br \/> Els textos en vers, tant en castell\u00e0 com en catal\u00e0, resulten graciosos i originals, i afegeixen valor a les il&bull;lustracions del llibre. Cada dibuix va acompanyat d&rsquo;una breu descripci\u00f3 en vers que convida a memoritzar i recordar els personatges d&rsquo;aquest llibre.<br \/> Per a nens de 4 a 7 anys.<br \/> M\u00e9s que mascotes. Una desfilada d&rsquo;emocions il&bull;lustrades \u00e9s un llibre il&bull;lustrat a tot color en el qual Raquel Gu interpreta amb humor les emocions i els sentiments m\u00e9s habituals que experimenten els nens, inventant una mascota per a cadascun d&rsquo;ells. Aix\u00ed, ens ofereix una mostrari de personatges imaginaris pensat per ajudar els petits lectors a identificar les seves emocions.<br \/> Entre d&rsquo;altres, hi trobarem la mascota de la tristesa, amb un ulls molt grossos, impermeable i de color blau, que s&rsquo;abra\u00e7a al nen trist i li eixuga les ll\u00e0grimes fins que la pena se&rsquo;n va; la mascota de la calma, suau, rosa i ben tova, que relaxa els nens en posar-s&rsquo;hi al damunt; la mascota menjavergonya i la mascota fortota, una mena de guardaespatlles que proporciona seguretat, etc.<\/p>\n","protected":false},"excerpt":{"rendered":"<p>GU, RAQUEL<\/p>\n","protected":false},"featured_media":1017235,"template":"","meta":{"_acf_changed":false,"om_disable_all_campaigns":false,"rs_blank_template":"","rs_page_bg_color":"","slide_template_v7":"","inline_featured_image":false,"_monsterinsights_skip_tracking":false,"_monsterinsights_sitenote_active":false,"_monsterinsights_sitenote_note":"","_monsterinsights_sitenote_category":0},"product_brand":[],"product_cat":[90,540],"product_tag":[],"class_list":{"0":"post-214783","1":"product","2":"type-product","3":"status-publish","4":"has-post-thumbnail","6":"product_cat-altres","7":"product_cat-otros","9":"first","10":"outofstock","11":"taxable","12":"shipping-taxable","13":"purchasable","14":"product-type-simple"},"acf":{"autor":"GU, RAQUEL","codart":"841671244","libros-coleccion":"SUSHI BOOKS","ediciones":"1","encuadernacion":"Carton\u00e9","fecha_de_publicacion":"01\/03\/2017","novedad":"1","paginas":"29","subtitulo":"","orden":"0","portada":"0","idioma":"cat","editorial":[{"ID":6136,"post_author":"3","post_date":"2022-07-28 17:45:39","post_date_gmt":"2022-07-28 15:45:39","post_content":"","post_title":"B de Blok (Ediciones B)","post_excerpt":"","post_status":"publish","comment_status":"closed","ping_status":"closed","post_password":"","post_name":"b-de-blok-ediciones-b","to_ping":"","pinged":"","post_modified":"2022-07-28 17:45:39","post_modified_gmt":"2022-07-28 15:45:39","post_content_filtered":"","post_parent":0,"guid":"http:\/\/dev.claret.cat\/editorial\/b-de-blok-ediciones-b\/","menu_order":0,"post_type":"editorial","post_mime_type":"","comment_count":"0","filter":"raw"}],"autores-libros":[{"ID":167803,"post_author":"3","post_date":"2022-10-14 18:14:08","post_date_gmt":"2022-10-14 16:14:08","post_content":"","post_title":"RAQUEL GU","post_excerpt":"","post_status":"publish","comment_status":"closed","ping_status":"closed","post_password":"","post_name":"raquel-gu","to_ping":"","pinged":"","post_modified":"2022-10-14 18:14:08","post_modified_gmt":"2022-10-14 16:14:08","post_content_filtered":"","post_parent":0,"guid":"http:\/\/dev.claret.cat\/autor\/raquel-gu\/","menu_order":0,"post_type":"autor","post_mime_type":"","comment_count":"0","filter":"raw"}]},"aioseo_notices":[],"_links":{"self":[{"href":"https:\/\/www.claret.cat\/es\/wp-json\/wp\/v2\/product\/214783","targetHints":{"allow":["GET"]}}],"collection":[{"href":"https:\/\/www.claret.cat\/es\/wp-json\/wp\/v2\/product"}],"about":[{"href":"https:\/\/www.claret.cat\/es\/wp-json\/wp\/v2\/types\/product"}],"wp:featuredmedia":[{"embeddable":true,"href":"https:\/\/www.claret.cat\/es\/wp-json\/wp\/v2\/media\/1017235"}],"wp:attachment":[{"href":"https:\/\/www.claret.cat\/es\/wp-json\/wp\/v2\/media?parent=214783"}],"wp:term":[{"taxonomy":"product_brand","embeddable":true,"href":"https:\/\/www.claret.cat\/es\/wp-json\/wp\/v2\/product_brand?post=214783"},{"taxonomy":"product_cat","embeddable":true,"href":"https:\/\/www.claret.cat\/es\/wp-json\/wp\/v2\/product_cat?post=214783"},{"taxonomy":"product_tag","embeddable":true,"href":"https:\/\/www.claret.cat\/es\/wp-json\/wp\/v2\/product_tag?post=214783"}],"curies":[{"name":"wp","href":"https:\/\/api.w.org\/{rel}","templated":true}]}}