{"id":214816,"date":"2022-10-20T13:27:40","date_gmt":"2022-10-20T11:27:40","guid":{"rendered":"http:\/\/dev.claret.cat\/producte\/sonata-a-kreutzer\/"},"modified":"2024-05-23T23:52:11","modified_gmt":"2024-05-23T21:52:11","slug":"sonata-a-kreutzer-9788446027737","status":"publish","type":"product","link":"https:\/\/www.claret.cat\/es\/libro\/sonata-a-kreutzer-9788446027737\/","title":{"rendered":"SONATA A KREUTZER"},"content":{"rendered":"<p>Un soberbio y desolador an\u00e1lisis de la naturaleza de las relaciones humanas, con la Sonata para viol\u00edn y piano n\u00fam. 9 de Beethoven como fondo, que constituye uno de los relatos m\u00e1s intensos del genial escritor ruso.  Publicada en 1889, Sonata a Kreutzer, en la que se puede advertir un cierto aire autobiogr\u00e1fico, cuenta la historia de P\u00f3zdnyshev y de su mujer, de los primeros, id\u00edlicos a\u00f1os de su matrimonio, del progresivo deterioro del mismo, de c\u00f3mo el amor y la entrega dejan paso al odio y la humillaci\u00f3n. Y habla tambi\u00e9n de los celos, unos celos que, con su ominosa presencia, acabar\u00e1n envenenando la convivencia y a los que s\u00f3lo el asesinato lograr\u00e1 poner fin.<\/p>\n","protected":false},"excerpt":{"rendered":"<p>TOLSTOI, LEON<\/p>\n","protected":false},"featured_media":347846,"template":"","meta":{"_acf_changed":false,"om_disable_all_campaigns":false,"rs_blank_template":"","rs_page_bg_color":"","slide_template_v7":"","inline_featured_image":false,"_monsterinsights_skip_tracking":false,"_monsterinsights_sitenote_active":false,"_monsterinsights_sitenote_note":"","_monsterinsights_sitenote_category":0},"product_brand":[],"product_cat":[87,353],"product_tag":[],"class_list":{"0":"post-214816","1":"product","2":"type-product","3":"status-publish","4":"has-post-thumbnail","6":"product_cat-literatura","7":"product_cat-literatura-2_humanidades","9":"first","10":"instock","11":"taxable","12":"shipping-taxable","13":"purchasable","14":"product-type-simple"},"acf":{"autor":"TOLSTOI, LEON","codart":"844602773","libros-coleccion":"FORA DE COL.LECCI\u00d3","ediciones":"1","encuadernacion":"R\u00fastica","fecha_de_publicacion":"01\/03\/2017","novedad":"1","paginas":"128","subtitulo":"","orden":"0","portada":"0","idioma":"spa","editorial":[{"ID":6115,"post_author":"3","post_date":"2022-07-28 17:45:13","post_date_gmt":"2022-07-28 15:45:13","post_content":"","post_title":"AKAL, EDICIONES S.A.","post_excerpt":"","post_status":"publish","comment_status":"closed","ping_status":"closed","post_password":"","post_name":"akal-ediciones-s-a","to_ping":"","pinged":"","post_modified":"2022-07-28 17:45:13","post_modified_gmt":"2022-07-28 15:45:13","post_content_filtered":"","post_parent":0,"guid":"http:\/\/dev.claret.cat\/editorial\/akal-ediciones-s-a\/","menu_order":0,"post_type":"editorial","post_mime_type":"","comment_count":"0","filter":"raw"}],"autores-libros":[{"ID":162121,"post_author":"3","post_date":"2022-10-14 17:28:31","post_date_gmt":"2022-10-14 15:28:31","post_content":"","post_title":"LEON TOLSTOI","post_excerpt":"","post_status":"publish","comment_status":"closed","ping_status":"closed","post_password":"","post_name":"leon-tolstoi","to_ping":"","pinged":"","post_modified":"2022-10-14 17:28:31","post_modified_gmt":"2022-10-14 15:28:31","post_content_filtered":"","post_parent":0,"guid":"http:\/\/dev.claret.cat\/autor\/leon-tolstoi\/","menu_order":0,"post_type":"autor","post_mime_type":"","comment_count":"0","filter":"raw"}]},"aioseo_notices":[],"_links":{"self":[{"href":"https:\/\/www.claret.cat\/es\/wp-json\/wp\/v2\/product\/214816","targetHints":{"allow":["GET"]}}],"collection":[{"href":"https:\/\/www.claret.cat\/es\/wp-json\/wp\/v2\/product"}],"about":[{"href":"https:\/\/www.claret.cat\/es\/wp-json\/wp\/v2\/types\/product"}],"wp:featuredmedia":[{"embeddable":true,"href":"https:\/\/www.claret.cat\/es\/wp-json\/wp\/v2\/media\/347846"}],"wp:attachment":[{"href":"https:\/\/www.claret.cat\/es\/wp-json\/wp\/v2\/media?parent=214816"}],"wp:term":[{"taxonomy":"product_brand","embeddable":true,"href":"https:\/\/www.claret.cat\/es\/wp-json\/wp\/v2\/product_brand?post=214816"},{"taxonomy":"product_cat","embeddable":true,"href":"https:\/\/www.claret.cat\/es\/wp-json\/wp\/v2\/product_cat?post=214816"},{"taxonomy":"product_tag","embeddable":true,"href":"https:\/\/www.claret.cat\/es\/wp-json\/wp\/v2\/product_tag?post=214816"}],"curies":[{"name":"wp","href":"https:\/\/api.w.org\/{rel}","templated":true}]}}