{"id":214849,"date":"2022-10-20T13:28:23","date_gmt":"2022-10-20T11:28:23","guid":{"rendered":"http:\/\/dev.claret.cat\/producte\/la-hermana-sombra-las-siete-hermanas-3-spa\/"},"modified":"2023-01-28T17:16:27","modified_gmt":"2023-01-28T16:16:27","slug":"la-hermana-sombra-las-siete-hermanas-3-spa-9788401018350","status":"publish","type":"product","link":"https:\/\/www.claret.cat\/es\/libro\/la-hermana-sombra-las-siete-hermanas-3-spa-9788401018350\/","title":{"rendered":"LA HERMANA SOMBRA (LAS SIETE HERMANAS 3) (SPA)"},"content":{"rendered":"<p>La hermana sombra es el tercer libro de la serie basada en la  mitolog\u00eda griega y en la astrolog\u00eda, Las Siete Hermanas, de la autora superventas mundial Lucinda Riley. Siete hermanas, siete destinos, un padre con un pasado misterioso&#8230; Star D&#8217;Apli\u00e8se se encuentra en una encrucijada tras la repentina muerte  de su padre, el misterioso millonario Pa Salt. Ha dejado a cada una de  sus seis hijas una pista sobre sus or\u00edgenes, pero Star, la m\u00e1s enigm\u00e1tica de todas, tiene serias dudas sobre la necesidad de aventurarse y perder la seguridad que la estrecha relaci\u00f3n con su hermana  CeCe le brinda. A la desesperada decide seguir la pista, que la conduce  a una librer\u00eda de antiguo en Londres y al comienzo de un nuevo mundo para ella. Hace cien a\u00f1os Flora MacNichol jura que nunca se casar\u00e1. Se siente feliz  y segura en su casa en el Lake District cerca de Beatrix Potter, a quien  idolatra. Pero se ve arrastrada contra su voluntad hasta Londres, a la  casa de una de las personas m\u00e1s influyentes de la sociedad eduardiana:  Alice Keppel, la amante m\u00e1s famosa de Eduardo VII, el hijo mayor de la reina Victoria. Flora se debate entre el amor apasionado y la obligaci\u00f3n hacia su  familia al mismo tiempo que se siente como un pe\u00f3n en juego ajeno, cuyas  reglas solo conocen otros, hasta que el encuentro fortuito con un  misterioso caballero le proporciona las respuestas que Flora ha estado esperando toda su vida. Si quieres saber m\u00e1s, incluso sobre mitolog\u00eda griega, las Pl\u00e9yades,  las esferas armilares&#8230;, visita la web de Lucinda Riley en espa\u00f1ol:  esp.lucindariley.co.uk. Tambi\u00e9n encontrar\u00e1s documentaci\u00f3n sobre Beatrix  Potter, Kent, el distrito de los lagos, Violet y Sonia Keppel y Alice Keppel. Rese\u00f1as:<br \/>\u00abLa serie &#8216;Las Siete Hermanas&#8217; es rom\u00e1ntica, arrolladora, lujosa y glamurosa.\u00bb<br \/>The Daily Mail \u00abUn libro brillante que no puedes dejar, lleno de glamour y romance.\u00bb<br \/>The Daily Mail \u00abRiley es una experta contadora de historias rom\u00e1nticas, que trama con  habilidad la historia con la ficci\u00f3n. Un relato absorbente y fascinante.\u00bb<br \/>Booklist En los blogs&#8230;<br \/>\u00abMe ha parecido un libro fant\u00e1stico y la verdad es que creo que Lucinda  es una buena escritora, ya que los tres libros que he le\u00eddo  de ella me han fascinado.\u00bb<br \/>Blog Tesorera de libros \u00abLa mezcla perfecta de mitolog\u00eda griega, astrolog\u00eda, romance y novela contempor\u00e1nea.\u00bb<br \/>Blog El cuervo de las alas rotas \u00abLa tercera entrega est\u00e1 a la altura y promete que la siguiente va a ser  interesante al acompa\u00f1ar a la cuarta hermana en la b\u00fasqueda de su pasado y su identidad.\u00bb<br \/>Blog Viaja gracias a los libros<\/p>\n","protected":false},"excerpt":{"rendered":"<p>RILEY, LUCINDA                                                                  <\/p>\n","protected":false},"featured_media":0,"template":"","meta":{"_acf_changed":false,"om_disable_all_campaigns":false,"rs_blank_template":"","rs_page_bg_color":"","slide_template_v7":"","inline_featured_image":false,"_monsterinsights_skip_tracking":false,"_monsterinsights_sitenote_active":false,"_monsterinsights_sitenote_note":"","_monsterinsights_sitenote_category":0},"product_brand":[],"product_cat":[16],"product_tag":[],"class_list":{"0":"post-214849","1":"product","2":"type-product","3":"status-publish","5":"product_cat-sense-categoria","7":"first","8":"instock","9":"taxable","10":"shipping-taxable","11":"purchasable","12":"product-type-simple"},"acf":{"autor":"RILEY, LUCINDA                                                                  ","codart":"9788401018350  ","libros-coleccion":"","ediciones":"1","encuadernacion":"Carton\u00e9","fecha_de_publicacion":"01\/03\/2017","novedad":"0","paginas":"592","subtitulo":"LA HISTORIA DE STAR                                                             ","orden":"999","portada":"0","idioma":"","autores-libros":[{"ID":5748,"post_author":"3","post_date":"2022-07-28 17:30:38","post_date_gmt":"2022-07-28 15:30:38","post_content":"","post_title":"LUCINDA RILEY","post_excerpt":"","post_status":"publish","comment_status":"closed","ping_status":"closed","post_password":"","post_name":"lucinda-riley","to_ping":"","pinged":"","post_modified":"2022-07-28 17:30:38","post_modified_gmt":"2022-07-28 15:30:38","post_content_filtered":"","post_parent":0,"guid":"http:\/\/dev.claret.cat\/autor\/lucinda-riley\/","menu_order":0,"post_type":"autor","post_mime_type":"","comment_count":"0","filter":"raw"}]},"aioseo_notices":[],"_links":{"self":[{"href":"https:\/\/www.claret.cat\/es\/wp-json\/wp\/v2\/product\/214849","targetHints":{"allow":["GET"]}}],"collection":[{"href":"https:\/\/www.claret.cat\/es\/wp-json\/wp\/v2\/product"}],"about":[{"href":"https:\/\/www.claret.cat\/es\/wp-json\/wp\/v2\/types\/product"}],"wp:attachment":[{"href":"https:\/\/www.claret.cat\/es\/wp-json\/wp\/v2\/media?parent=214849"}],"wp:term":[{"taxonomy":"product_brand","embeddable":true,"href":"https:\/\/www.claret.cat\/es\/wp-json\/wp\/v2\/product_brand?post=214849"},{"taxonomy":"product_cat","embeddable":true,"href":"https:\/\/www.claret.cat\/es\/wp-json\/wp\/v2\/product_cat?post=214849"},{"taxonomy":"product_tag","embeddable":true,"href":"https:\/\/www.claret.cat\/es\/wp-json\/wp\/v2\/product_tag?post=214849"}],"curies":[{"name":"wp","href":"https:\/\/api.w.org\/{rel}","templated":true}]}}