{"id":214862,"date":"2022-10-20T13:28:41","date_gmt":"2022-10-20T11:28:41","guid":{"rendered":"http:\/\/dev.claret.cat\/producte\/siete-vidas\/"},"modified":"2023-01-28T16:47:12","modified_gmt":"2023-01-28T15:47:12","slug":"siete-vidas-9788416251964","status":"publish","type":"product","link":"https:\/\/www.claret.cat\/es\/libro\/siete-vidas-9788416251964\/","title":{"rendered":"SIETE VIDAS"},"content":{"rendered":"<p>Siete vidas, del vers\u00e1til autor catal\u00e1n Josep Maria Be\u00e0, se recupera en formato \u00e1lbum treinta y cuatro a\u00f1os despu\u00e9s de que comenzara a publicarse por entregas en la revista Rambla. Esta serie de historietas con protagonista gatuno -recopiladas en un tomo por Intermagen en 1985- se revela como el m\u00e1s \u00edntimo diario en vi\u00f1etas del maestro Be\u00e0.<\/p>\n<p> La versi\u00f3n actual, en un formato m\u00e1s grande, carton\u00e9 y nueva rotulaci\u00f3n, as\u00ed como una ilustraci\u00f3n de portada realizada por el propio Josep Maria Be\u00e0 para la ocasi\u00f3n, es un paso m\u00e1s a la hora de poner de actualidad a un autor referente del c\u00f3mic que comenz\u00f3 a publicar profesionalmente sus dibujos e historietas desde muy joven, a finales de los 50.<\/p>\n<p> El escritor y periodista Rub\u00e9n Lard\u00edn incide en el pr\u00f3logo de la nueva edici\u00f3n en que &#8216;para cada una de las entregas que componen este libro imagino a Be\u00e0 remirando la manzana de su memoria, busc\u00e1ndole el mordisco. Tratando de localizar lo que en fotograf\u00eda, precisamente, se llama el instante decisivo. En este libro van a ser siete. Siete p\u00e9rdidas como siete soles. Siete derrotas. Siete mutilaciones que el hombre adulto no suele percibir m\u00e1s que de una manera vaga e inesperada, como la fantasmagor\u00eda de un miembro amputado tiempo atr\u00e1s&#8217;.<\/p>\n","protected":false},"excerpt":{"rendered":"<p>BE\u00c1, JOSEP MARIA<\/p>\n","protected":false},"featured_media":214863,"template":"","meta":{"_acf_changed":false,"om_disable_all_campaigns":false,"rs_blank_template":"","rs_page_bg_color":"","slide_template_v7":"","inline_featured_image":false,"_monsterinsights_skip_tracking":false,"_monsterinsights_sitenote_active":false,"_monsterinsights_sitenote_note":"","_monsterinsights_sitenote_category":0},"product_brand":[],"product_cat":[108],"product_tag":[],"class_list":{"0":"post-214862","1":"product","2":"type-product","3":"status-publish","4":"has-post-thumbnail","6":"product_cat-comic","8":"first","9":"instock","10":"taxable","11":"shipping-taxable","12":"purchasable","13":"product-type-simple"},"acf":{"autor":"BE\u00c1, JOSEP MARIA","codart":"841625196","libros-coleccion":"Sill\u00f3n Orejero","ediciones":"1","encuadernacion":"Carton\u00e9","fecha_de_publicacion":"01\/03\/2017","novedad":"1","paginas":"48","subtitulo":"","orden":"0","portada":"0","idioma":"spa","editorial":[{"ID":6130,"post_author":"3","post_date":"2022-07-28 17:45:32","post_date_gmt":"2022-07-28 15:45:32","post_content":"","post_title":"ASTIBERRI EDICIONES","post_excerpt":"","post_status":"publish","comment_status":"closed","ping_status":"closed","post_password":"","post_name":"astiberri-ediciones","to_ping":"","pinged":"","post_modified":"2022-07-28 17:45:32","post_modified_gmt":"2022-07-28 15:45:32","post_content_filtered":"","post_parent":0,"guid":"http:\/\/dev.claret.cat\/editorial\/astiberri-ediciones\/","menu_order":0,"post_type":"editorial","post_mime_type":"","comment_count":"0","filter":"raw"}]},"aioseo_notices":[],"_links":{"self":[{"href":"https:\/\/www.claret.cat\/es\/wp-json\/wp\/v2\/product\/214862","targetHints":{"allow":["GET"]}}],"collection":[{"href":"https:\/\/www.claret.cat\/es\/wp-json\/wp\/v2\/product"}],"about":[{"href":"https:\/\/www.claret.cat\/es\/wp-json\/wp\/v2\/types\/product"}],"wp:featuredmedia":[{"embeddable":true,"href":"https:\/\/www.claret.cat\/es\/wp-json\/wp\/v2\/media\/214863"}],"wp:attachment":[{"href":"https:\/\/www.claret.cat\/es\/wp-json\/wp\/v2\/media?parent=214862"}],"wp:term":[{"taxonomy":"product_brand","embeddable":true,"href":"https:\/\/www.claret.cat\/es\/wp-json\/wp\/v2\/product_brand?post=214862"},{"taxonomy":"product_cat","embeddable":true,"href":"https:\/\/www.claret.cat\/es\/wp-json\/wp\/v2\/product_cat?post=214862"},{"taxonomy":"product_tag","embeddable":true,"href":"https:\/\/www.claret.cat\/es\/wp-json\/wp\/v2\/product_tag?post=214862"}],"curies":[{"name":"wp","href":"https:\/\/api.w.org\/{rel}","templated":true}]}}