{"id":214925,"date":"2022-10-20T13:30:04","date_gmt":"2022-10-20T11:30:04","guid":{"rendered":"http:\/\/dev.claret.cat\/producte\/camins-de-nit\/"},"modified":"2023-01-28T21:39:06","modified_gmt":"2023-01-28T20:39:06","slug":"camins-de-nit-9788448942922","status":"publish","type":"product","link":"https:\/\/www.claret.cat\/es\/libro\/camins-de-nit-9788448942922\/","title":{"rendered":"CAMINS DE NIT"},"content":{"rendered":"<p>La Rut ha de fugir. De qui? Cap on? Per qu\u00e8? El lector sap el mateix que ella. Sap que no t\u00e9 cap altra opci\u00f3, per\u00f2 no sap el motiu. Arrossega m\u00e9s incerteses que respostes. Els secrets fins i tot envolten aquells que ajuden la Rut, com el professor Argimon, en Marc l&#8217;Anxova&#8230; Quin inter\u00e8s poden tenir en la noia els que la busquen? On ha d&#8217;anar? Per qu\u00e8?<br \/> No tot es resol en el primer llibre. Per\u00f2 algunes preguntes s\u00ed queden resoltes, encara que les respostes no sempre s\u00f3n les que ens agradarien.<\/p>\n","protected":false},"excerpt":{"rendered":"<p>PORTELL, RAIMON<\/p>\n","protected":false},"featured_media":214926,"template":"","meta":{"_acf_changed":false,"om_disable_all_campaigns":false,"rs_blank_template":"","rs_page_bg_color":"","slide_template_v7":"","inline_featured_image":false,"_monsterinsights_skip_tracking":false,"_monsterinsights_sitenote_active":false,"_monsterinsights_sitenote_note":"","_monsterinsights_sitenote_category":0},"product_brand":[],"product_cat":[117],"product_tag":[],"class_list":{"0":"post-214925","1":"product","2":"type-product","3":"status-publish","4":"has-post-thumbnail","6":"product_cat-juvenil","8":"first","9":"instock","10":"taxable","11":"shipping-taxable","12":"purchasable","13":"product-type-simple"},"acf":{"autor":"PORTELL, RAIMON","codart":"844894292","libros-coleccion":"Llibres Infantils I Juvenils - Diversos","ediciones":"1","encuadernacion":"R\u00fastica","fecha_de_publicacion":"01\/03\/2017","novedad":"1","paginas":"342","subtitulo":"","orden":"0","portada":"0","idioma":"cat","editorial":[{"ID":147525,"post_author":"3","post_date":"2022-10-14 11:51:14","post_date_gmt":"2022-10-14 09:51:14","post_content":"","post_title":"BARCANOVA","post_excerpt":"","post_status":"publish","comment_status":"closed","ping_status":"closed","post_password":"","post_name":"barcanova","to_ping":"","pinged":"","post_modified":"2022-10-14 11:51:14","post_modified_gmt":"2022-10-14 09:51:14","post_content_filtered":"","post_parent":0,"guid":"http:\/\/dev.claret.cat\/editorial\/barcanova\/","menu_order":0,"post_type":"editorial","post_mime_type":"","comment_count":"0","filter":"raw"}],"autores-libros":[{"ID":167647,"post_author":"3","post_date":"2022-10-14 18:12:53","post_date_gmt":"2022-10-14 16:12:53","post_content":"","post_title":"RAIMON PORTELL","post_excerpt":"","post_status":"publish","comment_status":"closed","ping_status":"closed","post_password":"","post_name":"raimon-portell","to_ping":"","pinged":"","post_modified":"2022-10-14 18:12:53","post_modified_gmt":"2022-10-14 16:12:53","post_content_filtered":"","post_parent":0,"guid":"http:\/\/dev.claret.cat\/autor\/raimon-portell\/","menu_order":0,"post_type":"autor","post_mime_type":"","comment_count":"0","filter":"raw"}]},"aioseo_notices":[],"_links":{"self":[{"href":"https:\/\/www.claret.cat\/es\/wp-json\/wp\/v2\/product\/214925","targetHints":{"allow":["GET"]}}],"collection":[{"href":"https:\/\/www.claret.cat\/es\/wp-json\/wp\/v2\/product"}],"about":[{"href":"https:\/\/www.claret.cat\/es\/wp-json\/wp\/v2\/types\/product"}],"wp:featuredmedia":[{"embeddable":true,"href":"https:\/\/www.claret.cat\/es\/wp-json\/wp\/v2\/media\/214926"}],"wp:attachment":[{"href":"https:\/\/www.claret.cat\/es\/wp-json\/wp\/v2\/media?parent=214925"}],"wp:term":[{"taxonomy":"product_brand","embeddable":true,"href":"https:\/\/www.claret.cat\/es\/wp-json\/wp\/v2\/product_brand?post=214925"},{"taxonomy":"product_cat","embeddable":true,"href":"https:\/\/www.claret.cat\/es\/wp-json\/wp\/v2\/product_cat?post=214925"},{"taxonomy":"product_tag","embeddable":true,"href":"https:\/\/www.claret.cat\/es\/wp-json\/wp\/v2\/product_tag?post=214925"}],"curies":[{"name":"wp","href":"https:\/\/api.w.org\/{rel}","templated":true}]}}