{"id":214961,"date":"2022-10-20T13:30:54","date_gmt":"2022-10-20T11:30:54","guid":{"rendered":"http:\/\/dev.claret.cat\/producte\/la-immortal\/"},"modified":"2024-02-08T13:23:10","modified_gmt":"2024-02-08T12:23:10","slug":"la-immortal-9788468333144","status":"publish","type":"product","link":"https:\/\/www.claret.cat\/es\/libro\/la-immortal-9788468333144\/","title":{"rendered":"LA IMMORTAL"},"content":{"rendered":"<p>Judit t\u00e9 gaireb\u00e9 dotze anys i un do per dibuixar. Viu amb la seva mare i el seu avi en Ginebra. El seu pare, un fam\u00f3s pintor, es va marxar a Hongria quan era petita.<\/p>\n<p>Judit est\u00e0 preparant-se per participar en un concurs de dibuix quan, inesperadament, els escacs es creua en el seu cam\u00ed i comen\u00e7a a accionarse. Judit jugar\u00e0 moltes partides, per\u00f2 una d&#8217;elles li canviar\u00e0 la vida. La disputar\u00e0 contra Mr. Aliyat, un estrany mestre dels escacs, nascut a Iran, que es comunica a trav\u00e9s d&#8217;enigm\u00e0tiques notes.<\/p>\n<p>No obstant aix\u00f2, quan Mr. Aliyat \u00e9s detingut en plena ona de terrorisme integrista, la partida d&#8217;escacs de Judit arribar\u00e0 a canviar les regles del joc.<\/p>\n","protected":false},"excerpt":{"rendered":"<p>RUIZ GARZ\u00d3N, RICARD<\/p>\n","protected":false},"featured_media":214962,"template":"","meta":{"_acf_changed":false,"om_disable_all_campaigns":false,"rs_blank_template":"","rs_page_bg_color":"","slide_template_v7":"","inline_featured_image":false,"_monsterinsights_skip_tracking":false,"_monsterinsights_sitenote_active":false,"_monsterinsights_sitenote_note":"","_monsterinsights_sitenote_category":0},"product_brand":[],"product_cat":[86,352],"product_tag":[],"class_list":{"0":"post-214961","1":"product","2":"type-product","3":"status-publish","4":"has-post-thumbnail","6":"product_cat-infantil","7":"product_cat-infantil-3_infantil-juvenil-spa","9":"first","10":"instock","11":"taxable","12":"shipping-taxable","13":"purchasable","14":"product-type-simple"},"acf":{"autor":"RUIZ GARZ\u00d3N, RICARD","codart":"846833314","libros-coleccion":"SUSHI BOOKS","ediciones":"1","encuadernacion":"Carpeta","fecha_de_publicacion":"01\/03\/2017","novedad":"1","paginas":"0","subtitulo":"","orden":"0","portada":"0","idioma":"cat","editorial":[{"ID":6193,"post_author":"3","post_date":"2022-07-28 17:46:53","post_date_gmt":"2022-07-28 15:46:53","post_content":"","post_title":"EDEBE GUADIEL","post_excerpt":"","post_status":"publish","comment_status":"closed","ping_status":"closed","post_password":"","post_name":"edebe-guadiel","to_ping":"","pinged":"","post_modified":"2022-07-28 17:46:53","post_modified_gmt":"2022-07-28 15:46:53","post_content_filtered":"","post_parent":0,"guid":"http:\/\/dev.claret.cat\/editorial\/edebe-guadiel\/","menu_order":0,"post_type":"editorial","post_mime_type":"","comment_count":"0","filter":"raw"}],"autores-libros":[{"ID":168032,"post_author":"3","post_date":"2022-10-14 18:15:58","post_date_gmt":"2022-10-14 16:15:58","post_content":"","post_title":"RICARD RUIZ GARZON","post_excerpt":"","post_status":"publish","comment_status":"closed","ping_status":"closed","post_password":"","post_name":"ricard-ruiz-garzon","to_ping":"","pinged":"","post_modified":"2022-10-14 18:15:58","post_modified_gmt":"2022-10-14 16:15:58","post_content_filtered":"","post_parent":0,"guid":"http:\/\/dev.claret.cat\/autor\/ricard-ruiz-garzon\/","menu_order":0,"post_type":"autor","post_mime_type":"","comment_count":"0","filter":"raw"}]},"aioseo_notices":[],"_links":{"self":[{"href":"https:\/\/www.claret.cat\/es\/wp-json\/wp\/v2\/product\/214961","targetHints":{"allow":["GET"]}}],"collection":[{"href":"https:\/\/www.claret.cat\/es\/wp-json\/wp\/v2\/product"}],"about":[{"href":"https:\/\/www.claret.cat\/es\/wp-json\/wp\/v2\/types\/product"}],"wp:featuredmedia":[{"embeddable":true,"href":"https:\/\/www.claret.cat\/es\/wp-json\/wp\/v2\/media\/214962"}],"wp:attachment":[{"href":"https:\/\/www.claret.cat\/es\/wp-json\/wp\/v2\/media?parent=214961"}],"wp:term":[{"taxonomy":"product_brand","embeddable":true,"href":"https:\/\/www.claret.cat\/es\/wp-json\/wp\/v2\/product_brand?post=214961"},{"taxonomy":"product_cat","embeddable":true,"href":"https:\/\/www.claret.cat\/es\/wp-json\/wp\/v2\/product_cat?post=214961"},{"taxonomy":"product_tag","embeddable":true,"href":"https:\/\/www.claret.cat\/es\/wp-json\/wp\/v2\/product_tag?post=214961"}],"curies":[{"name":"wp","href":"https:\/\/api.w.org\/{rel}","templated":true}]}}