{"id":214967,"date":"2022-10-20T13:31:02","date_gmt":"2022-10-20T11:31:02","guid":{"rendered":"http:\/\/dev.claret.cat\/producte\/la-inmortal\/"},"modified":"2024-02-08T13:24:21","modified_gmt":"2024-02-08T12:24:21","slug":"la-inmortal-9788468332734","status":"publish","type":"product","link":"https:\/\/www.claret.cat\/es\/libro\/la-inmortal-9788468332734\/","title":{"rendered":"LA INMORTAL"},"content":{"rendered":"<p>Judit tiene casi doce a\u00f1os y un don para dibujar. Vive con su madre y su abuelo en Ginebra. Su padre, un famoso pintor, se march\u00f3 a Hungr\u00eda cuando era peque\u00f1a.<\/p>\n<p>Judit est\u00e1 prepar\u00e1ndose para participar en un concurso de dibujo cuando, inesperadamente, el ajedrez se cruza en su camino y comienza a a? cionarse. Judit jugar\u00e1 muchas partidas, pero una de ellas le cambiar\u00e1 la vida. La disputar\u00e1 contra Mr. Aliyat, un extra\u00f1o maestro del ajedrez, nacido en Ir\u00e1n, que se comunica a trav\u00e9s de enigm\u00e1ticas notas.<\/p>\n<p>Sin embargo, cuando Mr. Aliyat es detenido en plena ola de terrorismo integrista, la partida de ajedrez de Judit llegar\u00e1 a cambiar las reglas del juego.<\/p>\n","protected":false},"excerpt":{"rendered":"<p>RUIZ GARZ\u00d3N, RICARD<\/p>\n","protected":false},"featured_media":214968,"template":"","meta":{"_acf_changed":false,"om_disable_all_campaigns":false,"rs_blank_template":"","rs_page_bg_color":"","slide_template_v7":"","inline_featured_image":false,"_monsterinsights_skip_tracking":false,"_monsterinsights_sitenote_active":false,"_monsterinsights_sitenote_note":"","_monsterinsights_sitenote_category":0},"product_brand":[],"product_cat":[86,352],"product_tag":[],"class_list":{"0":"post-214967","1":"product","2":"type-product","3":"status-publish","4":"has-post-thumbnail","6":"product_cat-infantil","7":"product_cat-infantil-3_infantil-juvenil-spa","9":"first","10":"instock","11":"taxable","12":"shipping-taxable","13":"purchasable","14":"product-type-simple"},"acf":{"autor":"RUIZ GARZ\u00d3N, RICARD","codart":"846833273","libros-coleccion":"SUSHI BOOKS","ediciones":"1","encuadernacion":"Carpeta","fecha_de_publicacion":"01\/03\/2017","novedad":"1","paginas":"0","subtitulo":"","orden":"0","portada":"0","idioma":"spa","editorial":[{"ID":6193,"post_author":"3","post_date":"2022-07-28 17:46:53","post_date_gmt":"2022-07-28 15:46:53","post_content":"","post_title":"EDEBE GUADIEL","post_excerpt":"","post_status":"publish","comment_status":"closed","ping_status":"closed","post_password":"","post_name":"edebe-guadiel","to_ping":"","pinged":"","post_modified":"2022-07-28 17:46:53","post_modified_gmt":"2022-07-28 15:46:53","post_content_filtered":"","post_parent":0,"guid":"http:\/\/dev.claret.cat\/editorial\/edebe-guadiel\/","menu_order":0,"post_type":"editorial","post_mime_type":"","comment_count":"0","filter":"raw"}],"autores-libros":[{"ID":168032,"post_author":"3","post_date":"2022-10-14 18:15:58","post_date_gmt":"2022-10-14 16:15:58","post_content":"","post_title":"RICARD RUIZ GARZON","post_excerpt":"","post_status":"publish","comment_status":"closed","ping_status":"closed","post_password":"","post_name":"ricard-ruiz-garzon","to_ping":"","pinged":"","post_modified":"2022-10-14 18:15:58","post_modified_gmt":"2022-10-14 16:15:58","post_content_filtered":"","post_parent":0,"guid":"http:\/\/dev.claret.cat\/autor\/ricard-ruiz-garzon\/","menu_order":0,"post_type":"autor","post_mime_type":"","comment_count":"0","filter":"raw"}]},"aioseo_notices":[],"_links":{"self":[{"href":"https:\/\/www.claret.cat\/es\/wp-json\/wp\/v2\/product\/214967","targetHints":{"allow":["GET"]}}],"collection":[{"href":"https:\/\/www.claret.cat\/es\/wp-json\/wp\/v2\/product"}],"about":[{"href":"https:\/\/www.claret.cat\/es\/wp-json\/wp\/v2\/types\/product"}],"wp:featuredmedia":[{"embeddable":true,"href":"https:\/\/www.claret.cat\/es\/wp-json\/wp\/v2\/media\/214968"}],"wp:attachment":[{"href":"https:\/\/www.claret.cat\/es\/wp-json\/wp\/v2\/media?parent=214967"}],"wp:term":[{"taxonomy":"product_brand","embeddable":true,"href":"https:\/\/www.claret.cat\/es\/wp-json\/wp\/v2\/product_brand?post=214967"},{"taxonomy":"product_cat","embeddable":true,"href":"https:\/\/www.claret.cat\/es\/wp-json\/wp\/v2\/product_cat?post=214967"},{"taxonomy":"product_tag","embeddable":true,"href":"https:\/\/www.claret.cat\/es\/wp-json\/wp\/v2\/product_tag?post=214967"}],"curies":[{"name":"wp","href":"https:\/\/api.w.org\/{rel}","templated":true}]}}