{"id":214976,"date":"2022-10-20T13:31:14","date_gmt":"2022-10-20T11:31:14","guid":{"rendered":"http:\/\/dev.claret.cat\/producte\/clasicos-juveniles-historias-extraordinarias-de-poe\/"},"modified":"2024-02-08T13:22:44","modified_gmt":"2024-02-08T12:22:44","slug":"clasicos-juveniles-historias-extraordinarias-de-poe-9788468333083","status":"publish","type":"product","link":"https:\/\/www.claret.cat\/es\/libro\/clasicos-juveniles-historias-extraordinarias-de-poe-9788468333083\/","title":{"rendered":"CL\u00c1SICOS JUVENILES: HISTORIAS EXTRAORDINARIAS DE POE"},"content":{"rendered":"<p>El mundo descrito por Edgar Allan Poe en estas historias extraordinarias es fr\u00edo, silencioso, maldito, intenso, est\u00e9ril. El terror se convierte en una presi\u00f3n psicol\u00f3gica interna m\u00e1s que en una lucha contra fuerzas sobrenaturales. En los cuentos de Poe, el paso de la cordura a la locura parece algo l\u00f3gico, medido por una simple cuesti\u00f3n de grado.<\/p>\n","protected":false},"excerpt":{"rendered":"<p>EDGAR ALLAN POE EDEB\u00c9 (OBRA COLECTIVA)<\/p>\n","protected":false},"featured_media":214977,"template":"","meta":{"_acf_changed":false,"om_disable_all_campaigns":false,"rs_blank_template":"","rs_page_bg_color":"","slide_template_v7":"","inline_featured_image":false,"_monsterinsights_skip_tracking":false,"_monsterinsights_sitenote_active":false,"_monsterinsights_sitenote_note":"","_monsterinsights_sitenote_category":0},"product_brand":[],"product_cat":[86,352],"product_tag":[],"class_list":{"0":"post-214976","1":"product","2":"type-product","3":"status-publish","4":"has-post-thumbnail","6":"product_cat-infantil","7":"product_cat-infantil-3_infantil-juvenil-spa","9":"first","10":"instock","11":"taxable","12":"shipping-taxable","13":"purchasable","14":"product-type-simple"},"acf":{"autor":"EDGAR ALLAN POE EDEB\u00c9 (OBRA COLECTIVA)","codart":"846833308","libros-coleccion":"FORA DE COL.LECCI\u00d3","ediciones":"1","encuadernacion":"R\u00fastica","fecha_de_publicacion":"01\/03\/2017","novedad":"1","paginas":"149","subtitulo":"","orden":"0","portada":"0","idioma":"spa","editorial":[{"ID":6193,"post_author":"3","post_date":"2022-07-28 17:46:53","post_date_gmt":"2022-07-28 15:46:53","post_content":"","post_title":"EDEBE GUADIEL","post_excerpt":"","post_status":"publish","comment_status":"closed","ping_status":"closed","post_password":"","post_name":"edebe-guadiel","to_ping":"","pinged":"","post_modified":"2022-07-28 17:46:53","post_modified_gmt":"2022-07-28 15:46:53","post_content_filtered":"","post_parent":0,"guid":"http:\/\/dev.claret.cat\/editorial\/edebe-guadiel\/","menu_order":0,"post_type":"editorial","post_mime_type":"","comment_count":"0","filter":"raw"}],"autores-libros":[{"ID":422024,"post_author":"3","post_date":"2023-05-16 07:10:23","post_date_gmt":"2023-05-16 05:10:23","post_content":"","post_title":"EDGAR ALLAN POE EDEB\u00c9 (OBRA COLECTIVA)","post_excerpt":"","post_status":"publish","comment_status":"closed","ping_status":"closed","post_password":"","post_name":"edgar-allan-poe-edebe-obra-colectiva","to_ping":"","pinged":"","post_modified":"2023-05-16 07:10:23","post_modified_gmt":"2023-05-16 05:10:23","post_content_filtered":"","post_parent":0,"guid":"https:\/\/www.claret.cat\/autor\/edgar-allan-poe-edebe-obra-colectiva\/","menu_order":0,"post_type":"autor","post_mime_type":"","comment_count":"0","filter":"raw"}]},"aioseo_notices":[],"_links":{"self":[{"href":"https:\/\/www.claret.cat\/es\/wp-json\/wp\/v2\/product\/214976","targetHints":{"allow":["GET"]}}],"collection":[{"href":"https:\/\/www.claret.cat\/es\/wp-json\/wp\/v2\/product"}],"about":[{"href":"https:\/\/www.claret.cat\/es\/wp-json\/wp\/v2\/types\/product"}],"wp:featuredmedia":[{"embeddable":true,"href":"https:\/\/www.claret.cat\/es\/wp-json\/wp\/v2\/media\/214977"}],"wp:attachment":[{"href":"https:\/\/www.claret.cat\/es\/wp-json\/wp\/v2\/media?parent=214976"}],"wp:term":[{"taxonomy":"product_brand","embeddable":true,"href":"https:\/\/www.claret.cat\/es\/wp-json\/wp\/v2\/product_brand?post=214976"},{"taxonomy":"product_cat","embeddable":true,"href":"https:\/\/www.claret.cat\/es\/wp-json\/wp\/v2\/product_cat?post=214976"},{"taxonomy":"product_tag","embeddable":true,"href":"https:\/\/www.claret.cat\/es\/wp-json\/wp\/v2\/product_tag?post=214976"}],"curies":[{"name":"wp","href":"https:\/\/api.w.org\/{rel}","templated":true}]}}